{"id":24659,"date":"2025-03-26T14:28:03","date_gmt":"2025-03-26T13:28:03","guid":{"rendered":"https:\/\/mystikus.dsignpoint.com\/producto\/piramide-de-orgonite-com-pedras-de-ametista-e-flor-de-lotus\/"},"modified":"2025-03-26T14:28:03","modified_gmt":"2025-03-26T13:28:03","slug":"piramide-de-orgonite-com-pedras-de-ametista-e-flor-de-lotus","status":"publish","type":"product","link":"https:\/\/mystikus.dsignpoint.com\/pt-pt\/producto\/piramide-de-orgonite-com-pedras-de-ametista-e-flor-de-lotus\/","title":{"rendered":"Pir\u00e2mide de orgonite com pedras de ametista e flor de l\u00f3tus"},"content":{"rendered":"<p class=\"\" data-start=\"1042\" data-end=\"1171\">Pir\u00e2mide de orgonite com pedras de ametista e flor de l\u00f3tus<\/p>\n<p data-start=\"1042\" data-end=\"1171\">Medida 5x5x5cm<\/p>\n<p class=\"\" data-start=\"1042\" data-end=\"1171\">Leve-a consigo ou coloque-a na sua casa ou espa\u00e7o de trabalho para elevar a vibra\u00e7\u00e3o do ambiente e conectar-se com o seu ser interior.<\/p>\n<p class=\"\" data-start=\"215\" data-end=\"627\">Descubra o poder da energia positiva com esta bela pir\u00e2mide de orgonite, elaborada artesanalmente com pedras de ametista e adornada com uma delicada flor de l\u00f3tus. A ametista \u00e9 conhecida pelas suas propriedades de prote\u00e7\u00e3o espiritual, equil\u00edbrio emocional e limpeza energ\u00e9tica. A flor de l\u00f3tus, s\u00edmbolo de pureza, renascimento e conex\u00e3o espiritual, proporciona uma energia suave e elevada a qualquer espa\u00e7o.  <\/p>\n<p class=\"\" data-start=\"629\" data-end=\"804\">Ideal para medita\u00e7\u00e3o, decora\u00e7\u00e3o ou como ferramenta energ\u00e9tica, esta pir\u00e2mide ajuda a neutralizar as energias negativas, promovendo um ambiente de paz, harmonia e bem-estar.<\/p>\n<p class=\"\" data-start=\"806\" data-end=\"835\">\u2728 <strong data-start=\"808\" data-end=\"835\">Principais benef\u00edcios:<\/strong><\/p>\n<ul data-start=\"836\" data-end=\"1040\">\n<li class=\"\" data-start=\"836\" data-end=\"882\">\n<p class=\"\" data-start=\"838\" data-end=\"882\">Transforma a energia negativa em positiva<\/p>\n<\/li>\n<li class=\"\" data-start=\"883\" data-end=\"930\">\n<p class=\"\" data-start=\"885\" data-end=\"930\">Favorece a calma mental e a concentra\u00e7\u00e3o<\/p>\n<\/li>\n<li class=\"\" data-start=\"931\" data-end=\"976\">\n<p class=\"\" data-start=\"933\" data-end=\"976\">Estimula a intui\u00e7\u00e3o e a espiritualidade<\/p>\n<\/li>\n<li class=\"\" data-start=\"977\" data-end=\"1040\">\n<p class=\"\" data-start=\"979\" data-end=\"1040\">Embeleza qualquer espa\u00e7o com o seu design \u00fanico e simb\u00f3lico<\/p>\n<\/li>\n<\/ul>\n<p class=\"\" data-start=\"1042\" data-end=\"1171\">Leve-a consigo ou coloque-a na sua casa ou espa\u00e7o de trabalho para elevar a vibra\u00e7\u00e3o do ambiente e conectar-se com o seu ser interior.<\/p>\n<p class=\"\" data-start=\"1042\" data-end=\"1171\">\n","protected":false},"excerpt":{"rendered":"<p class=\"\" data-start=\"1042\" data-end=\"1171\">Pir\u00e2mide de orgonite com pedras de ametista e flor de l\u00f3tus<\/p>\n<p data-start=\"1042\" data-end=\"1171\">Medida 5x5x5cm<\/p>\n","protected":false},"featured_media":24661,"comment_status":"closed","ping_status":"closed","template":"","meta":[],"product_brand":[],"product_cat":[126,177],"product_tag":[],"class_list":{"0":"post-24659","1":"product","2":"type-product","3":"status-publish","4":"has-post-thumbnail","6":"product_cat-jardim-encantado","7":"product_cat-piramides-orgonite","9":"first","10":"outofstock","11":"shipping-taxable","12":"purchasable","13":"product-type-simple"},"_links":{"self":[{"href":"https:\/\/mystikus.dsignpoint.com\/pt-pt\/wp-json\/wp\/v2\/product\/24659","targetHints":{"allow":["GET"]}}],"collection":[{"href":"https:\/\/mystikus.dsignpoint.com\/pt-pt\/wp-json\/wp\/v2\/product"}],"about":[{"href":"https:\/\/mystikus.dsignpoint.com\/pt-pt\/wp-json\/wp\/v2\/types\/product"}],"replies":[{"embeddable":true,"href":"https:\/\/mystikus.dsignpoint.com\/pt-pt\/wp-json\/wp\/v2\/comments?post=24659"}],"wp:featuredmedia":[{"embeddable":true,"href":"https:\/\/mystikus.dsignpoint.com\/pt-pt\/wp-json\/wp\/v2\/media\/24661"}],"wp:attachment":[{"href":"https:\/\/mystikus.dsignpoint.com\/pt-pt\/wp-json\/wp\/v2\/media?parent=24659"}],"wp:term":[{"taxonomy":"product_brand","embeddable":true,"href":"https:\/\/mystikus.dsignpoint.com\/pt-pt\/wp-json\/wp\/v2\/product_brand?post=24659"},{"taxonomy":"product_cat","embeddable":true,"href":"https:\/\/mystikus.dsignpoint.com\/pt-pt\/wp-json\/wp\/v2\/product_cat?post=24659"},{"taxonomy":"product_tag","embeddable":true,"href":"https:\/\/mystikus.dsignpoint.com\/pt-pt\/wp-json\/wp\/v2\/product_tag?post=24659"}],"curies":[{"name":"wp","href":"https:\/\/api.w.org\/{rel}","templated":true}]}}