{"id":24668,"date":"2025-03-26T15:37:45","date_gmt":"2025-03-26T14:37:45","guid":{"rendered":"https:\/\/mystikus.dsignpoint.com\/producto\/piramide-de-orgonite-com-quartzo-cristal-e-flor-de-lotus\/"},"modified":"2025-03-26T15:37:45","modified_gmt":"2025-03-26T14:37:45","slug":"piramide-de-orgonite-com-quartzo-cristal-e-flor-de-lotus","status":"publish","type":"product","link":"https:\/\/mystikus.dsignpoint.com\/pt-pt\/producto\/piramide-de-orgonite-com-quartzo-cristal-e-flor-de-lotus\/","title":{"rendered":"Pir\u00e2mide de Orgonite com Quartzo Cristal e Flor de L\u00f3tus"},"content":{"rendered":"<p class=\"\" data-start=\"125\" data-end=\"213\"><strong data-start=\"125\" data-end=\"213\">Pir\u00e2mide de Orgonite com Quartzo Cristal e Flor de L\u00f3tus \u2013 Clareza, Energia e Harmonia<\/strong><\/p>\n<p data-start=\"125\" data-end=\"213\">Medidas 5x5x5cm<\/p>\n<p class=\"\" data-start=\"215\" data-end=\"641\">Descobre a energia pura e elevada desta pir\u00e2mide de orgonite, elaborada artesanalmente com <strong data-start=\"309\" data-end=\"327\">quartzo cristal<\/strong> e adornada com uma delicada <strong data-start=\"356\" data-end=\"372\">flor de l\u00f3tus<\/strong>. O quartzo cristal \u00e9 uma das pedras mais poderosas para amplificar a energia, equilibrar os chakras e favorecer a clareza mental. A flor de l\u00f3tus, s\u00edmbolo de evolu\u00e7\u00e3o espiritual e pureza interior, complementa esta pe\u00e7a com uma vibra\u00e7\u00e3o suave e harmonizadora.  <\/p>\n<p class=\"\" data-start=\"643\" data-end=\"799\">Ideal para medita\u00e7\u00e3o, limpeza energ\u00e9tica ou decora\u00e7\u00e3o consciente, esta pir\u00e2mide ajuda a elevar a frequ\u00eancia do ambiente e a conectar com a luz interior.<\/p>\n<p class=\"\" data-start=\"801\" data-end=\"830\">\u2728 <strong data-start=\"803\" data-end=\"830\">Principais benef\u00edcios:<\/strong><\/p>\n<ul data-start=\"832\" data-end=\"1057\">\n<li class=\"\" data-start=\"832\" data-end=\"885\">\n<p class=\"\" data-start=\"834\" data-end=\"885\">Potencia a energia positiva e a clareza mental<\/p>\n<\/li>\n<li class=\"\" data-start=\"886\" data-end=\"933\">\n<p class=\"\" data-start=\"888\" data-end=\"933\">Ajuda a equilibrar e harmonizar os espa\u00e7os<\/p>\n<\/li>\n<li class=\"\" data-start=\"934\" data-end=\"998\">\n<p class=\"\" data-start=\"936\" data-end=\"998\">Favorece a medita\u00e7\u00e3o, a intui\u00e7\u00e3o e o foco espiritual<\/p>\n<\/li>\n<li class=\"\" data-start=\"999\" data-end=\"1057\">\n<p class=\"\" data-start=\"1001\" data-end=\"1057\">Embeleza com o seu design simb\u00f3lico e cheio de inten\u00e7\u00e3o<\/p>\n<\/li>\n<\/ul>\n<p class=\"\" data-start=\"1059\" data-end=\"1182\">Coloca-a no teu altar, secret\u00e1ria ou espa\u00e7o pessoal para potenciar a energia do lugar e conectar com a tua ess\u00eancia mais pura.<\/p>\n","protected":false},"excerpt":{"rendered":"<p class=\"\" data-start=\"125\" data-end=\"213\"><strong data-start=\"125\" data-end=\"213\">Pir\u00e2mide de Orgonite com Quartzo Cristal e Flor de L\u00f3tus \u2013 Clareza, Energia e Harmonia<\/strong><\/p>\n<p data-start=\"125\" data-end=\"213\">Medidas 5x5x5cm<\/p>\n","protected":false},"featured_media":24670,"comment_status":"closed","ping_status":"closed","template":"","meta":[],"product_brand":[],"product_cat":[126,177],"product_tag":[],"class_list":{"0":"post-24668","1":"product","2":"type-product","3":"status-publish","4":"has-post-thumbnail","6":"product_cat-jardim-encantado","7":"product_cat-piramides-orgonite","9":"first","10":"outofstock","11":"shipping-taxable","12":"purchasable","13":"product-type-simple"},"_links":{"self":[{"href":"https:\/\/mystikus.dsignpoint.com\/pt-pt\/wp-json\/wp\/v2\/product\/24668","targetHints":{"allow":["GET"]}}],"collection":[{"href":"https:\/\/mystikus.dsignpoint.com\/pt-pt\/wp-json\/wp\/v2\/product"}],"about":[{"href":"https:\/\/mystikus.dsignpoint.com\/pt-pt\/wp-json\/wp\/v2\/types\/product"}],"replies":[{"embeddable":true,"href":"https:\/\/mystikus.dsignpoint.com\/pt-pt\/wp-json\/wp\/v2\/comments?post=24668"}],"wp:featuredmedia":[{"embeddable":true,"href":"https:\/\/mystikus.dsignpoint.com\/pt-pt\/wp-json\/wp\/v2\/media\/24670"}],"wp:attachment":[{"href":"https:\/\/mystikus.dsignpoint.com\/pt-pt\/wp-json\/wp\/v2\/media?parent=24668"}],"wp:term":[{"taxonomy":"product_brand","embeddable":true,"href":"https:\/\/mystikus.dsignpoint.com\/pt-pt\/wp-json\/wp\/v2\/product_brand?post=24668"},{"taxonomy":"product_cat","embeddable":true,"href":"https:\/\/mystikus.dsignpoint.com\/pt-pt\/wp-json\/wp\/v2\/product_cat?post=24668"},{"taxonomy":"product_tag","embeddable":true,"href":"https:\/\/mystikus.dsignpoint.com\/pt-pt\/wp-json\/wp\/v2\/product_tag?post=24668"}],"curies":[{"name":"wp","href":"https:\/\/api.w.org\/{rel}","templated":true}]}}