{"id":24691,"date":"2025-03-26T18:06:35","date_gmt":"2025-03-26T17:06:35","guid":{"rendered":"https:\/\/mystikus.dsignpoint.com\/producto\/pendulo-de-ametista\/"},"modified":"2025-03-26T18:06:35","modified_gmt":"2025-03-26T17:06:35","slug":"pendulo-de-ametista","status":"publish","type":"product","link":"https:\/\/mystikus.dsignpoint.com\/pt-pt\/producto\/pendulo-de-ametista\/","title":{"rendered":"P\u00eandulo de ametista"},"content":{"rendered":"<p class=\"\" data-start=\"133\" data-end=\"202\"><strong data-start=\"133\" data-end=\"202\">P\u00eandulo de Ametista \u2013 Intui\u00e7\u00e3o, Clareza e Prote\u00e7\u00e3o Energ\u00e9tica<\/strong><\/p>\n<p class=\"\" data-start=\"204\" data-end=\"600\">O p\u00eandulo de ametista \u00e9 uma poderosa ferramenta de conex\u00e3o interior, ideal para pr\u00e1ticas de radiestesia, medita\u00e7\u00e3o e cura energ\u00e9tica. A <strong data-start=\"351\" data-end=\"363\">ametista<\/strong>, conhecida pelas suas propriedades espirituais, promove a calma mental, a intui\u00e7\u00e3o e a prote\u00e7\u00e3o energ\u00e9tica, tornando este p\u00eandulo num aliado perfeito para quem procura respostas do cora\u00e7\u00e3o e clareza nas suas decis\u00f5es. <\/p>\n<p class=\"\" data-start=\"602\" data-end=\"846\">Gra\u00e7as \u00e0 sua alta vibra\u00e7\u00e3o, este p\u00eandulo ajuda a equilibrar os chakras, detetar bloqueios energ\u00e9ticos e conectar com a sabedoria interior. A sua energia suave, mas profunda, torna-o ideal tanto para principiantes como para terapeutas hol\u00edsticos. <\/p>\n<p class=\"\" data-start=\"848\" data-end=\"889\">\u2728 <strong data-start=\"850\" data-end=\"889\">Benef\u00edcios do p\u00eandulo de ametista:<\/strong><\/p>\n<ul data-start=\"890\" data-end=\"1134\">\n<li class=\"\" data-start=\"890\" data-end=\"953\">\n<p class=\"\" data-start=\"892\" data-end=\"953\">Facilita a conex\u00e3o com a intui\u00e7\u00e3o e o plano espiritual<\/p>\n<\/li>\n<li class=\"\" data-start=\"954\" data-end=\"1024\">\n<p class=\"\" data-start=\"956\" data-end=\"1024\">Ajuda na tomada de decis\u00f5es a partir de um estado de calma e clareza<\/p>\n<\/li>\n<li class=\"\" data-start=\"1025\" data-end=\"1071\">\n<p class=\"\" data-start=\"1027\" data-end=\"1071\">Protege contra energias densas ou negativas<\/p>\n<\/li>\n<li class=\"\" data-start=\"1072\" data-end=\"1134\">\n<p class=\"\" data-start=\"1074\" data-end=\"1134\">Excelente para harmoniza\u00e7\u00e3o energ\u00e9tica e medita\u00e7\u00e3o guiada<\/p>\n<\/li>\n<\/ul>\n<p class=\"\" data-start=\"1136\" data-end=\"1314\">Utiliza-o em sess\u00f5es pessoais, consultas energ\u00e9ticas ou simplesmente como ferramenta de autoconhecimento. Cada pe\u00e7a \u00e9 \u00fanica, com a beleza natural e vibrante da ametista. <\/p>\n","protected":false},"excerpt":{"rendered":"<p>P\u00eandulo de Ametista \u2013 Intui\u00e7\u00e3o, Clareza e Prote\u00e7\u00e3o Energ\u00e9tica O p\u00eandulo de ametista \u00e9 uma poderosa ferramenta de conex\u00e3o interior, ideal para pr\u00e1ticas de radiestesia, medita\u00e7\u00e3o e cura energ\u00e9tica. A ametista, conhecida pelas suas propriedades espirituais, promove a calma mental, a intui\u00e7\u00e3o e a prote\u00e7\u00e3o energ\u00e9tica, tornando este p\u00eandulo num aliado perfeito para quem procura [&hellip;]<\/p>\n","protected":false},"featured_media":783,"comment_status":"closed","ping_status":"closed","template":"","meta":[],"product_brand":[],"product_cat":[178,180],"product_tag":[],"class_list":{"0":"post-24691","1":"product","2":"type-product","3":"status-publish","4":"has-post-thumbnail","6":"product_cat-adivinhacao","7":"product_cat-pendulos","9":"first","10":"instock","11":"shipping-taxable","12":"purchasable","13":"product-type-simple"},"_links":{"self":[{"href":"https:\/\/mystikus.dsignpoint.com\/pt-pt\/wp-json\/wp\/v2\/product\/24691","targetHints":{"allow":["GET"]}}],"collection":[{"href":"https:\/\/mystikus.dsignpoint.com\/pt-pt\/wp-json\/wp\/v2\/product"}],"about":[{"href":"https:\/\/mystikus.dsignpoint.com\/pt-pt\/wp-json\/wp\/v2\/types\/product"}],"replies":[{"embeddable":true,"href":"https:\/\/mystikus.dsignpoint.com\/pt-pt\/wp-json\/wp\/v2\/comments?post=24691"}],"wp:featuredmedia":[{"embeddable":true,"href":"https:\/\/mystikus.dsignpoint.com\/pt-pt\/wp-json\/wp\/v2\/media\/783"}],"wp:attachment":[{"href":"https:\/\/mystikus.dsignpoint.com\/pt-pt\/wp-json\/wp\/v2\/media?parent=24691"}],"wp:term":[{"taxonomy":"product_brand","embeddable":true,"href":"https:\/\/mystikus.dsignpoint.com\/pt-pt\/wp-json\/wp\/v2\/product_brand?post=24691"},{"taxonomy":"product_cat","embeddable":true,"href":"https:\/\/mystikus.dsignpoint.com\/pt-pt\/wp-json\/wp\/v2\/product_cat?post=24691"},{"taxonomy":"product_tag","embeddable":true,"href":"https:\/\/mystikus.dsignpoint.com\/pt-pt\/wp-json\/wp\/v2\/product_tag?post=24691"}],"curies":[{"name":"wp","href":"https:\/\/api.w.org\/{rel}","templated":true}]}}