{"id":24800,"date":"2025-05-08T17:59:16","date_gmt":"2025-05-08T15:59:16","guid":{"rendered":"https:\/\/mystikus.dsignpoint.com\/producto\/vela-ritualizada-contra-a-inveja\/"},"modified":"2025-05-08T17:59:16","modified_gmt":"2025-05-08T15:59:16","slug":"vela-ritualizada-contra-a-inveja","status":"publish","type":"product","link":"https:\/\/mystikus.dsignpoint.com\/pt-pt\/producto\/vela-ritualizada-contra-a-inveja\/","title":{"rendered":"Vela Ritualizada Contra a Inveja"},"content":{"rendered":"<p><strong>Prote\u00e7\u00e3o Contra a Inveja e o Mau-Olhado<\/strong><\/p>\n<p>Cont\u00e9m uma explica\u00e7\u00e3o detalhada \u2013 Ingredientes in\u00e9ditos, segundo as f\u00f3rmulas dos grandes magos.<\/p>\n<p>Acenda esta vela ritualizada e ative a energia que transforma, deixe que a magia siga o seu caminho<\/p>\n<p>As explica\u00e7\u00f5es podem ser solicitadas em qualquer idioma.<\/p>\n","protected":false},"excerpt":{"rendered":"<p><strong>Prote\u00e7\u00e3o Contra a Inveja e o Mau-Olhado<\/strong><\/p>\n<p>Cont\u00e9m uma explica\u00e7\u00e3o detalhada \u2013 Ingredientes in\u00e9ditos, segundo as f\u00f3rmulas dos grandes magos.<\/p>\n<p>Acenda esta vela ritualizada e ative a energia que transforma, deixe que a magia siga o seu caminho<\/p>\n<p>As explica\u00e7\u00f5es podem ser solicitadas em qualquer idioma.<\/p>\n","protected":false},"featured_media":534,"comment_status":"closed","ping_status":"closed","template":"","meta":[],"product_brand":[],"product_cat":[135,148,188,189],"product_tag":[],"class_list":{"0":"post-24800","1":"product","2":"type-product","3":"status-publish","4":"has-post-thumbnail","6":"product_cat-esotericos","7":"product_cat-mystikus-collection","8":"product_cat-vela-ritualizada","9":"product_cat-velas-ritualizadas","11":"first","12":"instock","13":"sale","14":"shipping-taxable","15":"purchasable","16":"product-type-simple"},"_links":{"self":[{"href":"https:\/\/mystikus.dsignpoint.com\/pt-pt\/wp-json\/wp\/v2\/product\/24800","targetHints":{"allow":["GET"]}}],"collection":[{"href":"https:\/\/mystikus.dsignpoint.com\/pt-pt\/wp-json\/wp\/v2\/product"}],"about":[{"href":"https:\/\/mystikus.dsignpoint.com\/pt-pt\/wp-json\/wp\/v2\/types\/product"}],"replies":[{"embeddable":true,"href":"https:\/\/mystikus.dsignpoint.com\/pt-pt\/wp-json\/wp\/v2\/comments?post=24800"}],"wp:featuredmedia":[{"embeddable":true,"href":"https:\/\/mystikus.dsignpoint.com\/pt-pt\/wp-json\/wp\/v2\/media\/534"}],"wp:attachment":[{"href":"https:\/\/mystikus.dsignpoint.com\/pt-pt\/wp-json\/wp\/v2\/media?parent=24800"}],"wp:term":[{"taxonomy":"product_brand","embeddable":true,"href":"https:\/\/mystikus.dsignpoint.com\/pt-pt\/wp-json\/wp\/v2\/product_brand?post=24800"},{"taxonomy":"product_cat","embeddable":true,"href":"https:\/\/mystikus.dsignpoint.com\/pt-pt\/wp-json\/wp\/v2\/product_cat?post=24800"},{"taxonomy":"product_tag","embeddable":true,"href":"https:\/\/mystikus.dsignpoint.com\/pt-pt\/wp-json\/wp\/v2\/product_tag?post=24800"}],"curies":[{"name":"wp","href":"https:\/\/api.w.org\/{rel}","templated":true}]}}