{"id":24855,"date":"2025-05-08T18:21:36","date_gmt":"2025-05-08T16:21:36","guid":{"rendered":"https:\/\/mystikus.dsignpoint.com\/producto\/vela-ritualizada-anjo-da-guarda\/"},"modified":"2025-05-08T18:21:36","modified_gmt":"2025-05-08T16:21:36","slug":"vela-ritualizada-anjo-da-guarda","status":"publish","type":"product","link":"https:\/\/mystikus.dsignpoint.com\/pt-pt\/producto\/vela-ritualizada-anjo-da-guarda\/","title":{"rendered":"Vela Ritualizada Anjo da Guarda"},"content":{"rendered":"<p><strong>Prote\u00e7\u00e3o<\/strong><\/p>\n<p>Cont\u00e9m uma explica\u00e7\u00e3o detalhada \u2013 Ingredientes in\u00e9ditos, segundo as f\u00f3rmulas dos grandes magos.<\/p>\n<p>Acenda esta vela ritualizada e ative a energia que transforma, deixe que a magia siga o seu caminho<\/p>\n<p>As explica\u00e7\u00f5es podem ser solicitadas em qualquer idioma.<\/p>\n","protected":false},"excerpt":{"rendered":"<p><strong>Prote\u00e7\u00e3o<\/strong><\/p>\n<p>Cont\u00e9m uma explica\u00e7\u00e3o detalhada \u2013 Ingredientes in\u00e9ditos, segundo as f\u00f3rmulas dos grandes magos.<\/p>\n<p>Acenda esta vela ritualizada e ative a energia que transforma, deixe que a magia siga o seu caminho<\/p>\n<p>As explica\u00e7\u00f5es podem ser solicitadas em qualquer idioma.<\/p>\n","protected":false},"featured_media":541,"comment_status":"closed","ping_status":"closed","template":"","meta":[],"product_brand":[],"product_cat":[135,148,188,189],"product_tag":[],"class_list":{"0":"post-24855","1":"product","2":"type-product","3":"status-publish","4":"has-post-thumbnail","6":"product_cat-esotericos","7":"product_cat-mystikus-collection","8":"product_cat-vela-ritualizada","9":"product_cat-velas-ritualizadas","11":"first","12":"instock","13":"shipping-taxable","14":"purchasable","15":"product-type-simple"},"_links":{"self":[{"href":"https:\/\/mystikus.dsignpoint.com\/pt-pt\/wp-json\/wp\/v2\/product\/24855","targetHints":{"allow":["GET"]}}],"collection":[{"href":"https:\/\/mystikus.dsignpoint.com\/pt-pt\/wp-json\/wp\/v2\/product"}],"about":[{"href":"https:\/\/mystikus.dsignpoint.com\/pt-pt\/wp-json\/wp\/v2\/types\/product"}],"replies":[{"embeddable":true,"href":"https:\/\/mystikus.dsignpoint.com\/pt-pt\/wp-json\/wp\/v2\/comments?post=24855"}],"wp:featuredmedia":[{"embeddable":true,"href":"https:\/\/mystikus.dsignpoint.com\/pt-pt\/wp-json\/wp\/v2\/media\/541"}],"wp:attachment":[{"href":"https:\/\/mystikus.dsignpoint.com\/pt-pt\/wp-json\/wp\/v2\/media?parent=24855"}],"wp:term":[{"taxonomy":"product_brand","embeddable":true,"href":"https:\/\/mystikus.dsignpoint.com\/pt-pt\/wp-json\/wp\/v2\/product_brand?post=24855"},{"taxonomy":"product_cat","embeddable":true,"href":"https:\/\/mystikus.dsignpoint.com\/pt-pt\/wp-json\/wp\/v2\/product_cat?post=24855"},{"taxonomy":"product_tag","embeddable":true,"href":"https:\/\/mystikus.dsignpoint.com\/pt-pt\/wp-json\/wp\/v2\/product_tag?post=24855"}],"curies":[{"name":"wp","href":"https:\/\/api.w.org\/{rel}","templated":true}]}}