{"id":24907,"date":"2025-05-12T16:44:47","date_gmt":"2025-05-12T14:44:47","guid":{"rendered":"https:\/\/mystikus.dsignpoint.com\/producto\/vela-do-guardiao-atrair-a-sorte\/"},"modified":"2025-05-12T16:44:47","modified_gmt":"2025-05-12T14:44:47","slug":"vela-do-guardiao-atrair-a-sorte","status":"publish","type":"product","link":"https:\/\/mystikus.dsignpoint.com\/pt-pt\/producto\/vela-do-guardiao-atrair-a-sorte\/","title":{"rendered":"Vela Do Guardi\u00e3o Atrair a Sorte"},"content":{"rendered":"<p><strong>Vela Do Guardi\u00e3o Atrair a Sorte<\/strong><\/p>\n<p>Cont\u00e9m vela com talism\u00e3, incenso e \u00f3leo<\/p>\n<p>Explica\u00e7\u00e3o e instru\u00e7\u00f5es de uso<\/p>\n<p>&nbsp;<\/p>\n","protected":false},"excerpt":{"rendered":"<p>Vela Do Guardi\u00e3o Atrair a Sorte<\/p>\n<p>Cont\u00e9m vela com talism\u00e3, incenso e \u00f3leo<\/p>\n<p>Explica\u00e7\u00e3o e instru\u00e7\u00f5es de uso<\/p>\n<p>&nbsp;<\/p>\n","protected":false},"featured_media":776,"comment_status":"open","ping_status":"closed","template":"","meta":[],"product_brand":[],"product_cat":[135,148,199,200],"product_tag":[],"class_list":{"0":"post-24907","1":"product","2":"type-product","3":"status-publish","4":"has-post-thumbnail","6":"product_cat-esotericos","7":"product_cat-mystikus-collection","8":"product_cat-velas-de-peticao","9":"product_cat-velas-do-guardiao","11":"first","12":"instock","13":"shipping-taxable","14":"purchasable","15":"product-type-simple"},"_links":{"self":[{"href":"https:\/\/mystikus.dsignpoint.com\/pt-pt\/wp-json\/wp\/v2\/product\/24907","targetHints":{"allow":["GET"]}}],"collection":[{"href":"https:\/\/mystikus.dsignpoint.com\/pt-pt\/wp-json\/wp\/v2\/product"}],"about":[{"href":"https:\/\/mystikus.dsignpoint.com\/pt-pt\/wp-json\/wp\/v2\/types\/product"}],"replies":[{"embeddable":true,"href":"https:\/\/mystikus.dsignpoint.com\/pt-pt\/wp-json\/wp\/v2\/comments?post=24907"}],"wp:featuredmedia":[{"embeddable":true,"href":"https:\/\/mystikus.dsignpoint.com\/pt-pt\/wp-json\/wp\/v2\/media\/776"}],"wp:attachment":[{"href":"https:\/\/mystikus.dsignpoint.com\/pt-pt\/wp-json\/wp\/v2\/media?parent=24907"}],"wp:term":[{"taxonomy":"product_brand","embeddable":true,"href":"https:\/\/mystikus.dsignpoint.com\/pt-pt\/wp-json\/wp\/v2\/product_brand?post=24907"},{"taxonomy":"product_cat","embeddable":true,"href":"https:\/\/mystikus.dsignpoint.com\/pt-pt\/wp-json\/wp\/v2\/product_cat?post=24907"},{"taxonomy":"product_tag","embeddable":true,"href":"https:\/\/mystikus.dsignpoint.com\/pt-pt\/wp-json\/wp\/v2\/product_tag?post=24907"}],"curies":[{"name":"wp","href":"https:\/\/api.w.org\/{rel}","templated":true}]}}