{"id":24919,"date":"2025-05-10T12:36:19","date_gmt":"2025-05-10T10:36:19","guid":{"rendered":"https:\/\/mystikus.dsignpoint.com\/producto\/incenso-em-cone-contra-danos\/"},"modified":"2025-05-10T12:36:19","modified_gmt":"2025-05-10T10:36:19","slug":"incenso-em-cone-contra-danos","status":"publish","type":"product","link":"https:\/\/mystikus.dsignpoint.com\/pt-pt\/producto\/incenso-em-cone-contra-danos\/","title":{"rendered":"Incenso em Cone Contra Danos"},"content":{"rendered":"<p><strong>Incenso em Cone Contra Danos<\/strong><\/p>\n<p>O incenso em cone Contra Danos \u00e9 um produto esot\u00e9rico concebido para proteger contra energias negativas, malef\u00edcios e m\u00e1s inten\u00e7\u00f5es provenientes de inimigos vis\u00edveis e invis\u00edveis. Ao ser aceso, o seu fumo purifica o ambiente, criando uma barreira espiritual que repele as m\u00e1s vibra\u00e7\u00f5es e protege a aura pessoal ou o espa\u00e7o onde \u00e9 utilizado. \u00c9 ideal para rituais de prote\u00e7\u00e3o, limpezas espirituais e para manter um ambiente seguro e harmonioso.  <\/p>\n","protected":false},"excerpt":{"rendered":"<p><strong>Incenso em Cone Contra Danos<\/strong><\/p>\n<p>O incenso em cone Contra Danos \u00e9 um produto esot\u00e9rico concebido para proteger contra energias negativas, malef\u00edcios e m\u00e1s inten\u00e7\u00f5es provenientes de inimigos vis\u00edveis e invis\u00edveis. Ao ser aceso, o seu fumo purifica o ambiente, criando uma barreira espiritual que repele as m\u00e1s vibra\u00e7\u00f5es e protege a aura pessoal ou o espa\u00e7o onde \u00e9 utilizado. \u00c9 ideal para rituais de prote\u00e7\u00e3o, limpezas espirituais e para manter um ambiente seguro e harmonioso.  <\/p>\n","protected":false},"featured_media":555,"comment_status":"closed","ping_status":"closed","template":"","meta":[],"product_brand":[],"product_cat":[196,205,114,148],"product_tag":[],"class_list":{"0":"post-24919","1":"product","2":"type-product","3":"status-publish","4":"has-post-thumbnail","6":"product_cat-incensos-de-proposito","8":"product_cat-incensos-e-aromas","9":"product_cat-mystikus-collection","11":"first","12":"instock","13":"shipping-taxable","14":"purchasable","15":"product-type-simple"},"_links":{"self":[{"href":"https:\/\/mystikus.dsignpoint.com\/pt-pt\/wp-json\/wp\/v2\/product\/24919","targetHints":{"allow":["GET"]}}],"collection":[{"href":"https:\/\/mystikus.dsignpoint.com\/pt-pt\/wp-json\/wp\/v2\/product"}],"about":[{"href":"https:\/\/mystikus.dsignpoint.com\/pt-pt\/wp-json\/wp\/v2\/types\/product"}],"replies":[{"embeddable":true,"href":"https:\/\/mystikus.dsignpoint.com\/pt-pt\/wp-json\/wp\/v2\/comments?post=24919"}],"wp:featuredmedia":[{"embeddable":true,"href":"https:\/\/mystikus.dsignpoint.com\/pt-pt\/wp-json\/wp\/v2\/media\/555"}],"wp:attachment":[{"href":"https:\/\/mystikus.dsignpoint.com\/pt-pt\/wp-json\/wp\/v2\/media?parent=24919"}],"wp:term":[{"taxonomy":"product_brand","embeddable":true,"href":"https:\/\/mystikus.dsignpoint.com\/pt-pt\/wp-json\/wp\/v2\/product_brand?post=24919"},{"taxonomy":"product_cat","embeddable":true,"href":"https:\/\/mystikus.dsignpoint.com\/pt-pt\/wp-json\/wp\/v2\/product_cat?post=24919"},{"taxonomy":"product_tag","embeddable":true,"href":"https:\/\/mystikus.dsignpoint.com\/pt-pt\/wp-json\/wp\/v2\/product_tag?post=24919"}],"curies":[{"name":"wp","href":"https:\/\/api.w.org\/{rel}","templated":true}]}}