{"id":24955,"date":"2025-05-10T12:20:55","date_gmt":"2025-05-10T10:20:55","guid":{"rendered":"https:\/\/mystikus.dsignpoint.com\/producto\/incenso-em-cone-astral-7-poderes\/"},"modified":"2025-05-10T12:20:55","modified_gmt":"2025-05-10T10:20:55","slug":"incenso-em-cone-astral-7-poderes","status":"publish","type":"product","link":"https:\/\/mystikus.dsignpoint.com\/pt-pt\/producto\/incenso-em-cone-astral-7-poderes\/","title":{"rendered":"Incenso em Cone Astral 7 Poderes"},"content":{"rendered":"<p><strong>Incenso em Cone Astral 7 Poderes<\/strong><\/p>\n<p>O incenso em cone Astral 7 Poderes \u00e9 uma poderosa ferramenta espiritual que combina sete aromas especialmente selecionados para proporcionar prote\u00e7\u00e3o, ajuda espiritual e equil\u00edbrio energ\u00e9tico. Ao ser aceso, o seu fumo fragrante purifica o ambiente, dissipa energias negativas e atrai b\u00ean\u00e7\u00e3os, promovendo paz, prosperidade e bem-estar. \u00c9 ideal para rituais espirituais, medita\u00e7\u00f5es e para manter uma atmosfera de harmonia no lar ou espa\u00e7o pessoal.  <\/p>\n","protected":false},"excerpt":{"rendered":"<p><strong>Incenso em Cone Astral 7 Poderes<\/strong><\/p>\n<p>O incenso em cone Astral 7 Poderes \u00e9 uma poderosa ferramenta espiritual que combina sete aromas especialmente selecionados para proporcionar prote\u00e7\u00e3o, ajuda espiritual e equil\u00edbrio energ\u00e9tico. Ao ser aceso, o seu fumo fragrante purifica o ambiente, dissipa energias negativas e atrai b\u00ean\u00e7\u00e3os, promovendo paz, prosperidade e bem-estar. \u00c9 ideal para rituais espirituais, medita\u00e7\u00f5es e para manter uma atmosfera de harmonia no lar ou espa\u00e7o pessoal.  <\/p>\n","protected":false},"featured_media":553,"comment_status":"closed","ping_status":"closed","template":"","meta":[],"product_brand":[],"product_cat":[196,205,114,148],"product_tag":[],"class_list":{"0":"post-24955","1":"product","2":"type-product","3":"status-publish","4":"has-post-thumbnail","6":"product_cat-incensos-de-proposito","8":"product_cat-incensos-e-aromas","9":"product_cat-mystikus-collection","11":"first","12":"instock","13":"shipping-taxable","14":"purchasable","15":"product-type-simple"},"_links":{"self":[{"href":"https:\/\/mystikus.dsignpoint.com\/pt-pt\/wp-json\/wp\/v2\/product\/24955","targetHints":{"allow":["GET"]}}],"collection":[{"href":"https:\/\/mystikus.dsignpoint.com\/pt-pt\/wp-json\/wp\/v2\/product"}],"about":[{"href":"https:\/\/mystikus.dsignpoint.com\/pt-pt\/wp-json\/wp\/v2\/types\/product"}],"replies":[{"embeddable":true,"href":"https:\/\/mystikus.dsignpoint.com\/pt-pt\/wp-json\/wp\/v2\/comments?post=24955"}],"wp:featuredmedia":[{"embeddable":true,"href":"https:\/\/mystikus.dsignpoint.com\/pt-pt\/wp-json\/wp\/v2\/media\/553"}],"wp:attachment":[{"href":"https:\/\/mystikus.dsignpoint.com\/pt-pt\/wp-json\/wp\/v2\/media?parent=24955"}],"wp:term":[{"taxonomy":"product_brand","embeddable":true,"href":"https:\/\/mystikus.dsignpoint.com\/pt-pt\/wp-json\/wp\/v2\/product_brand?post=24955"},{"taxonomy":"product_cat","embeddable":true,"href":"https:\/\/mystikus.dsignpoint.com\/pt-pt\/wp-json\/wp\/v2\/product_cat?post=24955"},{"taxonomy":"product_tag","embeddable":true,"href":"https:\/\/mystikus.dsignpoint.com\/pt-pt\/wp-json\/wp\/v2\/product_tag?post=24955"}],"curies":[{"name":"wp","href":"https:\/\/api.w.org\/{rel}","templated":true}]}}