{"id":24973,"date":"2025-05-10T12:43:32","date_gmt":"2025-05-10T10:43:32","guid":{"rendered":"https:\/\/mystikus.dsignpoint.com\/producto\/incenso-em-cone-escudo-protetor\/"},"modified":"2025-05-10T12:43:32","modified_gmt":"2025-05-10T10:43:32","slug":"incenso-em-cone-escudo-protetor","status":"publish","type":"product","link":"https:\/\/mystikus.dsignpoint.com\/pt-pt\/producto\/incenso-em-cone-escudo-protetor\/","title":{"rendered":"Incenso em Cone Escudo Protetor"},"content":{"rendered":"<p><strong>Incenso em Cone Escudo Protetor<\/strong><\/p>\n<p>O incenso em cone Escudo Protetor \u00e9 um produto espiritual concebido para criar uma barreira energ\u00e9tica que protege contra energias negativas, m\u00e1s vibra\u00e7\u00f5es e perigos espirituais. Ao ser aceso, o seu fumo fragrante forma um escudo invis\u00edvel que purifica o ambiente, repele influ\u00eancias nocivas e promove um espa\u00e7o de paz e seguran\u00e7a. \u00c9 ideal para rituais de prote\u00e7\u00e3o, medita\u00e7\u00f5es ou simplesmente para manter um lar ou espa\u00e7o pessoal livre de energias indesejadas.  <\/p>\n","protected":false},"excerpt":{"rendered":"<p><strong>Incenso em Cone Escudo Protetor<\/strong><\/p>\n<p>O incenso em cone Escudo Protetor \u00e9 um produto espiritual concebido para criar uma barreira energ\u00e9tica que protege contra energias negativas, m\u00e1s vibra\u00e7\u00f5es e perigos espirituais. Ao ser aceso, o seu fumo fragrante forma um escudo invis\u00edvel que purifica o ambiente, repele influ\u00eancias nocivas e promove um espa\u00e7o de paz e seguran\u00e7a. \u00c9 ideal para rituais de prote\u00e7\u00e3o, medita\u00e7\u00f5es ou simplesmente para manter um lar ou espa\u00e7o pessoal livre de energias indesejadas.  <\/p>\n","protected":false},"featured_media":557,"comment_status":"closed","ping_status":"closed","template":"","meta":[],"product_brand":[],"product_cat":[196,205,114,148],"product_tag":[],"class_list":{"0":"post-24973","1":"product","2":"type-product","3":"status-publish","4":"has-post-thumbnail","6":"product_cat-incensos-de-proposito","8":"product_cat-incensos-e-aromas","9":"product_cat-mystikus-collection","11":"first","12":"instock","13":"shipping-taxable","14":"purchasable","15":"product-type-simple"},"_links":{"self":[{"href":"https:\/\/mystikus.dsignpoint.com\/pt-pt\/wp-json\/wp\/v2\/product\/24973","targetHints":{"allow":["GET"]}}],"collection":[{"href":"https:\/\/mystikus.dsignpoint.com\/pt-pt\/wp-json\/wp\/v2\/product"}],"about":[{"href":"https:\/\/mystikus.dsignpoint.com\/pt-pt\/wp-json\/wp\/v2\/types\/product"}],"replies":[{"embeddable":true,"href":"https:\/\/mystikus.dsignpoint.com\/pt-pt\/wp-json\/wp\/v2\/comments?post=24973"}],"wp:featuredmedia":[{"embeddable":true,"href":"https:\/\/mystikus.dsignpoint.com\/pt-pt\/wp-json\/wp\/v2\/media\/557"}],"wp:attachment":[{"href":"https:\/\/mystikus.dsignpoint.com\/pt-pt\/wp-json\/wp\/v2\/media?parent=24973"}],"wp:term":[{"taxonomy":"product_brand","embeddable":true,"href":"https:\/\/mystikus.dsignpoint.com\/pt-pt\/wp-json\/wp\/v2\/product_brand?post=24973"},{"taxonomy":"product_cat","embeddable":true,"href":"https:\/\/mystikus.dsignpoint.com\/pt-pt\/wp-json\/wp\/v2\/product_cat?post=24973"},{"taxonomy":"product_tag","embeddable":true,"href":"https:\/\/mystikus.dsignpoint.com\/pt-pt\/wp-json\/wp\/v2\/product_tag?post=24973"}],"curies":[{"name":"wp","href":"https:\/\/api.w.org\/{rel}","templated":true}]}}