{"id":24989,"date":"2025-05-13T17:15:51","date_gmt":"2025-05-13T15:15:51","guid":{"rendered":"https:\/\/mystikus.dsignpoint.com\/producto\/tarot-dos-sonhos\/"},"modified":"2025-05-13T17:15:51","modified_gmt":"2025-05-13T15:15:51","slug":"tarot-dos-sonhos","status":"publish","type":"product","link":"https:\/\/mystikus.dsignpoint.com\/pt-pt\/producto\/tarot-dos-sonhos\/","title":{"rendered":"Tarot dos Sonhos"},"content":{"rendered":"<p><strong>Tarot dos Sonhos<\/strong><\/p>\n<p data-start=\"129\" data-end=\"339\">Este tarot ilustra-nos atrav\u00e9s de imagens v\u00edvidas e simb\u00f3licas que nos guiam por uma fascinante travessia de autodescoberta.<\/p>\n<p data-start=\"341\" data-end=\"492\">O <em data-start=\"344\" data-end=\"361\">Tarot dos Sonhos<\/em> explora a complexa rede de associa\u00e7\u00f5es emocionais e visuais que emergem na interse\u00e7\u00e3o entre os sonhos e a adivinha\u00e7\u00e3o.<\/p>\n<p data-start=\"494\" data-end=\"689\">Este baralho oferece aos leitores uma poderosa ferramenta tanto para a introspe\u00e7\u00e3o como para a pr\u00e1tica oracular, facilitando o acesso a uma compreens\u00e3o mais profunda da alma e do destino.<\/p>\n","protected":false},"excerpt":{"rendered":"<p><strong>Tarot dos Sonhos<\/strong><\/p>\n<p>78 Cartas<\/p>\n","protected":false},"featured_media":24990,"comment_status":"open","ping_status":"closed","template":"","meta":[],"product_brand":[],"product_cat":[178,209],"product_tag":[],"class_list":{"0":"post-24989","1":"product","2":"type-product","3":"status-publish","4":"has-post-thumbnail","6":"product_cat-adivinhacao","7":"product_cat-tarots","9":"first","10":"outofstock","11":"shipping-taxable","12":"purchasable","13":"product-type-simple"},"_links":{"self":[{"href":"https:\/\/mystikus.dsignpoint.com\/pt-pt\/wp-json\/wp\/v2\/product\/24989","targetHints":{"allow":["GET"]}}],"collection":[{"href":"https:\/\/mystikus.dsignpoint.com\/pt-pt\/wp-json\/wp\/v2\/product"}],"about":[{"href":"https:\/\/mystikus.dsignpoint.com\/pt-pt\/wp-json\/wp\/v2\/types\/product"}],"replies":[{"embeddable":true,"href":"https:\/\/mystikus.dsignpoint.com\/pt-pt\/wp-json\/wp\/v2\/comments?post=24989"}],"wp:featuredmedia":[{"embeddable":true,"href":"https:\/\/mystikus.dsignpoint.com\/pt-pt\/wp-json\/wp\/v2\/media\/24990"}],"wp:attachment":[{"href":"https:\/\/mystikus.dsignpoint.com\/pt-pt\/wp-json\/wp\/v2\/media?parent=24989"}],"wp:term":[{"taxonomy":"product_brand","embeddable":true,"href":"https:\/\/mystikus.dsignpoint.com\/pt-pt\/wp-json\/wp\/v2\/product_brand?post=24989"},{"taxonomy":"product_cat","embeddable":true,"href":"https:\/\/mystikus.dsignpoint.com\/pt-pt\/wp-json\/wp\/v2\/product_cat?post=24989"},{"taxonomy":"product_tag","embeddable":true,"href":"https:\/\/mystikus.dsignpoint.com\/pt-pt\/wp-json\/wp\/v2\/product_tag?post=24989"}],"curies":[{"name":"wp","href":"https:\/\/api.w.org\/{rel}","templated":true}]}}