{"id":25007,"date":"2025-05-12T18:55:27","date_gmt":"2025-05-12T16:55:27","guid":{"rendered":"https:\/\/mystikus.dsignpoint.com\/producto\/tarot-mensagens-magicas-das-fadas\/"},"modified":"2025-05-12T18:55:27","modified_gmt":"2025-05-12T16:55:27","slug":"tarot-mensagens-magicas-das-fadas","status":"publish","type":"product","link":"https:\/\/mystikus.dsignpoint.com\/pt-pt\/producto\/tarot-mensagens-magicas-das-fadas\/","title":{"rendered":"Tarot Mensagens M\u00e1gicas das Fadas"},"content":{"rendered":"<p><strong>Tarot Mensagens M\u00e1gicas das Fadas<\/strong><\/p>\n<p>Torna a tua vida m\u00e1gica com as mensagens das fadas! Cont\u00e9m 44 cartas or\u00e1culo. Este baralho de cartas or\u00e1culo, gra\u00e7as ao seu f\u00e1cil manuseamento, \u00e9 apropriado tanto para principiantes como para pessoas experientes no uso das cartas de adivinha\u00e7\u00e3o. As fadas s\u00e3o amados &#8220;anjos da natureza&#8221; que, ao estarem muito perto da terra, possuem uma grande habilidade para curar e ajudar em assuntos quotidianos tais como as rela\u00e7\u00f5es, os problemas de sa\u00fade e a economia. Cada carta cont\u00e9m um desenho primoroso de fadas e uma mensagem ou uma resposta. Todas as ilustra\u00e7\u00f5es e mensagens s\u00e3o adequados tanto para crian\u00e7as como para adultos.     <\/p>\n","protected":false},"excerpt":{"rendered":"<p><strong>Tarot Mensagens M\u00e1gicas das Fadas<\/strong><\/p>\n<p>Torna a tua vida m\u00e1gica com as mensagens das fadas! Cont\u00e9m 44 cartas or\u00e1culo. Este baralho de cartas or\u00e1culo, gra\u00e7as ao seu f\u00e1cil manuseamento, \u00e9 apropriado tanto para principiantes como para pessoas experientes no uso das cartas de adivinha\u00e7\u00e3o. As fadas s\u00e3o amados &#8220;anjos da natureza&#8221; que, ao estarem muito perto da terra, possuem uma grande habilidade para curar e ajudar em assuntos quotidianos tais como as rela\u00e7\u00f5es, os problemas de sa\u00fade e a economia. Cada carta cont\u00e9m um desenho primoroso de fadas e uma mensagem ou uma resposta. Todas as ilustra\u00e7\u00f5es e mensagens s\u00e3o adequados tanto para crian\u00e7as como para adultos.     <\/p>\n","protected":false},"featured_media":812,"comment_status":"open","ping_status":"closed","template":"","meta":[],"product_brand":[],"product_cat":[178,209],"product_tag":[],"class_list":{"0":"post-25007","1":"product","2":"type-product","3":"status-publish","4":"has-post-thumbnail","6":"product_cat-adivinhacao","7":"product_cat-tarots","9":"first","10":"instock","11":"shipping-taxable","12":"purchasable","13":"product-type-simple"},"_links":{"self":[{"href":"https:\/\/mystikus.dsignpoint.com\/pt-pt\/wp-json\/wp\/v2\/product\/25007","targetHints":{"allow":["GET"]}}],"collection":[{"href":"https:\/\/mystikus.dsignpoint.com\/pt-pt\/wp-json\/wp\/v2\/product"}],"about":[{"href":"https:\/\/mystikus.dsignpoint.com\/pt-pt\/wp-json\/wp\/v2\/types\/product"}],"replies":[{"embeddable":true,"href":"https:\/\/mystikus.dsignpoint.com\/pt-pt\/wp-json\/wp\/v2\/comments?post=25007"}],"wp:featuredmedia":[{"embeddable":true,"href":"https:\/\/mystikus.dsignpoint.com\/pt-pt\/wp-json\/wp\/v2\/media\/812"}],"wp:attachment":[{"href":"https:\/\/mystikus.dsignpoint.com\/pt-pt\/wp-json\/wp\/v2\/media?parent=25007"}],"wp:term":[{"taxonomy":"product_brand","embeddable":true,"href":"https:\/\/mystikus.dsignpoint.com\/pt-pt\/wp-json\/wp\/v2\/product_brand?post=25007"},{"taxonomy":"product_cat","embeddable":true,"href":"https:\/\/mystikus.dsignpoint.com\/pt-pt\/wp-json\/wp\/v2\/product_cat?post=25007"},{"taxonomy":"product_tag","embeddable":true,"href":"https:\/\/mystikus.dsignpoint.com\/pt-pt\/wp-json\/wp\/v2\/product_tag?post=25007"}],"curies":[{"name":"wp","href":"https:\/\/api.w.org\/{rel}","templated":true}]}}