{"id":25017,"date":"2025-05-13T16:04:51","date_gmt":"2025-05-13T14:04:51","guid":{"rendered":"https:\/\/mystikus.dsignpoint.com\/producto\/tarot-egipcio\/"},"modified":"2025-05-13T16:04:51","modified_gmt":"2025-05-13T14:04:51","slug":"tarot-egipcio","status":"publish","type":"product","link":"https:\/\/mystikus.dsignpoint.com\/pt-pt\/producto\/tarot-egipcio\/","title":{"rendered":"Tarot Eg\u00edpcio"},"content":{"rendered":"<p><strong>Tarot Eg\u00edpcio<\/strong><\/p>\n<p>22 Grandes Cartas<\/p>\n<p>O Tarot Eg\u00edpcio, como qualquer outro baralho de tarot, inclui 22 arcanos maiores. Estes 22 arcanos representam os arqu\u00e9tipos fundamentais da vida, oferecendo uma vis\u00e3o profunda e simb\u00f3lica de diferentes aspetos da exist\u00eancia. <\/p>\n","protected":false},"excerpt":{"rendered":"<p><strong>Tarot Eg\u00edpcio<\/strong><\/p>\n<p>22 Grandes Cartas<\/p>\n","protected":false},"featured_media":25018,"comment_status":"open","ping_status":"closed","template":"","meta":[],"product_brand":[],"product_cat":[178,209],"product_tag":[],"class_list":{"0":"post-25017","1":"product","2":"type-product","3":"status-publish","4":"has-post-thumbnail","6":"product_cat-adivinhacao","7":"product_cat-tarots","9":"first","10":"outofstock","11":"shipping-taxable","12":"purchasable","13":"product-type-simple"},"_links":{"self":[{"href":"https:\/\/mystikus.dsignpoint.com\/pt-pt\/wp-json\/wp\/v2\/product\/25017","targetHints":{"allow":["GET"]}}],"collection":[{"href":"https:\/\/mystikus.dsignpoint.com\/pt-pt\/wp-json\/wp\/v2\/product"}],"about":[{"href":"https:\/\/mystikus.dsignpoint.com\/pt-pt\/wp-json\/wp\/v2\/types\/product"}],"replies":[{"embeddable":true,"href":"https:\/\/mystikus.dsignpoint.com\/pt-pt\/wp-json\/wp\/v2\/comments?post=25017"}],"wp:featuredmedia":[{"embeddable":true,"href":"https:\/\/mystikus.dsignpoint.com\/pt-pt\/wp-json\/wp\/v2\/media\/25018"}],"wp:attachment":[{"href":"https:\/\/mystikus.dsignpoint.com\/pt-pt\/wp-json\/wp\/v2\/media?parent=25017"}],"wp:term":[{"taxonomy":"product_brand","embeddable":true,"href":"https:\/\/mystikus.dsignpoint.com\/pt-pt\/wp-json\/wp\/v2\/product_brand?post=25017"},{"taxonomy":"product_cat","embeddable":true,"href":"https:\/\/mystikus.dsignpoint.com\/pt-pt\/wp-json\/wp\/v2\/product_cat?post=25017"},{"taxonomy":"product_tag","embeddable":true,"href":"https:\/\/mystikus.dsignpoint.com\/pt-pt\/wp-json\/wp\/v2\/product_tag?post=25017"}],"curies":[{"name":"wp","href":"https:\/\/api.w.org\/{rel}","templated":true}]}}