{"id":25019,"date":"2025-05-12T18:37:14","date_gmt":"2025-05-12T16:37:14","guid":{"rendered":"https:\/\/mystikus.dsignpoint.com\/producto\/tarot-ajuda-diaria-dos-anjos\/"},"modified":"2025-05-12T18:37:14","modified_gmt":"2025-05-12T16:37:14","slug":"tarot-ajuda-diaria-dos-anjos","status":"publish","type":"product","link":"https:\/\/mystikus.dsignpoint.com\/pt-pt\/producto\/tarot-ajuda-diaria-dos-anjos\/","title":{"rendered":"Tarot Ajuda Di\u00e1ria dos Anjos"},"content":{"rendered":"<p><strong>Tarot Ajuda Di\u00e1ria dos Anjos<\/strong><\/p>\n<p>Este or\u00e1culo dos anjos \u00e9 um maravilhoso guia espiritual que poder\u00e1 estar contigo todos os dias. Tens alguma d\u00favida? N\u00e3o sabes a quem pedir ajuda? Fala com o teu anjo, faz-lhe a tua pergunta. Ele responder-te-\u00e1 com amor e sabedoria. Depois, ter\u00e1s de meditar sobre os seus conselhos para tomar o caminho adequado. Doreen Virtue, doutora em psicologia e clarividente, criou esta caixinha: \u00e9 composta por um livro e 44 cartas que te aconselhar\u00e3o e \u00e0s quais poder\u00e1s fazer perguntas todos os dias, seguindo regras precisas. Nunca mais estar\u00e1s sozinho, um anjo proteger-te-\u00e1 sempre!<\/p>\n","protected":false},"excerpt":{"rendered":"<p><strong>Tarot Ajuda Di\u00e1ria dos Anjos<\/strong><\/p>\n<p>Cont\u00e9m um baralho de 44 cartas<\/p>\n","protected":false},"featured_media":808,"comment_status":"open","ping_status":"closed","template":"","meta":[],"product_brand":[],"product_cat":[178,209],"product_tag":[],"class_list":{"0":"post-25019","1":"product","2":"type-product","3":"status-publish","4":"has-post-thumbnail","6":"product_cat-adivinhacao","7":"product_cat-tarots","9":"first","10":"instock","11":"shipping-taxable","12":"purchasable","13":"product-type-simple"},"_links":{"self":[{"href":"https:\/\/mystikus.dsignpoint.com\/pt-pt\/wp-json\/wp\/v2\/product\/25019","targetHints":{"allow":["GET"]}}],"collection":[{"href":"https:\/\/mystikus.dsignpoint.com\/pt-pt\/wp-json\/wp\/v2\/product"}],"about":[{"href":"https:\/\/mystikus.dsignpoint.com\/pt-pt\/wp-json\/wp\/v2\/types\/product"}],"replies":[{"embeddable":true,"href":"https:\/\/mystikus.dsignpoint.com\/pt-pt\/wp-json\/wp\/v2\/comments?post=25019"}],"wp:featuredmedia":[{"embeddable":true,"href":"https:\/\/mystikus.dsignpoint.com\/pt-pt\/wp-json\/wp\/v2\/media\/808"}],"wp:attachment":[{"href":"https:\/\/mystikus.dsignpoint.com\/pt-pt\/wp-json\/wp\/v2\/media?parent=25019"}],"wp:term":[{"taxonomy":"product_brand","embeddable":true,"href":"https:\/\/mystikus.dsignpoint.com\/pt-pt\/wp-json\/wp\/v2\/product_brand?post=25019"},{"taxonomy":"product_cat","embeddable":true,"href":"https:\/\/mystikus.dsignpoint.com\/pt-pt\/wp-json\/wp\/v2\/product_cat?post=25019"},{"taxonomy":"product_tag","embeddable":true,"href":"https:\/\/mystikus.dsignpoint.com\/pt-pt\/wp-json\/wp\/v2\/product_tag?post=25019"}],"curies":[{"name":"wp","href":"https:\/\/api.w.org\/{rel}","templated":true}]}}