{"id":25025,"date":"2025-05-12T17:53:48","date_gmt":"2025-05-12T15:53:48","guid":{"rendered":"https:\/\/mystikus.dsignpoint.com\/producto\/pendulo-kit-e-tabelas\/"},"modified":"2025-05-12T17:53:48","modified_gmt":"2025-05-12T15:53:48","slug":"pendulo-kit-e-tabelas","status":"publish","type":"product","link":"https:\/\/mystikus.dsignpoint.com\/pt-pt\/producto\/pendulo-kit-e-tabelas\/","title":{"rendered":"P\u00eandulo Kit e Tabelas"},"content":{"rendered":"<p class=\"\" data-start=\"638\" data-end=\"705\"><strong data-start=\"638\" data-end=\"705\">P\u00eandulo Energ\u00e9tico \u2013 Ferramenta de Liga\u00e7\u00e3o e Harmonia Interior<\/strong><\/p>\n<p class=\"\" data-start=\"707\" data-end=\"1059\">O p\u00eandulo \u00e9 uma ferramenta ancestral utilizada em radiestesia e terapias hol\u00edsticas para aceder a informa\u00e7\u00e3o intuitiva, equilibrar energias e apoiar processos de cura. O seu funcionamento baseia-se na perce\u00e7\u00e3o de micromovimentos energ\u00e9ticos, o que permite interpretar respostas do corpo, do campo energ\u00e9tico ou at\u00e9 do subconsciente. <\/p>\n<p class=\"\" data-start=\"1061\" data-end=\"1075\">Com ele podes:<\/p>\n<p class=\"\" data-start=\"1077\" data-end=\"1307\">\ud83d\udd39 Obter respostas claras a perguntas fechadas (sim\/n\u00e3o)<br data-start=\"1136\" data-end=\"1139\">\ud83d\udd39 Detetar bloqueios ou desequil\u00edbrios nos chakras<br data-start=\"1191\" data-end=\"1194\">\ud83d\udd39 Medir a energia de objetos, pessoas ou espa\u00e7os<br data-start=\"1245\" data-end=\"1248\">\ud83d\udd39 Acompanhar pr\u00e1ticas de medita\u00e7\u00e3o e tomada de decis\u00f5es<\/p>\n<p class=\"\" data-start=\"1309\" data-end=\"1493\">Dispon\u00edvel em diferentes materiais (quartzo, ametista, metal, madeira\u2026), cada um com a sua pr\u00f3pria vibra\u00e7\u00e3o e prop\u00f3sito. Ideal tanto para principiantes como para terapeutas energ\u00e9ticos. <\/p>\n<p class=\"\" data-start=\"1495\" data-end=\"1586\">Liga-te \u00e0 tua intui\u00e7\u00e3o e explora o mundo subtil com esta ferramenta pr\u00e1tica e poderosa.<\/p>\n","protected":false},"excerpt":{"rendered":"<p>P\u00eandulo Kit e Tabelas<\/p>\n<p>O p\u00eandulo \u00e9 uma ferramenta ancestral utilizada em radiestesia e terapias hol\u00edsticas para aceder a informa\u00e7\u00e3o intuitiva, equilibrar energias e apoiar processos de cura. O seu funcionamento baseia-se na perce\u00e7\u00e3o de micromovimentos energ\u00e9ticos, o que permite interpretar respostas do corpo, do campo energ\u00e9tico ou at\u00e9 do subconsciente. <\/p>\n","protected":false},"featured_media":800,"comment_status":"open","ping_status":"closed","template":"","meta":[],"product_brand":[],"product_cat":[178,180],"product_tag":[],"class_list":{"0":"post-25025","1":"product","2":"type-product","3":"status-publish","4":"has-post-thumbnail","6":"product_cat-adivinhacao","7":"product_cat-pendulos","9":"first","10":"instock","11":"shipping-taxable","12":"purchasable","13":"product-type-simple"},"_links":{"self":[{"href":"https:\/\/mystikus.dsignpoint.com\/pt-pt\/wp-json\/wp\/v2\/product\/25025","targetHints":{"allow":["GET"]}}],"collection":[{"href":"https:\/\/mystikus.dsignpoint.com\/pt-pt\/wp-json\/wp\/v2\/product"}],"about":[{"href":"https:\/\/mystikus.dsignpoint.com\/pt-pt\/wp-json\/wp\/v2\/types\/product"}],"replies":[{"embeddable":true,"href":"https:\/\/mystikus.dsignpoint.com\/pt-pt\/wp-json\/wp\/v2\/comments?post=25025"}],"wp:featuredmedia":[{"embeddable":true,"href":"https:\/\/mystikus.dsignpoint.com\/pt-pt\/wp-json\/wp\/v2\/media\/800"}],"wp:attachment":[{"href":"https:\/\/mystikus.dsignpoint.com\/pt-pt\/wp-json\/wp\/v2\/media?parent=25025"}],"wp:term":[{"taxonomy":"product_brand","embeddable":true,"href":"https:\/\/mystikus.dsignpoint.com\/pt-pt\/wp-json\/wp\/v2\/product_brand?post=25025"},{"taxonomy":"product_cat","embeddable":true,"href":"https:\/\/mystikus.dsignpoint.com\/pt-pt\/wp-json\/wp\/v2\/product_cat?post=25025"},{"taxonomy":"product_tag","embeddable":true,"href":"https:\/\/mystikus.dsignpoint.com\/pt-pt\/wp-json\/wp\/v2\/product_tag?post=25025"}],"curies":[{"name":"wp","href":"https:\/\/api.w.org\/{rel}","templated":true}]}}