{"id":25030,"date":"2025-05-12T18:30:57","date_gmt":"2025-05-12T16:30:57","guid":{"rendered":"https:\/\/mystikus.dsignpoint.com\/producto\/tarot-o-poder-dos-arcanjos\/"},"modified":"2025-05-12T18:30:57","modified_gmt":"2025-05-12T16:30:57","slug":"tarot-o-poder-dos-arcanjos","status":"publish","type":"product","link":"https:\/\/mystikus.dsignpoint.com\/pt-pt\/producto\/tarot-o-poder-dos-arcanjos\/","title":{"rendered":"Tarot o Poder dos Arcanjos"},"content":{"rendered":"<p><strong>Tarot Archangel Power<\/strong><\/p>\n<h2 class=\"f-w-6 s-7-text balance-title resumen mt-2 svelte-jdwnnr\">O PODER DOS ARCANJOS<\/h2>\n<div class=\"resumen svelte-dj0kyf\">\n<div class=\"resumen-content svelte-dj0kyf\">Receba a sabedoria e a for\u00e7a de \u2013 O PODER DOS ARCANJOS \u2013 \u00c9 importante receber resposta \u00e0s nossas perguntas, mas igualmente importante obter a coragem, a motiva\u00e7\u00e3o e a for\u00e7a necess\u00e1rias para dar os passos decisivos que essas respostas nos indicam. Agora pode receber mensagens precisas e, al\u00e9m disso, obter valor e confian\u00e7a para atuar em conformidade. Com a ajuda das cartas de O Poder dos Arcanjos, receber\u00e1 a orienta\u00e7\u00e3o dos arcanjos e obter\u00e1 a for\u00e7a e o impulso que lhe permitir\u00e3o realizar mudan\u00e7as positivas e progredir na sua vida. DOREEN VIRTUE e RADLEIGH VALENTINE criaram as 78 cartas deste tarot para ajudar as pessoas altamente sens\u00edveis a realizar as mensagens Divinas. As suas belas imagens e os seus textos inspiradores revelam a magia do tarot tradicional e transmitem, al\u00e9m disso, a for\u00e7a e a sabedoria de O poder dos Arcanjos.    <\/div>\n<\/div>\n","protected":false},"excerpt":{"rendered":"<p><strong>Tarot Archangel Power<\/strong><\/p>\n<p>Cont\u00e9m um baralho de 78 cartas<\/p>\n","protected":false},"featured_media":806,"comment_status":"open","ping_status":"closed","template":"","meta":[],"product_brand":[],"product_cat":[178,209],"product_tag":[],"class_list":{"0":"post-25030","1":"product","2":"type-product","3":"status-publish","4":"has-post-thumbnail","6":"product_cat-adivinhacao","7":"product_cat-tarots","9":"first","10":"outofstock","11":"shipping-taxable","12":"purchasable","13":"product-type-simple"},"_links":{"self":[{"href":"https:\/\/mystikus.dsignpoint.com\/pt-pt\/wp-json\/wp\/v2\/product\/25030","targetHints":{"allow":["GET"]}}],"collection":[{"href":"https:\/\/mystikus.dsignpoint.com\/pt-pt\/wp-json\/wp\/v2\/product"}],"about":[{"href":"https:\/\/mystikus.dsignpoint.com\/pt-pt\/wp-json\/wp\/v2\/types\/product"}],"replies":[{"embeddable":true,"href":"https:\/\/mystikus.dsignpoint.com\/pt-pt\/wp-json\/wp\/v2\/comments?post=25030"}],"wp:featuredmedia":[{"embeddable":true,"href":"https:\/\/mystikus.dsignpoint.com\/pt-pt\/wp-json\/wp\/v2\/media\/806"}],"wp:attachment":[{"href":"https:\/\/mystikus.dsignpoint.com\/pt-pt\/wp-json\/wp\/v2\/media?parent=25030"}],"wp:term":[{"taxonomy":"product_brand","embeddable":true,"href":"https:\/\/mystikus.dsignpoint.com\/pt-pt\/wp-json\/wp\/v2\/product_brand?post=25030"},{"taxonomy":"product_cat","embeddable":true,"href":"https:\/\/mystikus.dsignpoint.com\/pt-pt\/wp-json\/wp\/v2\/product_cat?post=25030"},{"taxonomy":"product_tag","embeddable":true,"href":"https:\/\/mystikus.dsignpoint.com\/pt-pt\/wp-json\/wp\/v2\/product_tag?post=25030"}],"curies":[{"name":"wp","href":"https:\/\/api.w.org\/{rel}","templated":true}]}}