{"id":25134,"date":"2025-05-08T16:48:36","date_gmt":"2025-05-08T14:48:36","guid":{"rendered":"https:\/\/mystikus.dsignpoint.com\/producto\/magia-do-mago-abre-caminhos\/"},"modified":"2025-05-08T16:48:36","modified_gmt":"2025-05-08T14:48:36","slug":"magia-do-mago-abre-caminhos","status":"publish","type":"product","link":"https:\/\/mystikus.dsignpoint.com\/pt-pt\/producto\/magia-do-mago-abre-caminhos\/","title":{"rendered":"Magia do Mago Abre Caminhos"},"content":{"rendered":"<p><strong>Abre Caminhos<\/strong><\/p>\n<p><strong>Trabalho \u2013 Amor \u2013 Dinheiro<\/strong><\/p>\n<p><strong>Aporta Estabilidade<\/strong><\/p>\n<p>Cont\u00e9m uma explica\u00e7\u00e3o detalhada \u2013 Ingredientes in\u00e9ditos, segundo as f\u00f3rmulas dos grandes magos.<\/p>\n<p>&#8220;Abre as portas do sucesso e da prosperidade: descubra o nosso ritual m\u00e1gico para limpar o seu caminho e atrair novas oportunidades.&#8221;<\/p>\n<p>As explica\u00e7\u00f5es podem ser solicitadas em qualquer idioma.<\/p>\n<p>&nbsp;<\/p>\n","protected":false},"excerpt":{"rendered":"<p><strong>Abre Caminhos<\/strong><\/p>\n<p><strong>Trabalho \u2013 Amor \u2013 Dinheiro<\/strong><\/p>\n<p><strong>Aporta Estabilidade<\/strong><\/p>\n<p>Cont\u00e9m uma explica\u00e7\u00e3o detalhada \u2013 Ingredientes in\u00e9ditos, segundo as f\u00f3rmulas dos grandes magos.<\/p>\n<p>Abre as portas do sucesso e da prosperidade: descubra o nosso ritual m\u00e1gico para limpar o seu caminho e atrair novas oportunidades.<\/p>\n<p>As explica\u00e7\u00f5es podem ser solicitadas em qualquer idioma.<\/p>\n","protected":false},"featured_media":23500,"comment_status":"closed","ping_status":"closed","template":"","meta":[],"product_brand":[],"product_cat":[135,184,190,148],"product_tag":[],"class_list":{"0":"post-25134","1":"product","2":"type-product","3":"status-publish","4":"has-post-thumbnail","6":"product_cat-esotericos","7":"product_cat-magia-do-mago","9":"product_cat-mystikus-collection","11":"first","12":"instock","13":"shipping-taxable","14":"purchasable","15":"product-type-simple"},"_links":{"self":[{"href":"https:\/\/mystikus.dsignpoint.com\/pt-pt\/wp-json\/wp\/v2\/product\/25134","targetHints":{"allow":["GET"]}}],"collection":[{"href":"https:\/\/mystikus.dsignpoint.com\/pt-pt\/wp-json\/wp\/v2\/product"}],"about":[{"href":"https:\/\/mystikus.dsignpoint.com\/pt-pt\/wp-json\/wp\/v2\/types\/product"}],"replies":[{"embeddable":true,"href":"https:\/\/mystikus.dsignpoint.com\/pt-pt\/wp-json\/wp\/v2\/comments?post=25134"}],"wp:featuredmedia":[{"embeddable":true,"href":"https:\/\/mystikus.dsignpoint.com\/pt-pt\/wp-json\/wp\/v2\/media\/23500"}],"wp:attachment":[{"href":"https:\/\/mystikus.dsignpoint.com\/pt-pt\/wp-json\/wp\/v2\/media?parent=25134"}],"wp:term":[{"taxonomy":"product_brand","embeddable":true,"href":"https:\/\/mystikus.dsignpoint.com\/pt-pt\/wp-json\/wp\/v2\/product_brand?post=25134"},{"taxonomy":"product_cat","embeddable":true,"href":"https:\/\/mystikus.dsignpoint.com\/pt-pt\/wp-json\/wp\/v2\/product_cat?post=25134"},{"taxonomy":"product_tag","embeddable":true,"href":"https:\/\/mystikus.dsignpoint.com\/pt-pt\/wp-json\/wp\/v2\/product_tag?post=25134"}],"curies":[{"name":"wp","href":"https:\/\/api.w.org\/{rel}","templated":true}]}}