{"id":25144,"date":"2025-03-26T15:16:31","date_gmt":"2025-03-26T14:16:31","guid":{"rendered":"https:\/\/mystikus.dsignpoint.com\/producto\/piramide-de-orgonite-com-arenito-azul-e-flor-de-lotus\/"},"modified":"2025-03-26T15:16:31","modified_gmt":"2025-03-26T14:16:31","slug":"piramide-de-orgonite-com-arenito-azul-e-flor-de-lotus","status":"publish","type":"product","link":"https:\/\/mystikus.dsignpoint.com\/pt-pt\/producto\/piramide-de-orgonite-com-arenito-azul-e-flor-de-lotus\/","title":{"rendered":"Pir\u00e2mide de Orgonite com Arenito Azul e Flor de L\u00f3tus"},"content":{"rendered":"<p class=\"\" data-start=\"137\" data-end=\"228\"><strong data-start=\"137\" data-end=\"228\">Pir\u00e2mide de Orgonite com Arenito Azul e Flor de L\u00f3tus \u2013 Calma Mental e Energia Positiva<\/strong><\/p>\n<p data-start=\"137\" data-end=\"228\">medidas: 5x5x5cm<\/p>\n<p class=\"\" data-start=\"230\" data-end=\"670\">Descobre o poder da harmoniza\u00e7\u00e3o energ\u00e9tica com esta bela pir\u00e2mide de orgonite, elaborada artesanalmente com <strong data-start=\"346\" data-end=\"363\">arenito azul<\/strong> e adornada com uma delicada <strong data-start=\"392\" data-end=\"408\">flor de l\u00f3tus<\/strong>. O arenito azul \u00e9 reconhecido pelas suas propriedades que favorecem a calma mental, a clareza interior e a comunica\u00e7\u00e3o serena. A flor de l\u00f3tus, s\u00edmbolo de pureza, transforma\u00e7\u00e3o e equil\u00edbrio espiritual, proporciona uma energia suave e elevada a qualquer espa\u00e7o.  <\/p>\n<p class=\"\" data-start=\"672\" data-end=\"853\">Ideal para medita\u00e7\u00e3o, decora\u00e7\u00e3o ou como ferramenta energ\u00e9tica, esta pir\u00e2mide ajuda a neutralizar as energias negativas, promovendo um ambiente de paz, concentra\u00e7\u00e3o e bem-estar.<\/p>\n<p class=\"\" data-start=\"855\" data-end=\"884\">\u2728 <strong data-start=\"857\" data-end=\"884\">Principais benef\u00edcios:<\/strong><\/p>\n<ul data-start=\"886\" data-end=\"1099\">\n<li class=\"\" data-start=\"886\" data-end=\"932\">\n<p class=\"\" data-start=\"888\" data-end=\"932\">Transforma a energia negativa em positiva<\/p>\n<\/li>\n<li class=\"\" data-start=\"933\" data-end=\"978\">\n<p class=\"\" data-start=\"935\" data-end=\"978\">Favorece a serenidade mental e o foco<\/p>\n<\/li>\n<li class=\"\" data-start=\"979\" data-end=\"1031\">\n<p class=\"\" data-start=\"981\" data-end=\"1031\">Estimula a introspe\u00e7\u00e3o e a conex\u00e3o interior<\/p>\n<\/li>\n<li class=\"\" data-start=\"1032\" data-end=\"1099\">\n<p class=\"\" data-start=\"1034\" data-end=\"1099\">Embeleza qualquer espa\u00e7o com o seu design simb\u00f3lico e harmonioso<\/p>\n<\/li>\n<\/ul>\n<p class=\"\" data-start=\"1101\" data-end=\"1245\">Leva-a contigo ou coloca-a na tua casa, escrit\u00f3rio ou espa\u00e7o de medita\u00e7\u00e3o para elevar a vibra\u00e7\u00e3o do ambiente e fomentar a tranquilidade mental.<\/p>\n","protected":false},"excerpt":{"rendered":"<p class=\"\" data-start=\"137\" data-end=\"228\"><strong data-start=\"137\" data-end=\"228\">Pir\u00e2mide de Orgonite com Arenito Azul e Flor de L\u00f3tus \u2013 Calma Mental e Energia Positiva<\/strong><\/p>\n<p data-start=\"137\" data-end=\"228\">medidas: 5x5x5cm<\/p>\n","protected":false},"featured_media":25147,"comment_status":"closed","ping_status":"closed","template":"","meta":[],"product_brand":[],"product_cat":[126,177],"product_tag":[],"class_list":{"0":"post-25144","1":"product","2":"type-product","3":"status-publish","4":"has-post-thumbnail","6":"product_cat-jardim-encantado","7":"product_cat-piramides-orgonite","9":"first","10":"outofstock","11":"shipping-taxable","12":"purchasable","13":"product-type-simple"},"_links":{"self":[{"href":"https:\/\/mystikus.dsignpoint.com\/pt-pt\/wp-json\/wp\/v2\/product\/25144","targetHints":{"allow":["GET"]}}],"collection":[{"href":"https:\/\/mystikus.dsignpoint.com\/pt-pt\/wp-json\/wp\/v2\/product"}],"about":[{"href":"https:\/\/mystikus.dsignpoint.com\/pt-pt\/wp-json\/wp\/v2\/types\/product"}],"replies":[{"embeddable":true,"href":"https:\/\/mystikus.dsignpoint.com\/pt-pt\/wp-json\/wp\/v2\/comments?post=25144"}],"wp:featuredmedia":[{"embeddable":true,"href":"https:\/\/mystikus.dsignpoint.com\/pt-pt\/wp-json\/wp\/v2\/media\/25147"}],"wp:attachment":[{"href":"https:\/\/mystikus.dsignpoint.com\/pt-pt\/wp-json\/wp\/v2\/media?parent=25144"}],"wp:term":[{"taxonomy":"product_brand","embeddable":true,"href":"https:\/\/mystikus.dsignpoint.com\/pt-pt\/wp-json\/wp\/v2\/product_brand?post=25144"},{"taxonomy":"product_cat","embeddable":true,"href":"https:\/\/mystikus.dsignpoint.com\/pt-pt\/wp-json\/wp\/v2\/product_cat?post=25144"},{"taxonomy":"product_tag","embeddable":true,"href":"https:\/\/mystikus.dsignpoint.com\/pt-pt\/wp-json\/wp\/v2\/product_tag?post=25144"}],"curies":[{"name":"wp","href":"https:\/\/api.w.org\/{rel}","templated":true}]}}