{"id":25180,"date":"2025-07-04T18:22:00","date_gmt":"2025-07-04T16:22:00","guid":{"rendered":"https:\/\/mystikus.dsignpoint.com\/producto\/incenso-em-cone-inveja\/"},"modified":"2025-07-04T18:22:00","modified_gmt":"2025-07-04T16:22:00","slug":"incenso-em-cone-inveja","status":"publish","type":"product","link":"https:\/\/mystikus.dsignpoint.com\/pt-pt\/producto\/incenso-em-cone-inveja\/","title":{"rendered":"Incenso em Cone Inveja"},"content":{"rendered":"<h4>Incenso em Cone S\u00e3o Inveja<\/h4>\n<p data-start=\"132\" data-end=\"666\">\u00e9 um poderoso protetor espiritual formulado para neutralizar o mau-olhado, a inveja e as energias negativas enviadas pelo pensamento alheio. Ao acender-se, o seu fumo atua como um escudo vibracional que limpa o ambiente, dissolve cargas pesadas e devolve o equil\u00edbrio energ\u00e9tico. Ideal para proteger-se de olhares maliciosos, evitar influ\u00eancias danosas e manter a harmonia no lar, no trabalho ou em qualquer espa\u00e7o pessoal. Uma defesa arom\u00e1tica contra a energia invejosa e o mau-olhado.   <\/p>\n","protected":false},"excerpt":{"rendered":"<p>Incenso em Cone S\u00e3o Inveja \u00e9 um poderoso protetor espiritual formulado para neutralizar o mau-olhado, a inveja e as energias negativas enviadas pelo pensamento alheio. Ao acender-se, o seu fumo atua como um escudo vibracional que limpa o ambiente, dissolve cargas pesadas e devolve o equil\u00edbrio energ\u00e9tico. Ideal para proteger-se de olhares maliciosos, evitar influ\u00eancias [&hellip;]<\/p>\n","protected":false},"featured_media":23765,"comment_status":"closed","ping_status":"closed","template":"","meta":[],"product_brand":[],"product_cat":[205,196,114,148],"product_tag":[],"class_list":{"0":"post-25180","1":"product","2":"type-product","3":"status-publish","4":"has-post-thumbnail","6":"product_cat-incensos-de-proposito","8":"product_cat-incensos-e-aromas","9":"product_cat-mystikus-collection","11":"first","12":"instock","13":"shipping-taxable","14":"purchasable","15":"product-type-simple"},"_links":{"self":[{"href":"https:\/\/mystikus.dsignpoint.com\/pt-pt\/wp-json\/wp\/v2\/product\/25180","targetHints":{"allow":["GET"]}}],"collection":[{"href":"https:\/\/mystikus.dsignpoint.com\/pt-pt\/wp-json\/wp\/v2\/product"}],"about":[{"href":"https:\/\/mystikus.dsignpoint.com\/pt-pt\/wp-json\/wp\/v2\/types\/product"}],"replies":[{"embeddable":true,"href":"https:\/\/mystikus.dsignpoint.com\/pt-pt\/wp-json\/wp\/v2\/comments?post=25180"}],"wp:featuredmedia":[{"embeddable":true,"href":"https:\/\/mystikus.dsignpoint.com\/pt-pt\/wp-json\/wp\/v2\/media\/23765"}],"wp:attachment":[{"href":"https:\/\/mystikus.dsignpoint.com\/pt-pt\/wp-json\/wp\/v2\/media?parent=25180"}],"wp:term":[{"taxonomy":"product_brand","embeddable":true,"href":"https:\/\/mystikus.dsignpoint.com\/pt-pt\/wp-json\/wp\/v2\/product_brand?post=25180"},{"taxonomy":"product_cat","embeddable":true,"href":"https:\/\/mystikus.dsignpoint.com\/pt-pt\/wp-json\/wp\/v2\/product_cat?post=25180"},{"taxonomy":"product_tag","embeddable":true,"href":"https:\/\/mystikus.dsignpoint.com\/pt-pt\/wp-json\/wp\/v2\/product_tag?post=25180"}],"curies":[{"name":"wp","href":"https:\/\/api.w.org\/{rel}","templated":true}]}}