{"id":25189,"date":"2025-07-04T18:25:08","date_gmt":"2025-07-04T16:25:08","guid":{"rendered":"https:\/\/mystikus.dsignpoint.com\/producto\/incenso-em-cone-limpeza\/"},"modified":"2025-07-04T18:25:08","modified_gmt":"2025-07-04T16:25:08","slug":"incenso-em-cone-limpeza","status":"publish","type":"product","link":"https:\/\/mystikus.dsignpoint.com\/pt-pt\/producto\/incenso-em-cone-limpeza\/","title":{"rendered":"Incenso em Cone Limpeza"},"content":{"rendered":"<h4>Incenso em Cone San Limpieza<\/h4>\n<p data-start=\"132\" data-end=\"616\">\u00e9 uma ferramenta espiritual essencial para a purifica\u00e7\u00e3o de ambientes, pessoas e objetos. Ao acender-se, o seu fumo sagrado atua como um agente de limpeza que dissolve m\u00e1s energias, peso espiritual e vibra\u00e7\u00f5es negativas acumuladas. Ideal para realizar limpezas regulares, preparar espa\u00e7os antes de rituais ou simplesmente renovar a energia do lar. Um aliado perfeito para manter a harmonia, a clareza e a paz interior no teu ambiente.   <\/p>\n","protected":false},"excerpt":{"rendered":"<p>Incenso em Cone San Limpieza \u00e9 uma ferramenta espiritual essencial para a purifica\u00e7\u00e3o de ambientes, pessoas e objetos. Ao acender-se, o seu fumo sagrado atua como um agente de limpeza que dissolve m\u00e1s energias, peso espiritual e vibra\u00e7\u00f5es negativas acumuladas. Ideal para realizar limpezas regulares, preparar espa\u00e7os antes de rituais ou simplesmente renovar a energia [&hellip;]<\/p>\n","protected":false},"featured_media":23767,"comment_status":"closed","ping_status":"closed","template":"","meta":[],"product_brand":[],"product_cat":[196,205,114,148],"product_tag":[],"class_list":{"0":"post-25189","1":"product","2":"type-product","3":"status-publish","4":"has-post-thumbnail","6":"product_cat-incensos-de-proposito","8":"product_cat-incensos-e-aromas","9":"product_cat-mystikus-collection","11":"first","12":"instock","13":"shipping-taxable","14":"purchasable","15":"product-type-simple"},"_links":{"self":[{"href":"https:\/\/mystikus.dsignpoint.com\/pt-pt\/wp-json\/wp\/v2\/product\/25189","targetHints":{"allow":["GET"]}}],"collection":[{"href":"https:\/\/mystikus.dsignpoint.com\/pt-pt\/wp-json\/wp\/v2\/product"}],"about":[{"href":"https:\/\/mystikus.dsignpoint.com\/pt-pt\/wp-json\/wp\/v2\/types\/product"}],"replies":[{"embeddable":true,"href":"https:\/\/mystikus.dsignpoint.com\/pt-pt\/wp-json\/wp\/v2\/comments?post=25189"}],"wp:featuredmedia":[{"embeddable":true,"href":"https:\/\/mystikus.dsignpoint.com\/pt-pt\/wp-json\/wp\/v2\/media\/23767"}],"wp:attachment":[{"href":"https:\/\/mystikus.dsignpoint.com\/pt-pt\/wp-json\/wp\/v2\/media?parent=25189"}],"wp:term":[{"taxonomy":"product_brand","embeddable":true,"href":"https:\/\/mystikus.dsignpoint.com\/pt-pt\/wp-json\/wp\/v2\/product_brand?post=25189"},{"taxonomy":"product_cat","embeddable":true,"href":"https:\/\/mystikus.dsignpoint.com\/pt-pt\/wp-json\/wp\/v2\/product_cat?post=25189"},{"taxonomy":"product_tag","embeddable":true,"href":"https:\/\/mystikus.dsignpoint.com\/pt-pt\/wp-json\/wp\/v2\/product_tag?post=25189"}],"curies":[{"name":"wp","href":"https:\/\/api.w.org\/{rel}","templated":true}]}}