{"id":25198,"date":"2025-07-04T18:04:50","date_gmt":"2025-07-04T16:04:50","guid":{"rendered":"https:\/\/mystikus.dsignpoint.com\/producto\/incenso-em-cone-sao-cipriano\/"},"modified":"2025-07-04T18:04:50","modified_gmt":"2025-07-04T16:04:50","slug":"incenso-em-cone-sao-cipriano","status":"publish","type":"product","link":"https:\/\/mystikus.dsignpoint.com\/pt-pt\/producto\/incenso-em-cone-sao-cipriano\/","title":{"rendered":"Incenso em Cone S\u00e3o Cipriano"},"content":{"rendered":"<h4>Incenso em Cone S\u00e3o Cipriano<\/h4>\n<p data-start=\"125\" data-end=\"599\">\u00e9 uma poderosa ferramenta espiritual invocada para combater feiti\u00e7os, bruxarias e maldi\u00e7\u00f5es. Inspirado na for\u00e7a protetora do santo exorcista, ao acender-se, o seu fumo atua como um escudo purificador que quebra trabalhos obscuros, corta energias enviadas com maldade e restabelece o equil\u00edbrio espiritual. Ideal para limpezas profundas, rituais de defesa ou momentos em que se suspeita de influ\u00eancias negativas. Um aliado essencial para quem procura ref\u00fagio na luz e na justi\u00e7a espiritual.   <\/p>\n","protected":false},"excerpt":{"rendered":"<p>Incenso em Cone S\u00e3o Cipriano \u00e9 uma poderosa ferramenta espiritual invocada para combater feiti\u00e7os, bruxarias e maldi\u00e7\u00f5es. Inspirado na for\u00e7a protetora do santo exorcista, ao acender-se, o seu fumo atua como um escudo purificador que quebra trabalhos obscuros, corta energias enviadas com maldade e restabelece o equil\u00edbrio espiritual. Ideal para limpezas profundas, rituais de defesa [&hellip;]<\/p>\n","protected":false},"featured_media":23759,"comment_status":"closed","ping_status":"closed","template":"","meta":[],"product_brand":[],"product_cat":[196,205,114,148],"product_tag":[],"class_list":{"0":"post-25198","1":"product","2":"type-product","3":"status-publish","4":"has-post-thumbnail","6":"product_cat-incensos-de-proposito","8":"product_cat-incensos-e-aromas","9":"product_cat-mystikus-collection","11":"first","12":"instock","13":"shipping-taxable","14":"purchasable","15":"product-type-simple"},"_links":{"self":[{"href":"https:\/\/mystikus.dsignpoint.com\/pt-pt\/wp-json\/wp\/v2\/product\/25198","targetHints":{"allow":["GET"]}}],"collection":[{"href":"https:\/\/mystikus.dsignpoint.com\/pt-pt\/wp-json\/wp\/v2\/product"}],"about":[{"href":"https:\/\/mystikus.dsignpoint.com\/pt-pt\/wp-json\/wp\/v2\/types\/product"}],"replies":[{"embeddable":true,"href":"https:\/\/mystikus.dsignpoint.com\/pt-pt\/wp-json\/wp\/v2\/comments?post=25198"}],"wp:featuredmedia":[{"embeddable":true,"href":"https:\/\/mystikus.dsignpoint.com\/pt-pt\/wp-json\/wp\/v2\/media\/23759"}],"wp:attachment":[{"href":"https:\/\/mystikus.dsignpoint.com\/pt-pt\/wp-json\/wp\/v2\/media?parent=25198"}],"wp:term":[{"taxonomy":"product_brand","embeddable":true,"href":"https:\/\/mystikus.dsignpoint.com\/pt-pt\/wp-json\/wp\/v2\/product_brand?post=25198"},{"taxonomy":"product_cat","embeddable":true,"href":"https:\/\/mystikus.dsignpoint.com\/pt-pt\/wp-json\/wp\/v2\/product_cat?post=25198"},{"taxonomy":"product_tag","embeddable":true,"href":"https:\/\/mystikus.dsignpoint.com\/pt-pt\/wp-json\/wp\/v2\/product_tag?post=25198"}],"curies":[{"name":"wp","href":"https:\/\/api.w.org\/{rel}","templated":true}]}}