{"id":25221,"date":"2025-07-02T20:24:19","date_gmt":"2025-07-02T18:24:19","guid":{"rendered":"https:\/\/mystikus.dsignpoint.com\/producto\/pulseira-zodiacal-aquario-com-pedras-naturais\/"},"modified":"2025-07-02T20:24:19","modified_gmt":"2025-07-02T18:24:19","slug":"pulseira-zodiacal-aquario-com-pedras-naturais","status":"publish","type":"product","link":"https:\/\/mystikus.dsignpoint.com\/pt-pt\/producto\/pulseira-zodiacal-aquario-com-pedras-naturais\/","title":{"rendered":"Pulseira Zodiacal Aqu\u00e1rio com Pedras Naturais"},"content":{"rendered":"<h3 data-start=\"107\" data-end=\"160\">Pulseira Zodiacal Aqu\u00e1rio com Pedras Naturais<\/h3>\n<pre data-start=\"107\" data-end=\"160\">Originalidade, vis\u00e3o e liberdade: tr\u00eas pilares do signo Aqu\u00e1rio, representados nesta pulseira zodiacal \u00fanica. Concebida especialmente para os nascidos entre  <strong data-start=\"332\" data-end=\"366\">20 de janeiro e 18 de fevereiro<\/strong>, esta pe\u00e7a combina  <strong data-start=\"387\" data-end=\"423\">tr\u00eas pedras naturais poderosas<\/strong> que harmonizam com a energia inovadora, mental e humanit\u00e1ria deste signo de ar<\/pre>\n","protected":false},"excerpt":{"rendered":"<p>Ajust\u00e1vel<\/p>\n<p>&nbsp;<\/p>\n","protected":false},"featured_media":23748,"comment_status":"closed","ping_status":"closed","template":"","meta":[],"product_brand":[],"product_cat":[111,133],"product_tag":[],"class_list":{"0":"post-25221","1":"product","2":"type-product","3":"status-publish","4":"has-post-thumbnail","6":"product_cat-minerais-e-joias","7":"product_cat-pulseiras","9":"first","10":"instock","11":"shipping-taxable","12":"purchasable","13":"product-type-simple"},"_links":{"self":[{"href":"https:\/\/mystikus.dsignpoint.com\/pt-pt\/wp-json\/wp\/v2\/product\/25221","targetHints":{"allow":["GET"]}}],"collection":[{"href":"https:\/\/mystikus.dsignpoint.com\/pt-pt\/wp-json\/wp\/v2\/product"}],"about":[{"href":"https:\/\/mystikus.dsignpoint.com\/pt-pt\/wp-json\/wp\/v2\/types\/product"}],"replies":[{"embeddable":true,"href":"https:\/\/mystikus.dsignpoint.com\/pt-pt\/wp-json\/wp\/v2\/comments?post=25221"}],"wp:featuredmedia":[{"embeddable":true,"href":"https:\/\/mystikus.dsignpoint.com\/pt-pt\/wp-json\/wp\/v2\/media\/23748"}],"wp:attachment":[{"href":"https:\/\/mystikus.dsignpoint.com\/pt-pt\/wp-json\/wp\/v2\/media?parent=25221"}],"wp:term":[{"taxonomy":"product_brand","embeddable":true,"href":"https:\/\/mystikus.dsignpoint.com\/pt-pt\/wp-json\/wp\/v2\/product_brand?post=25221"},{"taxonomy":"product_cat","embeddable":true,"href":"https:\/\/mystikus.dsignpoint.com\/pt-pt\/wp-json\/wp\/v2\/product_cat?post=25221"},{"taxonomy":"product_tag","embeddable":true,"href":"https:\/\/mystikus.dsignpoint.com\/pt-pt\/wp-json\/wp\/v2\/product_tag?post=25221"}],"curies":[{"name":"wp","href":"https:\/\/api.w.org\/{rel}","templated":true}]}}