{"id":25226,"date":"2025-07-02T20:17:38","date_gmt":"2025-07-02T18:17:38","guid":{"rendered":"https:\/\/mystikus.dsignpoint.com\/producto\/pulseira-zodiacal-balanca-com-pedras-naturais\/"},"modified":"2025-07-02T20:17:38","modified_gmt":"2025-07-02T18:17:38","slug":"pulseira-zodiacal-balanca-com-pedras-naturais","status":"publish","type":"product","link":"https:\/\/mystikus.dsignpoint.com\/pt-pt\/producto\/pulseira-zodiacal-balanca-com-pedras-naturais\/","title":{"rendered":"Pulseira Zodiacal Balan\u00e7a com Pedras Naturais"},"content":{"rendered":"<h3 data-start=\"107\" data-end=\"160\">Pulseira Zodiacal Balan\u00e7a com Pedras Naturais<\/h3>\n<pre data-start=\"107\" data-end=\"160\">Harmonia, beleza e equil\u00edbrio: tr\u00eas pilares do signo Balan\u00e7a, representados nesta pulseira zodiacal \u00fanica. Desenhada especialmente para os nascidos entre o   <strong data-start=\"319\" data-end=\"358\">23 de setembro e 22 de outubro<\/strong>, esta pe\u00e7a combina  <strong data-start=\"379\" data-end=\"415\">tr\u00eas pedras naturais poderosas<\/strong>  que harmonizam com a energia diplom\u00e1tica, amorosa e est\u00e9tica deste signo de ar<\/pre>\n","protected":false},"excerpt":{"rendered":"<p>Ajust\u00e1vel<\/p>\n<p>&nbsp;<\/p>\n","protected":false},"featured_media":23744,"comment_status":"closed","ping_status":"closed","template":"","meta":[],"product_brand":[],"product_cat":[111,133],"product_tag":[],"class_list":{"0":"post-25226","1":"product","2":"type-product","3":"status-publish","4":"has-post-thumbnail","6":"product_cat-minerais-e-joias","7":"product_cat-pulseiras","9":"first","10":"instock","11":"shipping-taxable","12":"purchasable","13":"product-type-simple"},"_links":{"self":[{"href":"https:\/\/mystikus.dsignpoint.com\/pt-pt\/wp-json\/wp\/v2\/product\/25226","targetHints":{"allow":["GET"]}}],"collection":[{"href":"https:\/\/mystikus.dsignpoint.com\/pt-pt\/wp-json\/wp\/v2\/product"}],"about":[{"href":"https:\/\/mystikus.dsignpoint.com\/pt-pt\/wp-json\/wp\/v2\/types\/product"}],"replies":[{"embeddable":true,"href":"https:\/\/mystikus.dsignpoint.com\/pt-pt\/wp-json\/wp\/v2\/comments?post=25226"}],"wp:featuredmedia":[{"embeddable":true,"href":"https:\/\/mystikus.dsignpoint.com\/pt-pt\/wp-json\/wp\/v2\/media\/23744"}],"wp:attachment":[{"href":"https:\/\/mystikus.dsignpoint.com\/pt-pt\/wp-json\/wp\/v2\/media?parent=25226"}],"wp:term":[{"taxonomy":"product_brand","embeddable":true,"href":"https:\/\/mystikus.dsignpoint.com\/pt-pt\/wp-json\/wp\/v2\/product_brand?post=25226"},{"taxonomy":"product_cat","embeddable":true,"href":"https:\/\/mystikus.dsignpoint.com\/pt-pt\/wp-json\/wp\/v2\/product_cat?post=25226"},{"taxonomy":"product_tag","embeddable":true,"href":"https:\/\/mystikus.dsignpoint.com\/pt-pt\/wp-json\/wp\/v2\/product_tag?post=25226"}],"curies":[{"name":"wp","href":"https:\/\/api.w.org\/{rel}","templated":true}]}}