{"id":25233,"date":"2025-07-02T20:21:29","date_gmt":"2025-07-02T18:21:29","guid":{"rendered":"https:\/\/mystikus.dsignpoint.com\/producto\/pulseira-zodiacal-carneiro-com-pedras-naturais\/"},"modified":"2025-07-02T20:21:29","modified_gmt":"2025-07-02T18:21:29","slug":"pulseira-zodiacal-carneiro-com-pedras-naturais","status":"publish","type":"product","link":"https:\/\/mystikus.dsignpoint.com\/pt-pt\/producto\/pulseira-zodiacal-carneiro-com-pedras-naturais\/","title":{"rendered":"Pulseira Zodiacal Carneiro com Pedras Naturais"},"content":{"rendered":"<h3 data-start=\"107\" data-end=\"160\">Pulseira Zodiacal Carneiro com Pedras Naturais<\/h3>\n<pre data-start=\"107\" data-end=\"160\">Coragem, impulso e lideran\u00e7a: tr\u00eas pilares do signo Carneiro, representados nesta pulseira zodiacal \u00fanica. Concebida especialmente para os nascidos entre  <strong data-start=\"316\" data-end=\"348\">21 de mar\u00e7o e 19 de abril<\/strong>, esta pe\u00e7a combina  <strong data-start=\"369\" data-end=\"405\">tr\u00eas pedras naturais poderosas<\/strong> que harmonizam com a energia corajosa, decidida e apaixonada deste signo de fogo<\/pre>\n","protected":false},"excerpt":{"rendered":"<p>Ajust\u00e1vel<\/p>\n<p>&nbsp;<\/p>\n","protected":false},"featured_media":23746,"comment_status":"closed","ping_status":"closed","template":"","meta":[],"product_brand":[],"product_cat":[111,133],"product_tag":[],"class_list":{"0":"post-25233","1":"product","2":"type-product","3":"status-publish","4":"has-post-thumbnail","6":"product_cat-minerais-e-joias","7":"product_cat-pulseiras","9":"first","10":"instock","11":"shipping-taxable","12":"purchasable","13":"product-type-simple"},"_links":{"self":[{"href":"https:\/\/mystikus.dsignpoint.com\/pt-pt\/wp-json\/wp\/v2\/product\/25233","targetHints":{"allow":["GET"]}}],"collection":[{"href":"https:\/\/mystikus.dsignpoint.com\/pt-pt\/wp-json\/wp\/v2\/product"}],"about":[{"href":"https:\/\/mystikus.dsignpoint.com\/pt-pt\/wp-json\/wp\/v2\/types\/product"}],"replies":[{"embeddable":true,"href":"https:\/\/mystikus.dsignpoint.com\/pt-pt\/wp-json\/wp\/v2\/comments?post=25233"}],"wp:featuredmedia":[{"embeddable":true,"href":"https:\/\/mystikus.dsignpoint.com\/pt-pt\/wp-json\/wp\/v2\/media\/23746"}],"wp:attachment":[{"href":"https:\/\/mystikus.dsignpoint.com\/pt-pt\/wp-json\/wp\/v2\/media?parent=25233"}],"wp:term":[{"taxonomy":"product_brand","embeddable":true,"href":"https:\/\/mystikus.dsignpoint.com\/pt-pt\/wp-json\/wp\/v2\/product_brand?post=25233"},{"taxonomy":"product_cat","embeddable":true,"href":"https:\/\/mystikus.dsignpoint.com\/pt-pt\/wp-json\/wp\/v2\/product_cat?post=25233"},{"taxonomy":"product_tag","embeddable":true,"href":"https:\/\/mystikus.dsignpoint.com\/pt-pt\/wp-json\/wp\/v2\/product_tag?post=25233"}],"curies":[{"name":"wp","href":"https:\/\/api.w.org\/{rel}","templated":true}]}}