{"id":25241,"date":"2025-07-02T20:07:11","date_gmt":"2025-07-02T18:07:11","guid":{"rendered":"https:\/\/mystikus.dsignpoint.com\/producto\/pulseira-zodiacal-peixes-com-pedras-naturais\/"},"modified":"2025-07-02T20:07:11","modified_gmt":"2025-07-02T18:07:11","slug":"pulseira-zodiacal-peixes-com-pedras-naturais","status":"publish","type":"product","link":"https:\/\/mystikus.dsignpoint.com\/pt-pt\/producto\/pulseira-zodiacal-peixes-com-pedras-naturais\/","title":{"rendered":"Pulseira Zodiacal Peixes com Pedras Naturais"},"content":{"rendered":"<h3 data-start=\"107\" data-end=\"160\">Pulseira Zodiacal Peixes com Pedras Naturais<\/h3>\n<p data-start=\"162\" data-end=\"481\">Sensibilidade, intui\u00e7\u00e3o e conex\u00e3o espiritual: tr\u00eas pilares do signo Peixes, representados nesta pulseira zodiacal \u00fanica. Desenhada especialmente para os nascidos entre <strong data-start=\"327\" data-end=\"361\">19 de fevereiro e 20 de mar\u00e7o<\/strong>, esta pe\u00e7a combina <strong data-start=\"382\" data-end=\"418\">tr\u00eas pedras naturais poderosas<\/strong> que harmonizam com a energia amorosa, emp\u00e1tica e sonhadora deste signo de \u00e1gua <\/p>\n","protected":false},"excerpt":{"rendered":"<p>Ajust\u00e1vel<\/p>\n<p>&nbsp;<\/p>\n","protected":false},"featured_media":23738,"comment_status":"closed","ping_status":"closed","template":"","meta":[],"product_brand":[],"product_cat":[111,133],"product_tag":[],"class_list":{"0":"post-25241","1":"product","2":"type-product","3":"status-publish","4":"has-post-thumbnail","6":"product_cat-minerais-e-joias","7":"product_cat-pulseiras","9":"first","10":"instock","11":"shipping-taxable","12":"purchasable","13":"product-type-simple"},"_links":{"self":[{"href":"https:\/\/mystikus.dsignpoint.com\/pt-pt\/wp-json\/wp\/v2\/product\/25241","targetHints":{"allow":["GET"]}}],"collection":[{"href":"https:\/\/mystikus.dsignpoint.com\/pt-pt\/wp-json\/wp\/v2\/product"}],"about":[{"href":"https:\/\/mystikus.dsignpoint.com\/pt-pt\/wp-json\/wp\/v2\/types\/product"}],"replies":[{"embeddable":true,"href":"https:\/\/mystikus.dsignpoint.com\/pt-pt\/wp-json\/wp\/v2\/comments?post=25241"}],"wp:featuredmedia":[{"embeddable":true,"href":"https:\/\/mystikus.dsignpoint.com\/pt-pt\/wp-json\/wp\/v2\/media\/23738"}],"wp:attachment":[{"href":"https:\/\/mystikus.dsignpoint.com\/pt-pt\/wp-json\/wp\/v2\/media?parent=25241"}],"wp:term":[{"taxonomy":"product_brand","embeddable":true,"href":"https:\/\/mystikus.dsignpoint.com\/pt-pt\/wp-json\/wp\/v2\/product_brand?post=25241"},{"taxonomy":"product_cat","embeddable":true,"href":"https:\/\/mystikus.dsignpoint.com\/pt-pt\/wp-json\/wp\/v2\/product_cat?post=25241"},{"taxonomy":"product_tag","embeddable":true,"href":"https:\/\/mystikus.dsignpoint.com\/pt-pt\/wp-json\/wp\/v2\/product_tag?post=25241"}],"curies":[{"name":"wp","href":"https:\/\/api.w.org\/{rel}","templated":true}]}}