{"id":25254,"date":"2025-07-02T20:03:40","date_gmt":"2025-07-02T18:03:40","guid":{"rendered":"https:\/\/mystikus.dsignpoint.com\/producto\/pulseira-do-zodiaco-escorpiao-com-pedras-naturais\/"},"modified":"2025-07-02T20:03:40","modified_gmt":"2025-07-02T18:03:40","slug":"pulseira-do-zodiaco-escorpiao-com-pedras-naturais","status":"publish","type":"product","link":"https:\/\/mystikus.dsignpoint.com\/pt-pt\/producto\/pulseira-do-zodiaco-escorpiao-com-pedras-naturais\/","title":{"rendered":"Pulseira do Zod\u00edaco Escorpi\u00e3o com Pedras Naturais"},"content":{"rendered":"<h3 data-start=\"107\" data-end=\"160\">Pulseira do Zod\u00edaco Escorpi\u00e3o com Pedras Naturais<\/h3>\n<p data-start=\"162\" data-end=\"481\">Intensidade, transforma\u00e7\u00e3o e poder interior: tr\u00eas pilares do signo Escorpi\u00e3o, representados nesta pulseira zodiacal \u00fanica. Desenhada especialmente para os nascidos entre <strong data-start=\"332\" data-end=\"370\">23 de outubro e 21 de novembro<\/strong>, esta pe\u00e7a combina <strong data-start=\"391\" data-end=\"427\">tr\u00eas pedras naturais poderosas<\/strong> que harmonizam com a energia profunda, intuitiva e magn\u00e9tica deste signo de \u00e1gua <\/p>\n","protected":false},"excerpt":{"rendered":"<p>Ajust\u00e1vel<\/p>\n<p>&nbsp;<\/p>\n","protected":false},"featured_media":23736,"comment_status":"closed","ping_status":"closed","template":"","meta":[],"product_brand":[],"product_cat":[111,133],"product_tag":[],"class_list":{"0":"post-25254","1":"product","2":"type-product","3":"status-publish","4":"has-post-thumbnail","6":"product_cat-minerais-e-joias","7":"product_cat-pulseiras","9":"first","10":"instock","11":"shipping-taxable","12":"purchasable","13":"product-type-simple"},"_links":{"self":[{"href":"https:\/\/mystikus.dsignpoint.com\/pt-pt\/wp-json\/wp\/v2\/product\/25254","targetHints":{"allow":["GET"]}}],"collection":[{"href":"https:\/\/mystikus.dsignpoint.com\/pt-pt\/wp-json\/wp\/v2\/product"}],"about":[{"href":"https:\/\/mystikus.dsignpoint.com\/pt-pt\/wp-json\/wp\/v2\/types\/product"}],"replies":[{"embeddable":true,"href":"https:\/\/mystikus.dsignpoint.com\/pt-pt\/wp-json\/wp\/v2\/comments?post=25254"}],"wp:featuredmedia":[{"embeddable":true,"href":"https:\/\/mystikus.dsignpoint.com\/pt-pt\/wp-json\/wp\/v2\/media\/23736"}],"wp:attachment":[{"href":"https:\/\/mystikus.dsignpoint.com\/pt-pt\/wp-json\/wp\/v2\/media?parent=25254"}],"wp:term":[{"taxonomy":"product_brand","embeddable":true,"href":"https:\/\/mystikus.dsignpoint.com\/pt-pt\/wp-json\/wp\/v2\/product_brand?post=25254"},{"taxonomy":"product_cat","embeddable":true,"href":"https:\/\/mystikus.dsignpoint.com\/pt-pt\/wp-json\/wp\/v2\/product_cat?post=25254"},{"taxonomy":"product_tag","embeddable":true,"href":"https:\/\/mystikus.dsignpoint.com\/pt-pt\/wp-json\/wp\/v2\/product_tag?post=25254"}],"curies":[{"name":"wp","href":"https:\/\/api.w.org\/{rel}","templated":true}]}}