{"id":25257,"date":"2025-07-02T19:31:54","date_gmt":"2025-07-02T17:31:54","guid":{"rendered":"https:\/\/mystikus.dsignpoint.com\/producto\/incenso-em-cone-energia\/"},"modified":"2025-07-02T19:31:54","modified_gmt":"2025-07-02T17:31:54","slug":"incenso-em-cone-energia","status":"publish","type":"product","link":"https:\/\/mystikus.dsignpoint.com\/pt-pt\/producto\/incenso-em-cone-energia\/","title":{"rendered":"Incenso em Cone Energia"},"content":{"rendered":"<h4>Incenso em Cone <strong data-start=\"125\" data-end=\"156\">Energia<\/strong><\/h4>\n<p data-start=\"125\" data-end=\"599\">\u00e9 um estimulante espiritual concebido para renovar a for\u00e7a interior, elevar a vitalidade e dissipar o cansa\u00e7o emocional ou mental. Ao ser aceso, o seu aroma vigorizante ativa a motiva\u00e7\u00e3o, desperta o \u00e2nimo e cria um ambiente din\u00e2mico e cheio de impulso. Ideal para come\u00e7ar o dia com energia, enfrentar momentos de fadiga ou recuperar o entusiasmo em tempos de esgotamento. Uma fa\u00edsca arom\u00e1tica que revitaliza o corpo, a mente e o esp\u00edrito.   <\/p>\n","protected":false},"excerpt":{"rendered":"<p>Incenso em Cone Energia \u00e9 um estimulante espiritual concebido para renovar a for\u00e7a interior, elevar a vitalidade e dissipar o cansa\u00e7o emocional ou mental. Ao ser aceso, o seu aroma vigorizante ativa a motiva\u00e7\u00e3o, desperta o \u00e2nimo e cria um ambiente din\u00e2mico e cheio de impulso. Ideal para come\u00e7ar o dia com energia, enfrentar momentos [&hellip;]<\/p>\n","protected":false},"featured_media":23753,"comment_status":"closed","ping_status":"closed","template":"","meta":[],"product_brand":[],"product_cat":[205,196,114,148],"product_tag":[],"class_list":{"0":"post-25257","1":"product","2":"type-product","3":"status-publish","4":"has-post-thumbnail","6":"product_cat-incensos-de-proposito","8":"product_cat-incensos-e-aromas","9":"product_cat-mystikus-collection","11":"first","12":"instock","13":"shipping-taxable","14":"purchasable","15":"product-type-simple"},"_links":{"self":[{"href":"https:\/\/mystikus.dsignpoint.com\/pt-pt\/wp-json\/wp\/v2\/product\/25257","targetHints":{"allow":["GET"]}}],"collection":[{"href":"https:\/\/mystikus.dsignpoint.com\/pt-pt\/wp-json\/wp\/v2\/product"}],"about":[{"href":"https:\/\/mystikus.dsignpoint.com\/pt-pt\/wp-json\/wp\/v2\/types\/product"}],"replies":[{"embeddable":true,"href":"https:\/\/mystikus.dsignpoint.com\/pt-pt\/wp-json\/wp\/v2\/comments?post=25257"}],"wp:featuredmedia":[{"embeddable":true,"href":"https:\/\/mystikus.dsignpoint.com\/pt-pt\/wp-json\/wp\/v2\/media\/23753"}],"wp:attachment":[{"href":"https:\/\/mystikus.dsignpoint.com\/pt-pt\/wp-json\/wp\/v2\/media?parent=25257"}],"wp:term":[{"taxonomy":"product_brand","embeddable":true,"href":"https:\/\/mystikus.dsignpoint.com\/pt-pt\/wp-json\/wp\/v2\/product_brand?post=25257"},{"taxonomy":"product_cat","embeddable":true,"href":"https:\/\/mystikus.dsignpoint.com\/pt-pt\/wp-json\/wp\/v2\/product_cat?post=25257"},{"taxonomy":"product_tag","embeddable":true,"href":"https:\/\/mystikus.dsignpoint.com\/pt-pt\/wp-json\/wp\/v2\/product_tag?post=25257"}],"curies":[{"name":"wp","href":"https:\/\/api.w.org\/{rel}","templated":true}]}}