{"id":25268,"date":"2025-07-02T19:56:41","date_gmt":"2025-07-02T17:56:41","guid":{"rendered":"https:\/\/mystikus.dsignpoint.com\/producto\/pulseira-zodiacal-leao-com-pedras-naturais\/"},"modified":"2025-07-02T19:56:41","modified_gmt":"2025-07-02T17:56:41","slug":"pulseira-zodiacal-leao-com-pedras-naturais","status":"publish","type":"product","link":"https:\/\/mystikus.dsignpoint.com\/pt-pt\/producto\/pulseira-zodiacal-leao-com-pedras-naturais\/","title":{"rendered":"Pulseira Zodiacal Le\u00e3o com Pedras Naturais"},"content":{"rendered":"<h3 data-start=\"107\" data-end=\"160\"><strong data-start=\"114\" data-end=\"160\">Pulseira Zodiacal Le\u00e3o com Pedras Naturais<\/strong><\/h3>\n<p data-start=\"162\" data-end=\"481\">For\u00e7a, brilho e paix\u00e3o: tr\u00eas pilares do signo Le\u00e3o, representados nesta pulseira zodiacal \u00fanica. Concebida especialmente para os nascidos entre <strong data-start=\"310\" data-end=\"343\">23 de julho e 22 de agosto<\/strong>, esta pe\u00e7a combina <strong data-start=\"364\" data-end=\"400\">tr\u00eas pedras naturais poderosas<\/strong> que harmonizam com a energia vibrante, segura e luminosa deste signo de fogo <\/p>\n","protected":false},"excerpt":{"rendered":"<p>Ajust\u00e1vel<\/p>\n<p>&nbsp;<\/p>\n","protected":false},"featured_media":23734,"comment_status":"closed","ping_status":"closed","template":"","meta":[],"product_brand":[],"product_cat":[111,133],"product_tag":[],"class_list":{"0":"post-25268","1":"product","2":"type-product","3":"status-publish","4":"has-post-thumbnail","6":"product_cat-minerais-e-joias","7":"product_cat-pulseiras","9":"first","10":"instock","11":"shipping-taxable","12":"purchasable","13":"product-type-simple"},"_links":{"self":[{"href":"https:\/\/mystikus.dsignpoint.com\/pt-pt\/wp-json\/wp\/v2\/product\/25268","targetHints":{"allow":["GET"]}}],"collection":[{"href":"https:\/\/mystikus.dsignpoint.com\/pt-pt\/wp-json\/wp\/v2\/product"}],"about":[{"href":"https:\/\/mystikus.dsignpoint.com\/pt-pt\/wp-json\/wp\/v2\/types\/product"}],"replies":[{"embeddable":true,"href":"https:\/\/mystikus.dsignpoint.com\/pt-pt\/wp-json\/wp\/v2\/comments?post=25268"}],"wp:featuredmedia":[{"embeddable":true,"href":"https:\/\/mystikus.dsignpoint.com\/pt-pt\/wp-json\/wp\/v2\/media\/23734"}],"wp:attachment":[{"href":"https:\/\/mystikus.dsignpoint.com\/pt-pt\/wp-json\/wp\/v2\/media?parent=25268"}],"wp:term":[{"taxonomy":"product_brand","embeddable":true,"href":"https:\/\/mystikus.dsignpoint.com\/pt-pt\/wp-json\/wp\/v2\/product_brand?post=25268"},{"taxonomy":"product_cat","embeddable":true,"href":"https:\/\/mystikus.dsignpoint.com\/pt-pt\/wp-json\/wp\/v2\/product_cat?post=25268"},{"taxonomy":"product_tag","embeddable":true,"href":"https:\/\/mystikus.dsignpoint.com\/pt-pt\/wp-json\/wp\/v2\/product_tag?post=25268"}],"curies":[{"name":"wp","href":"https:\/\/api.w.org\/{rel}","templated":true}]}}