{"id":25272,"date":"2025-07-02T19:27:29","date_gmt":"2025-07-02T17:27:29","guid":{"rendered":"https:\/\/mystikus.dsignpoint.com\/producto\/incenso-em-cone-levanta-negocios\/"},"modified":"2025-07-02T19:27:29","modified_gmt":"2025-07-02T17:27:29","slug":"incenso-em-cone-levanta-negocios","status":"publish","type":"product","link":"https:\/\/mystikus.dsignpoint.com\/pt-pt\/producto\/incenso-em-cone-levanta-negocios\/","title":{"rendered":"Incenso em Cone Levanta Neg\u00f3cios"},"content":{"rendered":"<h4>Incenso em Cone Levanta Neg\u00f3cios<\/h4>\n<p data-start=\"168\" data-end=\"745\">\u00e9 um potente ativador energ\u00e9tico criado para impulsionar as vendas, atrair clientes e abrir as portas \u00e0 abund\u00e2ncia. Ao acender-se, o seu aroma din\u00e2mico e vibrante magnetiza a prosperidade, revitaliza o fluxo comercial e dissolve energias que bloqueiam o crescimento econ\u00f3mico. Ideal para neg\u00f3cios f\u00edsicos, escrit\u00f3rios, lojas ou empreendimentos que procuram expans\u00e3o, movimento e sucesso constante. Uma ferramenta espiritual para quem deseja ver o seu neg\u00f3cio florescer com for\u00e7a e boas oportunidades.   <\/p>\n","protected":false},"excerpt":{"rendered":"<p>Incenso em Cone Levanta Neg\u00f3cios \u00e9 um potente ativador energ\u00e9tico criado para impulsionar as vendas, atrair clientes e abrir as portas \u00e0 abund\u00e2ncia. Ao acender-se, o seu aroma din\u00e2mico e vibrante magnetiza a prosperidade, revitaliza o fluxo comercial e dissolve energias que bloqueiam o crescimento econ\u00f3mico. Ideal para neg\u00f3cios f\u00edsicos, escrit\u00f3rios, lojas ou empreendimentos que [&hellip;]<\/p>\n","protected":false},"featured_media":23754,"comment_status":"closed","ping_status":"closed","template":"","meta":[],"product_brand":[],"product_cat":[196,205,114,148],"product_tag":[],"class_list":{"0":"post-25272","1":"product","2":"type-product","3":"status-publish","4":"has-post-thumbnail","6":"product_cat-incensos-de-proposito","8":"product_cat-incensos-e-aromas","9":"product_cat-mystikus-collection","11":"first","12":"instock","13":"shipping-taxable","14":"purchasable","15":"product-type-simple"},"_links":{"self":[{"href":"https:\/\/mystikus.dsignpoint.com\/pt-pt\/wp-json\/wp\/v2\/product\/25272","targetHints":{"allow":["GET"]}}],"collection":[{"href":"https:\/\/mystikus.dsignpoint.com\/pt-pt\/wp-json\/wp\/v2\/product"}],"about":[{"href":"https:\/\/mystikus.dsignpoint.com\/pt-pt\/wp-json\/wp\/v2\/types\/product"}],"replies":[{"embeddable":true,"href":"https:\/\/mystikus.dsignpoint.com\/pt-pt\/wp-json\/wp\/v2\/comments?post=25272"}],"wp:featuredmedia":[{"embeddable":true,"href":"https:\/\/mystikus.dsignpoint.com\/pt-pt\/wp-json\/wp\/v2\/media\/23754"}],"wp:attachment":[{"href":"https:\/\/mystikus.dsignpoint.com\/pt-pt\/wp-json\/wp\/v2\/media?parent=25272"}],"wp:term":[{"taxonomy":"product_brand","embeddable":true,"href":"https:\/\/mystikus.dsignpoint.com\/pt-pt\/wp-json\/wp\/v2\/product_brand?post=25272"},{"taxonomy":"product_cat","embeddable":true,"href":"https:\/\/mystikus.dsignpoint.com\/pt-pt\/wp-json\/wp\/v2\/product_cat?post=25272"},{"taxonomy":"product_tag","embeddable":true,"href":"https:\/\/mystikus.dsignpoint.com\/pt-pt\/wp-json\/wp\/v2\/product_tag?post=25272"}],"curies":[{"name":"wp","href":"https:\/\/api.w.org\/{rel}","templated":true}]}}