{"id":25289,"date":"2025-07-02T19:23:01","date_gmt":"2025-07-02T17:23:01","guid":{"rendered":"https:\/\/mystikus.dsignpoint.com\/producto\/incenso-em-cone-abre-caminhos\/"},"modified":"2025-07-02T19:23:01","modified_gmt":"2025-07-02T17:23:01","slug":"incenso-em-cone-abre-caminhos","status":"publish","type":"product","link":"https:\/\/mystikus.dsignpoint.com\/pt-pt\/producto\/incenso-em-cone-abre-caminhos\/","title":{"rendered":"Incenso em Cone Abre Caminhos"},"content":{"rendered":"<h4>Incenso em Cone Abre Caminhos<\/h4>\n<p data-start=\"168\" data-end=\"745\">\u00e9 uma ferramenta espiritual especialmente formulada para eliminar bloqueios, destravar situa\u00e7\u00f5es estagnadas e facilitar o fluxo de energia positiva em todos os aspetos da vida. Ao ser aceso, o seu fumo potente e harmonizador limpa o caminho de obst\u00e1culos invis\u00edveis, afastando entraves, d\u00favidas e energias estagnadas. Ideal para iniciar novos projetos, tomar decis\u00f5es importantes ou quando se necessita de clareza e movimento no \u00e2mbito pessoal, laboral ou espiritual. Um impulso energ\u00e9tico que abre portas e guia para novas oportunidades.   <\/p>\n","protected":false},"excerpt":{"rendered":"<p>Incenso em Cone Abre Caminhos \u00e9 uma ferramenta espiritual especialmente formulada para eliminar bloqueios, destravar situa\u00e7\u00f5es estagnadas e facilitar o fluxo de energia positiva em todos os aspetos da vida. Ao ser aceso, o seu fumo potente e harmonizador limpa o caminho de obst\u00e1culos invis\u00edveis, afastando entraves, d\u00favidas e energias estagnadas. Ideal para iniciar novos [&hellip;]<\/p>\n","protected":false},"featured_media":23755,"comment_status":"closed","ping_status":"closed","template":"","meta":[],"product_brand":[],"product_cat":[196,205,114,148],"product_tag":[],"class_list":{"0":"post-25289","1":"product","2":"type-product","3":"status-publish","4":"has-post-thumbnail","6":"product_cat-incensos-de-proposito","8":"product_cat-incensos-e-aromas","9":"product_cat-mystikus-collection","11":"first","12":"instock","13":"shipping-taxable","14":"purchasable","15":"product-type-simple"},"_links":{"self":[{"href":"https:\/\/mystikus.dsignpoint.com\/pt-pt\/wp-json\/wp\/v2\/product\/25289","targetHints":{"allow":["GET"]}}],"collection":[{"href":"https:\/\/mystikus.dsignpoint.com\/pt-pt\/wp-json\/wp\/v2\/product"}],"about":[{"href":"https:\/\/mystikus.dsignpoint.com\/pt-pt\/wp-json\/wp\/v2\/types\/product"}],"replies":[{"embeddable":true,"href":"https:\/\/mystikus.dsignpoint.com\/pt-pt\/wp-json\/wp\/v2\/comments?post=25289"}],"wp:featuredmedia":[{"embeddable":true,"href":"https:\/\/mystikus.dsignpoint.com\/pt-pt\/wp-json\/wp\/v2\/media\/23755"}],"wp:attachment":[{"href":"https:\/\/mystikus.dsignpoint.com\/pt-pt\/wp-json\/wp\/v2\/media?parent=25289"}],"wp:term":[{"taxonomy":"product_brand","embeddable":true,"href":"https:\/\/mystikus.dsignpoint.com\/pt-pt\/wp-json\/wp\/v2\/product_brand?post=25289"},{"taxonomy":"product_cat","embeddable":true,"href":"https:\/\/mystikus.dsignpoint.com\/pt-pt\/wp-json\/wp\/v2\/product_cat?post=25289"},{"taxonomy":"product_tag","embeddable":true,"href":"https:\/\/mystikus.dsignpoint.com\/pt-pt\/wp-json\/wp\/v2\/product_tag?post=25289"}],"curies":[{"name":"wp","href":"https:\/\/api.w.org\/{rel}","templated":true}]}}