{"id":25294,"date":"2025-07-02T19:13:35","date_gmt":"2025-07-02T17:13:35","guid":{"rendered":"https:\/\/mystikus.dsignpoint.com\/producto\/incenso-em-cone-mel-de-amor\/"},"modified":"2025-07-02T19:13:35","modified_gmt":"2025-07-02T17:13:35","slug":"incenso-em-cone-mel-de-amor","status":"publish","type":"product","link":"https:\/\/mystikus.dsignpoint.com\/pt-pt\/producto\/incenso-em-cone-mel-de-amor\/","title":{"rendered":"Incenso em Cone Mel de Amor"},"content":{"rendered":"<p><strong>Incenso em Cone Mel de Amor<\/strong><\/p>\n<p>\u00e9 um produto espiritual criado para atrair o amor, fortalecer v\u00ednculos afetivos e reavivar a paix\u00e3o nas rela\u00e7\u00f5es. Ao ser aceso, o seu aroma doce e envolvente desperta energias amorosas, suaviza tens\u00f5es emocionais e abre o cora\u00e7\u00e3o ao afeto e \u00e0 conex\u00e3o profunda. Ideal para rituais de amor, reconcilia\u00e7\u00f5es ou para atrair uma rela\u00e7\u00e3o harmoniosa e cheia de ternura. Perfeito para quem deseja acender ou reacender a chama do amor na sua vida.   <\/p>\n","protected":false},"excerpt":{"rendered":"<p>Incenso em Cone Mel de Amor \u00e9 um produto espiritual criado para atrair o amor, fortalecer v\u00ednculos afetivos e reavivar a paix\u00e3o nas rela\u00e7\u00f5es. Ao ser aceso, o seu aroma doce e envolvente desperta energias amorosas, suaviza tens\u00f5es emocionais e abre o cora\u00e7\u00e3o ao afeto e \u00e0 conex\u00e3o profunda. Ideal para rituais de amor, reconcilia\u00e7\u00f5es [&hellip;]<\/p>\n","protected":false},"featured_media":23757,"comment_status":"closed","ping_status":"closed","template":"","meta":[],"product_brand":[],"product_cat":[205,196,114,148],"product_tag":[],"class_list":{"0":"post-25294","1":"product","2":"type-product","3":"status-publish","4":"has-post-thumbnail","6":"product_cat-incensos-de-proposito","8":"product_cat-incensos-e-aromas","9":"product_cat-mystikus-collection","11":"first","12":"instock","13":"shipping-taxable","14":"purchasable","15":"product-type-simple"},"_links":{"self":[{"href":"https:\/\/mystikus.dsignpoint.com\/pt-pt\/wp-json\/wp\/v2\/product\/25294","targetHints":{"allow":["GET"]}}],"collection":[{"href":"https:\/\/mystikus.dsignpoint.com\/pt-pt\/wp-json\/wp\/v2\/product"}],"about":[{"href":"https:\/\/mystikus.dsignpoint.com\/pt-pt\/wp-json\/wp\/v2\/types\/product"}],"replies":[{"embeddable":true,"href":"https:\/\/mystikus.dsignpoint.com\/pt-pt\/wp-json\/wp\/v2\/comments?post=25294"}],"wp:featuredmedia":[{"embeddable":true,"href":"https:\/\/mystikus.dsignpoint.com\/pt-pt\/wp-json\/wp\/v2\/media\/23757"}],"wp:attachment":[{"href":"https:\/\/mystikus.dsignpoint.com\/pt-pt\/wp-json\/wp\/v2\/media?parent=25294"}],"wp:term":[{"taxonomy":"product_brand","embeddable":true,"href":"https:\/\/mystikus.dsignpoint.com\/pt-pt\/wp-json\/wp\/v2\/product_brand?post=25294"},{"taxonomy":"product_cat","embeddable":true,"href":"https:\/\/mystikus.dsignpoint.com\/pt-pt\/wp-json\/wp\/v2\/product_cat?post=25294"},{"taxonomy":"product_tag","embeddable":true,"href":"https:\/\/mystikus.dsignpoint.com\/pt-pt\/wp-json\/wp\/v2\/product_tag?post=25294"}],"curies":[{"name":"wp","href":"https:\/\/api.w.org\/{rel}","templated":true}]}}