{"id":25307,"date":"2025-07-02T19:19:57","date_gmt":"2025-07-02T17:19:57","guid":{"rendered":"https:\/\/mystikus.dsignpoint.com\/producto\/incenso-em-cone-mao-de-fatima\/"},"modified":"2025-07-02T19:19:57","modified_gmt":"2025-07-02T17:19:57","slug":"incenso-em-cone-mao-de-fatima","status":"publish","type":"product","link":"https:\/\/mystikus.dsignpoint.com\/pt-pt\/producto\/incenso-em-cone-mao-de-fatima\/","title":{"rendered":"Incenso em Cone M\u00e3o de F\u00e1tima"},"content":{"rendered":"<p><strong>Incenso em Cone M\u00e3o de F\u00e1tima<\/strong><\/p>\n<p>\u00e9 um poderoso aliado espiritual concebido para proporcionar prote\u00e7\u00e3o, defesa energ\u00e9tica e resguardo contra o mal. Ao ser aceso, o seu aroma m\u00edstico invoca energias guardi\u00e3s que bloqueiam influ\u00eancias negativas, invejas e ataques espirituais. Forma um campo vibracional de seguran\u00e7a e calma, ideal para rituais de defesa, limpeza espiritual ou para manter o teu lar ou espa\u00e7o sagrado sob uma energia protetora constante. Inspirado no s\u00edmbolo ancestral da M\u00e3o de F\u00e1tima, este incenso \u00e9 um escudo de luz e for\u00e7a.   <\/p>\n","protected":false},"excerpt":{"rendered":"<p>Incenso em Cone M\u00e3o de F\u00e1tima \u00e9 um poderoso aliado espiritual concebido para proporcionar prote\u00e7\u00e3o, defesa energ\u00e9tica e resguardo contra o mal. Ao ser aceso, o seu aroma m\u00edstico invoca energias guardi\u00e3s que bloqueiam influ\u00eancias negativas, invejas e ataques espirituais. Forma um campo vibracional de seguran\u00e7a e calma, ideal para rituais de defesa, limpeza espiritual [&hellip;]<\/p>\n","protected":false},"featured_media":23756,"comment_status":"closed","ping_status":"closed","template":"","meta":[],"product_brand":[],"product_cat":[196,205,114,148],"product_tag":[],"class_list":{"0":"post-25307","1":"product","2":"type-product","3":"status-publish","4":"has-post-thumbnail","6":"product_cat-incensos-de-proposito","8":"product_cat-incensos-e-aromas","9":"product_cat-mystikus-collection","11":"first","12":"instock","13":"shipping-taxable","14":"purchasable","15":"product-type-simple"},"_links":{"self":[{"href":"https:\/\/mystikus.dsignpoint.com\/pt-pt\/wp-json\/wp\/v2\/product\/25307","targetHints":{"allow":["GET"]}}],"collection":[{"href":"https:\/\/mystikus.dsignpoint.com\/pt-pt\/wp-json\/wp\/v2\/product"}],"about":[{"href":"https:\/\/mystikus.dsignpoint.com\/pt-pt\/wp-json\/wp\/v2\/types\/product"}],"replies":[{"embeddable":true,"href":"https:\/\/mystikus.dsignpoint.com\/pt-pt\/wp-json\/wp\/v2\/comments?post=25307"}],"wp:featuredmedia":[{"embeddable":true,"href":"https:\/\/mystikus.dsignpoint.com\/pt-pt\/wp-json\/wp\/v2\/media\/23756"}],"wp:attachment":[{"href":"https:\/\/mystikus.dsignpoint.com\/pt-pt\/wp-json\/wp\/v2\/media?parent=25307"}],"wp:term":[{"taxonomy":"product_brand","embeddable":true,"href":"https:\/\/mystikus.dsignpoint.com\/pt-pt\/wp-json\/wp\/v2\/product_brand?post=25307"},{"taxonomy":"product_cat","embeddable":true,"href":"https:\/\/mystikus.dsignpoint.com\/pt-pt\/wp-json\/wp\/v2\/product_cat?post=25307"},{"taxonomy":"product_tag","embeddable":true,"href":"https:\/\/mystikus.dsignpoint.com\/pt-pt\/wp-json\/wp\/v2\/product_tag?post=25307"}],"curies":[{"name":"wp","href":"https:\/\/api.w.org\/{rel}","templated":true}]}}