{"id":25312,"date":"2025-07-02T19:05:28","date_gmt":"2025-07-02T17:05:28","guid":{"rendered":"https:\/\/mystikus.dsignpoint.com\/producto\/incenso-em-cone-sorte-rapida\/"},"modified":"2025-07-02T19:05:28","modified_gmt":"2025-07-02T17:05:28","slug":"incenso-em-cone-sorte-rapida","status":"publish","type":"product","link":"https:\/\/mystikus.dsignpoint.com\/pt-pt\/producto\/incenso-em-cone-sorte-rapida\/","title":{"rendered":"Incenso em Cone Sorte R\u00e1pida"},"content":{"rendered":"<p><strong>Incenso em Cone Sorte R\u00e1pida<\/strong><\/p>\n<p>\u00c9 um produto espiritual formulado para atrair a boa sorte em \u00e1reas chave da vida como o trabalho, o dinheiro e o amor. Ao ser aceso, o seu fumo arom\u00e1tico ativa energias positivas que abrem caminhos, impulsionam novas oportunidades e favorecem a prosperidade. \u00c9 ideal para rituais de atra\u00e7\u00e3o, manifesta\u00e7\u00f5es de desejos ou para manter um ambiente carregado de vibra\u00e7\u00f5es favor\u00e1veis e fortuna. Perfeito para quem procura um impulso r\u00e1pido nas suas metas e sonhos.   <\/p>\n","protected":false},"excerpt":{"rendered":"<p><strong>Incenso em Cone Sorte R\u00e1pida<\/strong><\/p>\n<p>&nbsp;<\/p>\n","protected":false},"featured_media":23752,"comment_status":"closed","ping_status":"closed","template":"","meta":[],"product_brand":[],"product_cat":[196,205,114,148],"product_tag":[],"class_list":{"0":"post-25312","1":"product","2":"type-product","3":"status-publish","4":"has-post-thumbnail","6":"product_cat-incensos-de-proposito","8":"product_cat-incensos-e-aromas","9":"product_cat-mystikus-collection","11":"first","12":"instock","13":"shipping-taxable","14":"purchasable","15":"product-type-simple"},"_links":{"self":[{"href":"https:\/\/mystikus.dsignpoint.com\/pt-pt\/wp-json\/wp\/v2\/product\/25312","targetHints":{"allow":["GET"]}}],"collection":[{"href":"https:\/\/mystikus.dsignpoint.com\/pt-pt\/wp-json\/wp\/v2\/product"}],"about":[{"href":"https:\/\/mystikus.dsignpoint.com\/pt-pt\/wp-json\/wp\/v2\/types\/product"}],"replies":[{"embeddable":true,"href":"https:\/\/mystikus.dsignpoint.com\/pt-pt\/wp-json\/wp\/v2\/comments?post=25312"}],"wp:featuredmedia":[{"embeddable":true,"href":"https:\/\/mystikus.dsignpoint.com\/pt-pt\/wp-json\/wp\/v2\/media\/23752"}],"wp:attachment":[{"href":"https:\/\/mystikus.dsignpoint.com\/pt-pt\/wp-json\/wp\/v2\/media?parent=25312"}],"wp:term":[{"taxonomy":"product_brand","embeddable":true,"href":"https:\/\/mystikus.dsignpoint.com\/pt-pt\/wp-json\/wp\/v2\/product_brand?post=25312"},{"taxonomy":"product_cat","embeddable":true,"href":"https:\/\/mystikus.dsignpoint.com\/pt-pt\/wp-json\/wp\/v2\/product_cat?post=25312"},{"taxonomy":"product_tag","embeddable":true,"href":"https:\/\/mystikus.dsignpoint.com\/pt-pt\/wp-json\/wp\/v2\/product_tag?post=25312"}],"curies":[{"name":"wp","href":"https:\/\/api.w.org\/{rel}","templated":true}]}}