{"id":25339,"date":"2025-07-02T18:24:26","date_gmt":"2025-07-02T16:24:26","guid":{"rendered":"https:\/\/mystikus.dsignpoint.com\/producto\/incenso-de-ervas-sem-bambu-com-suporte-abundance\/"},"modified":"2025-07-02T18:24:26","modified_gmt":"2025-07-02T16:24:26","slug":"incenso-de-ervas-sem-bambu-com-suporte-abundance","status":"publish","type":"product","link":"https:\/\/mystikus.dsignpoint.com\/pt-pt\/producto\/incenso-de-ervas-sem-bambu-com-suporte-abundance\/","title":{"rendered":"Incenso de ervas sem bambu com suporte Abundance"},"content":{"rendered":"<p style=\"font-weight: 400;\">O Incenso de Ervas sem Bambu da Song of India \u00e9 elaborado de acordo com a antiga tradi\u00e7\u00e3o indiana, onde a queima de incenso \u00e9 praticada pelos seus benef\u00edcios terap\u00eauticos e calmantes. O Ayurveda prescreve a queima de incenso feito de ervas, resinas, especiarias e \u00f3leos como uma forma eficaz de purificar o ar e infundir-lhe uma rica fragr\u00e2ncia que encanta os sentidos. <\/p>\n<p><strong>Aroma: <\/strong>mistura de flores, jasmim e lim\u00e3o.<\/p>\n<p><b><strong>Acerca do produto<\/strong><\/b><br \/>\n50 varetas de incenso sem n\u00facleo de bambu<br \/>\nQueimador de incenso de cer\u00e2mica artesanal<br \/>\nN\u00e3o t\u00f3xico, livre de qu\u00edmicos<br \/>\nEmbalagem: Papel reciclado feito \u00e0 m\u00e3o com informa\u00e7\u00f5es em ingl\u00eas<\/p>\n<p><b><strong>Ingredientes <\/strong><\/b><br \/>\nResina natural de incenso, carv\u00e3o ativado, \u00e1gua de cana-de-a\u00e7\u00facar, p\u00f3 de casca, p\u00f3 de madeira, \u00f3leos essenciais.<\/p>\n<p style=\"font-weight: 400;\"><b><strong>Ayurveda<\/strong><\/b><br \/>\nO Ayurveda foi revelado aos videntes da \u00cdndia h\u00e1 milhares de anos. \u00c9 a ci\u00eancia da longevidade que promove a sa\u00fade positiva, a beleza natural e a longa vida. A sa\u00fade \u00e9 mantida atrav\u00e9s do equil\u00edbrio de tr\u00eas Doshas ou energias subtis, conhecidas como Vata, Pitta e Kapha.  <\/p>\n","protected":false},"excerpt":{"rendered":"<p>Incenso de ervas sem bambu com suporte Abundance<\/p>\n<p>50 varetas de incenso sem n\u00facleo de bambu<br \/>\nQueimador de incenso de cer\u00e2mica artesanal<\/p>\n","protected":false},"featured_media":23712,"comment_status":"open","ping_status":"closed","template":"","meta":[],"product_brand":[],"product_cat":[121],"product_tag":[],"class_list":{"0":"post-25339","1":"product","2":"type-product","3":"status-publish","4":"has-post-thumbnail","6":"product_cat-incensos","8":"first","9":"instock","10":"shipping-taxable","11":"purchasable","12":"product-type-simple"},"_links":{"self":[{"href":"https:\/\/mystikus.dsignpoint.com\/pt-pt\/wp-json\/wp\/v2\/product\/25339","targetHints":{"allow":["GET"]}}],"collection":[{"href":"https:\/\/mystikus.dsignpoint.com\/pt-pt\/wp-json\/wp\/v2\/product"}],"about":[{"href":"https:\/\/mystikus.dsignpoint.com\/pt-pt\/wp-json\/wp\/v2\/types\/product"}],"replies":[{"embeddable":true,"href":"https:\/\/mystikus.dsignpoint.com\/pt-pt\/wp-json\/wp\/v2\/comments?post=25339"}],"wp:featuredmedia":[{"embeddable":true,"href":"https:\/\/mystikus.dsignpoint.com\/pt-pt\/wp-json\/wp\/v2\/media\/23712"}],"wp:attachment":[{"href":"https:\/\/mystikus.dsignpoint.com\/pt-pt\/wp-json\/wp\/v2\/media?parent=25339"}],"wp:term":[{"taxonomy":"product_brand","embeddable":true,"href":"https:\/\/mystikus.dsignpoint.com\/pt-pt\/wp-json\/wp\/v2\/product_brand?post=25339"},{"taxonomy":"product_cat","embeddable":true,"href":"https:\/\/mystikus.dsignpoint.com\/pt-pt\/wp-json\/wp\/v2\/product_cat?post=25339"},{"taxonomy":"product_tag","embeddable":true,"href":"https:\/\/mystikus.dsignpoint.com\/pt-pt\/wp-json\/wp\/v2\/product_tag?post=25339"}],"curies":[{"name":"wp","href":"https:\/\/api.w.org\/{rel}","templated":true}]}}