{"id":25366,"date":"2025-07-01T19:22:09","date_gmt":"2025-07-01T17:22:09","guid":{"rendered":"https:\/\/mystikus.dsignpoint.com\/producto\/carbureto-de-silicio-em-bruto\/"},"modified":"2025-07-01T19:22:09","modified_gmt":"2025-07-01T17:22:09","slug":"carbureto-de-silicio-em-bruto","status":"publish","type":"product","link":"https:\/\/mystikus.dsignpoint.com\/pt-pt\/producto\/carbureto-de-silicio-em-bruto\/","title":{"rendered":"Carbureto de Sil\u00edcio em bruto"},"content":{"rendered":"<h3 data-start=\"200\" data-end=\"263\"><strong data-start=\"208\" data-end=\"263\">Descri\u00e7\u00e3o esot\u00e9rica \u2013 Carbureto de Sil\u00edcio em bruto<\/strong><\/h3>\n<p data-start=\"265\" data-end=\"331\"><strong data-start=\"265\" data-end=\"289\">Nome do artigo:<\/strong> Carbureto de Sil\u00edcio (Carborundum) em bruto<\/p>\n<p data-start=\"333\" data-end=\"359\"><strong data-start=\"333\" data-end=\"359\">Descri\u00e7\u00e3o esot\u00e9rica:<\/strong><\/p>\n<p data-start=\"361\" data-end=\"790\">O <strong data-start=\"364\" data-end=\"386\">Carbureto de Sil\u00edcio<\/strong>, tamb\u00e9m conhecido como <strong data-start=\"410\" data-end=\"425\">Carborundum<\/strong>, \u00e9 um cristal sint\u00e9tico com um brilho met\u00e1lico e iridescente que se associa \u00e0 <strong data-start=\"507\" data-end=\"586\">prote\u00e7\u00e3o ps\u00edquica, ao fortalecimento da aura e \u00e0 eleva\u00e7\u00e3o vibracional<\/strong>. Embora seja criado pelo ser humano, a sua estrutura cristalina e a sua capacidade para refletir m\u00faltiplas cores convertem-no num canal de energia muito eficaz para limpar e estabilizar campos energ\u00e9ticos. <\/p>\n<p data-start=\"792\" data-end=\"1019\">\u00c9 uma pedra excelente para quem trabalha com outras pessoas, como terapeutas, curandeiros ou leitores de tarot, j\u00e1 que ajuda a <strong data-start=\"921\" data-end=\"989\">proteger o campo energ\u00e9tico pessoal de interfer\u00eancias externas<\/strong> e fomenta a clareza mental.<\/p>\n<hr data-start=\"1021\" data-end=\"1024\">\n<h3 data-start=\"1026\" data-end=\"1066\">\ud83c\udf1f <strong data-start=\"1033\" data-end=\"1066\">Propriedades esot\u00e9ricas chave:<\/strong><\/h3>\n<ul data-start=\"1068\" data-end=\"1332\">\n<li data-start=\"1068\" data-end=\"1110\">\n<p data-start=\"1070\" data-end=\"1110\"><strong data-start=\"1070\" data-end=\"1108\">Fortalece e sela o campo \u00e1urico.<\/strong><\/p>\n<\/li>\n<li data-start=\"1111\" data-end=\"1155\">\n<p data-start=\"1113\" data-end=\"1155\"><strong data-start=\"1113\" data-end=\"1153\">Absorve e dissipa energias negativas.<\/strong><\/p>\n<\/li>\n<li data-start=\"1156\" data-end=\"1207\">\n<p data-start=\"1158\" data-end=\"1207\"><strong data-start=\"1158\" data-end=\"1205\">Aumenta a frequ\u00eancia vibracional pessoal.<\/strong><\/p>\n<\/li>\n<li data-start=\"1208\" data-end=\"1266\">\n<p data-start=\"1210\" data-end=\"1266\"><strong data-start=\"1210\" data-end=\"1264\">Estimula o pensamento positivo e a criatividade.<\/strong><\/p>\n<\/li>\n<li data-start=\"1267\" data-end=\"1332\">\n<p data-start=\"1269\" data-end=\"1332\"><strong data-start=\"1269\" data-end=\"1332\">Favorece a conex\u00e3o com guias espirituais e a intui\u00e7\u00e3o.<\/strong><\/p>\n<\/li>\n<\/ul>\n<hr data-start=\"1334\" data-end=\"1337\">\n<h3 data-start=\"1339\" data-end=\"1368\">\ud83e\uddd8 <strong data-start=\"1346\" data-end=\"1368\">Usos recomendados:<\/strong><\/h3>\n<ol data-start=\"1370\" data-end=\"1687\">\n<li data-start=\"1370\" data-end=\"1438\">\n<p data-start=\"1373\" data-end=\"1438\"><strong data-start=\"1373\" data-end=\"1436\">Colocar perto durante sess\u00f5es energ\u00e9ticas para prote\u00e7\u00e3o.<\/strong><\/p>\n<\/li>\n<li data-start=\"1439\" data-end=\"1505\">\n<p data-start=\"1442\" data-end=\"1505\"><strong data-start=\"1442\" data-end=\"1503\">Ter em espa\u00e7os de medita\u00e7\u00e3o para elevar a vibra\u00e7\u00e3o.<\/strong><\/p>\n<\/li>\n<li data-start=\"1506\" data-end=\"1573\">\n<p data-start=\"1509\" data-end=\"1573\"><strong data-start=\"1509\" data-end=\"1571\">Uso como escudo energ\u00e9tico em ambientes densos ou carregados.<\/strong><\/p>\n<\/li>\n<li data-start=\"1574\" data-end=\"1625\">\n<p data-start=\"1577\" data-end=\"1625\"><strong data-start=\"1577\" data-end=\"1623\">Ideal para pessoas sens\u00edveis ou emp\u00e1ticas.<\/strong><\/p>\n<\/li>\n<li data-start=\"1626\" data-end=\"1687\">\n<p data-start=\"1629\" data-end=\"1687\"><strong data-start=\"1629\" data-end=\"1687\">Elemento decorativo com fun\u00e7\u00e3o energ\u00e9tica e est\u00e9tica.<\/strong><\/p>\n<\/li>\n<\/ol>\n","protected":false},"excerpt":{"rendered":"<h3 data-start=\"200\" data-end=\"263\"><strong data-start=\"208\" data-end=\"263\">Carbureto de Sil\u00edcio em bruto<\/strong><\/h3>\n<pre data-start=\"169\" data-end=\"228\"><span style=\"font-size: 1rem; white-space-collapse: preserve;\">Tamanho 12 cm<\/span>\n\nPeso : 180 grs<\/pre>\n","protected":false},"featured_media":23700,"comment_status":"open","ping_status":"closed","template":"","meta":[],"product_brand":[],"product_cat":[138,112],"product_tag":[],"class_list":{"0":"post-25366","1":"product","2":"type-product","3":"status-publish","4":"has-post-thumbnail","6":"product_cat-brutos","7":"product_cat-minerais","9":"first","10":"instock","11":"shipping-taxable","12":"purchasable","13":"product-type-simple"},"_links":{"self":[{"href":"https:\/\/mystikus.dsignpoint.com\/pt-pt\/wp-json\/wp\/v2\/product\/25366","targetHints":{"allow":["GET"]}}],"collection":[{"href":"https:\/\/mystikus.dsignpoint.com\/pt-pt\/wp-json\/wp\/v2\/product"}],"about":[{"href":"https:\/\/mystikus.dsignpoint.com\/pt-pt\/wp-json\/wp\/v2\/types\/product"}],"replies":[{"embeddable":true,"href":"https:\/\/mystikus.dsignpoint.com\/pt-pt\/wp-json\/wp\/v2\/comments?post=25366"}],"wp:featuredmedia":[{"embeddable":true,"href":"https:\/\/mystikus.dsignpoint.com\/pt-pt\/wp-json\/wp\/v2\/media\/23700"}],"wp:attachment":[{"href":"https:\/\/mystikus.dsignpoint.com\/pt-pt\/wp-json\/wp\/v2\/media?parent=25366"}],"wp:term":[{"taxonomy":"product_brand","embeddable":true,"href":"https:\/\/mystikus.dsignpoint.com\/pt-pt\/wp-json\/wp\/v2\/product_brand?post=25366"},{"taxonomy":"product_cat","embeddable":true,"href":"https:\/\/mystikus.dsignpoint.com\/pt-pt\/wp-json\/wp\/v2\/product_cat?post=25366"},{"taxonomy":"product_tag","embeddable":true,"href":"https:\/\/mystikus.dsignpoint.com\/pt-pt\/wp-json\/wp\/v2\/product_tag?post=25366"}],"curies":[{"name":"wp","href":"https:\/\/api.w.org\/{rel}","templated":true}]}}