{"id":25378,"date":"2025-07-01T19:10:16","date_gmt":"2025-07-01T17:10:16","guid":{"rendered":"https:\/\/mystikus.dsignpoint.com\/producto\/labradorite-em-bruto\/"},"modified":"2025-07-01T19:10:16","modified_gmt":"2025-07-01T17:10:16","slug":"labradorite-em-bruto","status":"publish","type":"product","link":"https:\/\/mystikus.dsignpoint.com\/pt-pt\/producto\/labradorite-em-bruto\/","title":{"rendered":"Labradorite em bruto"},"content":{"rendered":"<h3 data-start=\"107\" data-end=\"162\"><strong data-start=\"114\" data-end=\"162\">Descri\u00e7\u00e3o esot\u00e9rica \u2013 Labradorite em bruto<\/strong><\/h3>\n<p data-start=\"164\" data-end=\"219\"><strong data-start=\"164\" data-end=\"188\">Nome do artigo:<\/strong> Pedra em bruto de Labradorite<\/p>\n<p data-start=\"221\" data-end=\"247\"><strong data-start=\"221\" data-end=\"247\">Descri\u00e7\u00e3o esot\u00e9rica:<\/strong><\/p>\n<p data-start=\"249\" data-end=\"600\">A <strong data-start=\"252\" data-end=\"267\">Labradorite<\/strong> \u00e9 conhecida como a <strong data-start=\"288\" data-end=\"343\">pedra do despertar espiritual e da magia interior<\/strong>. A sua energia m\u00edstica protege a aura, eleva a consci\u00eancia e fortalece a intui\u00e7\u00e3o. Na sua forma em bruto, a Labradorite conserva a sua ess\u00eancia mais natural, sendo ideal para quem procura uma liga\u00e7\u00e3o profunda com a sua sabedoria interior e o mundo espiritual.  <\/p>\n<p data-start=\"602\" data-end=\"756\">\u00c9 uma pedra muito utilizada por terapeutas, canalizadores e pessoas sens\u00edveis, uma vez que atua como escudo energ\u00e9tico e ponte para dimens\u00f5es superiores.<\/p>\n<hr data-start=\"758\" data-end=\"761\">\n<h3 data-start=\"763\" data-end=\"802\"><strong data-start=\"769\" data-end=\"802\">Propriedades esot\u00e9ricas chave:<\/strong><\/h3>\n<ul data-start=\"804\" data-end=\"1126\">\n<li data-start=\"804\" data-end=\"852\">\n<p data-start=\"806\" data-end=\"852\"><strong data-start=\"806\" data-end=\"850\">Ativa o terceiro olho e o chakra da coroa.<\/strong><\/p>\n<\/li>\n<li data-start=\"853\" data-end=\"928\">\n<p data-start=\"855\" data-end=\"928\"><strong data-start=\"855\" data-end=\"926\">Estimula a intui\u00e7\u00e3o, a perce\u00e7\u00e3o ps\u00edquica e os sonhos l\u00facidos.<\/strong><\/p>\n<\/li>\n<li data-start=\"929\" data-end=\"990\">\n<p data-start=\"931\" data-end=\"990\"><strong data-start=\"931\" data-end=\"988\">Protege o campo energ\u00e9tico de influ\u00eancias negativas.<\/strong><\/p>\n<\/li>\n<li data-start=\"991\" data-end=\"1057\">\n<p data-start=\"993\" data-end=\"1057\"><strong data-start=\"993\" data-end=\"1055\">Confere clareza mental e refor\u00e7a a confian\u00e7a espiritual.<\/strong><\/p>\n<\/li>\n<li data-start=\"1058\" data-end=\"1126\">\n<p data-start=\"1060\" data-end=\"1126\"><strong data-start=\"1060\" data-end=\"1126\">Favorece a transforma\u00e7\u00e3o pessoal e o crescimento interior.<\/strong><\/p>\n<\/li>\n<\/ul>\n<hr data-start=\"1128\" data-end=\"1131\">\n<h3 data-start=\"1133\" data-end=\"1162\"><strong data-start=\"1140\" data-end=\"1162\">Usos recomendados:<\/strong><\/h3>\n<ol data-start=\"1164\" data-end=\"1522\">\n<li data-start=\"1164\" data-end=\"1237\">\n<p data-start=\"1167\" data-end=\"1237\"><strong data-start=\"1167\" data-end=\"1235\">Medita\u00e7\u00f5es para desenvolver a intui\u00e7\u00e3o e a vis\u00e3o interior.<\/strong><\/p>\n<\/li>\n<li data-start=\"1238\" data-end=\"1313\">\n<p data-start=\"1241\" data-end=\"1313\"><strong data-start=\"1241\" data-end=\"1311\">Colocar no espa\u00e7o pessoal como pedra de prote\u00e7\u00e3o ps\u00edquica.<\/strong><\/p>\n<\/li>\n<li data-start=\"1314\" data-end=\"1373\">\n<p data-start=\"1317\" data-end=\"1373\"><strong data-start=\"1317\" data-end=\"1371\">Uso em altares, rituais e pr\u00e1ticas espirituais.<\/strong><\/p>\n<\/li>\n<li data-start=\"1374\" data-end=\"1449\">\n<p data-start=\"1377\" data-end=\"1449\"><strong data-start=\"1377\" data-end=\"1447\">Levar consigo em momentos de transforma\u00e7\u00e3o ou despertar interior.<\/strong><\/p>\n<\/li>\n<li data-start=\"1450\" data-end=\"1522\">\n<p data-start=\"1453\" data-end=\"1522\"><strong data-start=\"1453\" data-end=\"1522\">Acompanhar pr\u00e1ticas de canaliza\u00e7\u00e3o, tarot ou registos ak\u00e1shicos.<\/strong><\/p>\n<\/li>\n<\/ol>\n","protected":false},"excerpt":{"rendered":"<h3 data-start=\"107\" data-end=\"162\"><strong data-start=\"114\" data-end=\"162\">Labradorite em bruto<\/strong><\/h3>\n<pre data-start=\"169\" data-end=\"228\"><span style=\"font-size: 1rem; white-space-collapse: preserve;\">Tamanho 3 a 5 cm<\/span>\n\nPeso: 30 a 50 grs<\/pre>\n","protected":false},"featured_media":23698,"comment_status":"open","ping_status":"closed","template":"","meta":[],"product_brand":[],"product_cat":[138,112],"product_tag":[],"class_list":{"0":"post-25378","1":"product","2":"type-product","3":"status-publish","4":"has-post-thumbnail","6":"product_cat-brutos","7":"product_cat-minerais","9":"first","10":"instock","11":"shipping-taxable","12":"purchasable","13":"product-type-simple"},"_links":{"self":[{"href":"https:\/\/mystikus.dsignpoint.com\/pt-pt\/wp-json\/wp\/v2\/product\/25378","targetHints":{"allow":["GET"]}}],"collection":[{"href":"https:\/\/mystikus.dsignpoint.com\/pt-pt\/wp-json\/wp\/v2\/product"}],"about":[{"href":"https:\/\/mystikus.dsignpoint.com\/pt-pt\/wp-json\/wp\/v2\/types\/product"}],"replies":[{"embeddable":true,"href":"https:\/\/mystikus.dsignpoint.com\/pt-pt\/wp-json\/wp\/v2\/comments?post=25378"}],"wp:featuredmedia":[{"embeddable":true,"href":"https:\/\/mystikus.dsignpoint.com\/pt-pt\/wp-json\/wp\/v2\/media\/23698"}],"wp:attachment":[{"href":"https:\/\/mystikus.dsignpoint.com\/pt-pt\/wp-json\/wp\/v2\/media?parent=25378"}],"wp:term":[{"taxonomy":"product_brand","embeddable":true,"href":"https:\/\/mystikus.dsignpoint.com\/pt-pt\/wp-json\/wp\/v2\/product_brand?post=25378"},{"taxonomy":"product_cat","embeddable":true,"href":"https:\/\/mystikus.dsignpoint.com\/pt-pt\/wp-json\/wp\/v2\/product_cat?post=25378"},{"taxonomy":"product_tag","embeddable":true,"href":"https:\/\/mystikus.dsignpoint.com\/pt-pt\/wp-json\/wp\/v2\/product_tag?post=25378"}],"curies":[{"name":"wp","href":"https:\/\/api.w.org\/{rel}","templated":true}]}}