{"id":25383,"date":"2025-06-30T18:27:26","date_gmt":"2025-06-30T16:27:26","guid":{"rendered":"https:\/\/mystikus.dsignpoint.com\/producto\/turmalina-negra-com-quartzo-em-bruto\/"},"modified":"2025-06-30T18:27:26","modified_gmt":"2025-06-30T16:27:26","slug":"turmalina-negra-com-quartzo-em-bruto","status":"publish","type":"product","link":"https:\/\/mystikus.dsignpoint.com\/pt-pt\/producto\/turmalina-negra-com-quartzo-em-bruto\/","title":{"rendered":"Turmalina Negra com Quartzo (em bruto)"},"content":{"rendered":"<h3 data-start=\"281\" data-end=\"354\"><strong data-start=\"289\" data-end=\"354\">Descri\u00e7\u00e3o esot\u00e9rica \u2013 Turmalina Negra com Quartzo (em bruto)<\/strong><\/h3>\n<p data-start=\"356\" data-end=\"426\"><strong data-start=\"356\" data-end=\"380\">Nome do artigo:<\/strong> Pedra em bruto de Turmalina Negra com Quartzo<\/p>\n<p data-start=\"428\" data-end=\"454\"><strong data-start=\"428\" data-end=\"454\">Descri\u00e7\u00e3o esot\u00e9rica:<\/strong><\/p>\n<p data-start=\"456\" data-end=\"763\">Esta poderosa combina\u00e7\u00e3o une as propriedades protetoras e de enraizamento da <strong data-start=\"539\" data-end=\"558\">Turmalina Negra<\/strong> com a energia amplificadora e purificadora do <strong data-start=\"607\" data-end=\"617\">Quartzo<\/strong>. Juntas, estas pedras criam um campo energ\u00e9tico que <strong data-start=\"671\" data-end=\"698\">dissolve a negatividade<\/strong>, estabiliza a aura e refor\u00e7a o sistema energ\u00e9tico do corpo. <\/p>\n<p data-start=\"765\" data-end=\"950\">\u00c9 uma pedra ideal para quem procura <strong data-start=\"805\" data-end=\"832\">limpar energias densas<\/strong>, proteger-se de influ\u00eancias externas e, ao mesmo tempo, manter-se conectado com o seu centro interior e clareza mental.<\/p>\n<hr data-start=\"952\" data-end=\"955\">\n<h3 data-start=\"957\" data-end=\"996\"><strong data-start=\"963\" data-end=\"996\">Propriedades esot\u00e9ricas chave:<\/strong><\/h3>\n<ul data-start=\"998\" data-end=\"1332\">\n<li data-start=\"998\" data-end=\"1079\">\n<p data-start=\"1000\" data-end=\"1079\"><strong data-start=\"1000\" data-end=\"1077\">Protege contra energias negativas, ataques ps\u00edquicos e eletromagnetismo.<\/strong><\/p>\n<\/li>\n<li data-start=\"1080\" data-end=\"1137\">\n<p data-start=\"1082\" data-end=\"1137\"><strong data-start=\"1082\" data-end=\"1135\">Purifica a aura e fortalece o campo energ\u00e9tico.<\/strong><\/p>\n<\/li>\n<li data-start=\"1138\" data-end=\"1211\">\n<p data-start=\"1140\" data-end=\"1211\"><strong data-start=\"1140\" data-end=\"1209\">Fomenta o enraizamento, a estabilidade e a clareza emocional.<\/strong><\/p>\n<\/li>\n<li data-start=\"1212\" data-end=\"1274\">\n<p data-start=\"1214\" data-end=\"1274\"><strong data-start=\"1214\" data-end=\"1272\">Ideal para limpeza energ\u00e9tica de espa\u00e7os ou pessoas.<\/strong><\/p>\n<\/li>\n<li data-start=\"1275\" data-end=\"1332\">\n<p data-start=\"1277\" data-end=\"1332\"><strong data-start=\"1277\" data-end=\"1332\">Aumenta a confian\u00e7a, a calma e o discernimento.<\/strong><\/p>\n<\/li>\n<\/ul>\n<hr data-start=\"1334\" data-end=\"1337\">\n<h3 data-start=\"1339\" data-end=\"1368\"><strong data-start=\"1346\" data-end=\"1368\">Usos recomendados:<\/strong><\/h3>\n<ol data-start=\"1370\" data-end=\"1764\">\n<li data-start=\"1370\" data-end=\"1434\">\n<p data-start=\"1373\" data-end=\"1434\"><strong data-start=\"1373\" data-end=\"1432\">Colocar na entrada do lar como pedra protetora.<\/strong><\/p>\n<\/li>\n<li data-start=\"1435\" data-end=\"1506\">\n<p data-start=\"1438\" data-end=\"1506\"><strong data-start=\"1438\" data-end=\"1504\">Usar durante medita\u00e7\u00f5es de limpeza e prote\u00e7\u00e3o energ\u00e9tica.<\/strong><\/p>\n<\/li>\n<li data-start=\"1507\" data-end=\"1596\">\n<p data-start=\"1510\" data-end=\"1596\"><strong data-start=\"1510\" data-end=\"1594\">Ideal para terapeutas: manter perto em sess\u00f5es para absorver energias densas.<\/strong><\/p>\n<\/li>\n<li data-start=\"1597\" data-end=\"1670\">\n<p data-start=\"1600\" data-end=\"1670\"><strong data-start=\"1600\" data-end=\"1668\">Levar na mala ou bolso como amuleto de prote\u00e7\u00e3o di\u00e1ria.<\/strong><\/p>\n<\/li>\n<li data-start=\"1671\" data-end=\"1764\">\n<p data-start=\"1674\" data-end=\"1764\"><strong data-start=\"1674\" data-end=\"1764\">Ubicar em secret\u00e1rias ou espa\u00e7os de trabalho para neutralizar radia\u00e7\u00f5es eletr\u00f3nicas.<\/strong><\/p>\n<\/li>\n<\/ol>\n","protected":false},"excerpt":{"rendered":"<h3 data-start=\"281\" data-end=\"354\"><strong data-start=\"289\" data-end=\"354\">Turmalina Negra com Quartzo (em bruto)<\/strong><\/h3>\n<pre data-start=\"169\" data-end=\"228\"><span style=\"font-size: 1rem; white-space-collapse: preserve;\">Tamanho 6 cm<\/span>\n\nPeso : 35 grs<\/pre>\n","protected":false},"featured_media":23694,"comment_status":"open","ping_status":"closed","template":"","meta":[],"product_brand":[],"product_cat":[138,112],"product_tag":[],"class_list":{"0":"post-25383","1":"product","2":"type-product","3":"status-publish","4":"has-post-thumbnail","6":"product_cat-brutos","7":"product_cat-minerais","9":"first","10":"instock","11":"shipping-taxable","12":"purchasable","13":"product-type-simple"},"_links":{"self":[{"href":"https:\/\/mystikus.dsignpoint.com\/pt-pt\/wp-json\/wp\/v2\/product\/25383","targetHints":{"allow":["GET"]}}],"collection":[{"href":"https:\/\/mystikus.dsignpoint.com\/pt-pt\/wp-json\/wp\/v2\/product"}],"about":[{"href":"https:\/\/mystikus.dsignpoint.com\/pt-pt\/wp-json\/wp\/v2\/types\/product"}],"replies":[{"embeddable":true,"href":"https:\/\/mystikus.dsignpoint.com\/pt-pt\/wp-json\/wp\/v2\/comments?post=25383"}],"wp:featuredmedia":[{"embeddable":true,"href":"https:\/\/mystikus.dsignpoint.com\/pt-pt\/wp-json\/wp\/v2\/media\/23694"}],"wp:attachment":[{"href":"https:\/\/mystikus.dsignpoint.com\/pt-pt\/wp-json\/wp\/v2\/media?parent=25383"}],"wp:term":[{"taxonomy":"product_brand","embeddable":true,"href":"https:\/\/mystikus.dsignpoint.com\/pt-pt\/wp-json\/wp\/v2\/product_brand?post=25383"},{"taxonomy":"product_cat","embeddable":true,"href":"https:\/\/mystikus.dsignpoint.com\/pt-pt\/wp-json\/wp\/v2\/product_cat?post=25383"},{"taxonomy":"product_tag","embeddable":true,"href":"https:\/\/mystikus.dsignpoint.com\/pt-pt\/wp-json\/wp\/v2\/product_tag?post=25383"}],"curies":[{"name":"wp","href":"https:\/\/api.w.org\/{rel}","templated":true}]}}