{"id":25390,"date":"2025-06-30T18:38:57","date_gmt":"2025-06-30T16:38:57","guid":{"rendered":"https:\/\/mystikus.dsignpoint.com\/producto\/turmalina-rosa-em-bruto\/"},"modified":"2025-06-30T18:38:57","modified_gmt":"2025-06-30T16:38:57","slug":"turmalina-rosa-em-bruto","status":"publish","type":"product","link":"https:\/\/mystikus.dsignpoint.com\/pt-pt\/producto\/turmalina-rosa-em-bruto\/","title":{"rendered":"Turmalina Rosa em bruto"},"content":{"rendered":"<h3 data-start=\"103\" data-end=\"161\"><strong data-start=\"110\" data-end=\"161\">Descri\u00e7\u00e3o esot\u00e9rica \u2013 Turmalina Rosa em bruto<\/strong><\/h3>\n<p data-start=\"163\" data-end=\"221\"><strong data-start=\"163\" data-end=\"187\">Nome do artigo:<\/strong> Pedra em bruto de Turmalina Rosa<\/p>\n<p data-start=\"223\" data-end=\"249\"><strong data-start=\"223\" data-end=\"249\">Descri\u00e7\u00e3o esot\u00e9rica:<\/strong><\/p>\n<p data-start=\"251\" data-end=\"607\">A <strong data-start=\"254\" data-end=\"272\">Turmalina Rosa<\/strong> \u00e9 uma pedra profundamente curativa do cora\u00e7\u00e3o, que irradia uma energia suave e amorosa. Associa-se ao <strong data-start=\"381\" data-end=\"461\">amor incondicional, \u00e0 compaix\u00e3o, ao perd\u00e3o e \u00e0 cura emocional profunda<\/strong>. Na sua forma em bruto, conserva uma vibra\u00e7\u00e3o mais pura e natural, ideal para conectar com emo\u00e7\u00f5es aut\u00eanticas e fomentar o equil\u00edbrio afetivo.  <\/p>\n<p data-start=\"609\" data-end=\"772\">\u00c9 uma aliada poderosa para quem deseja <strong data-start=\"652\" data-end=\"692\">curar feridas emocionais do passado<\/strong>, abrir-se novamente ao amor e cultivar uma rela\u00e7\u00e3o mais amorosa consigo mesmo.<\/p>\n<hr data-start=\"774\" data-end=\"777\">\n<h3 data-start=\"779\" data-end=\"818\"><strong data-start=\"785\" data-end=\"818\">Propriedades esot\u00e9ricas chave:<\/strong><\/h3>\n<ul data-start=\"820\" data-end=\"1129\">\n<li data-start=\"820\" data-end=\"864\">\n<p data-start=\"822\" data-end=\"864\"><strong data-start=\"822\" data-end=\"862\">Ativa e harmoniza o chakra do cora\u00e7\u00e3o.<\/strong><\/p>\n<\/li>\n<li data-start=\"865\" data-end=\"921\">\n<p data-start=\"867\" data-end=\"921\"><strong data-start=\"867\" data-end=\"919\">Fomenta o amor-pr\u00f3prio, a empatia e a ternura.<\/strong><\/p>\n<\/li>\n<li data-start=\"922\" data-end=\"987\">\n<p data-start=\"924\" data-end=\"987\"><strong data-start=\"924\" data-end=\"985\">Ajuda a libertar traumas emocionais e bloqueios afetivos.<\/strong><\/p>\n<\/li>\n<li data-start=\"988\" data-end=\"1060\">\n<p data-start=\"990\" data-end=\"1060\"><strong data-start=\"990\" data-end=\"1058\">Aporta calma em momentos de tristeza, luto ou ansiedade afetiva.<\/strong><\/p>\n<\/li>\n<li data-start=\"1061\" data-end=\"1129\">\n<p data-start=\"1063\" data-end=\"1129\"><strong data-start=\"1063\" data-end=\"1129\">Fortalece rela\u00e7\u00f5es desde a autenticidade e o respeito m\u00fatuo.<\/strong><\/p>\n<\/li>\n<\/ul>\n<hr data-start=\"1131\" data-end=\"1134\">\n<h3 data-start=\"1136\" data-end=\"1165\"><strong data-start=\"1143\" data-end=\"1165\">Usos recomendados:<\/strong><\/h3>\n<ol data-start=\"1167\" data-end=\"1512\">\n<li data-start=\"1167\" data-end=\"1238\">\n<p data-start=\"1170\" data-end=\"1238\"><strong data-start=\"1170\" data-end=\"1236\">Colocar perto do cora\u00e7\u00e3o durante medita\u00e7\u00f5es de amor-pr\u00f3prio.<\/strong><\/p>\n<\/li>\n<li data-start=\"1239\" data-end=\"1300\">\n<p data-start=\"1242\" data-end=\"1300\"><strong data-start=\"1242\" data-end=\"1298\">Uso terap\u00eautico para processos de cura emocional.<\/strong><\/p>\n<\/li>\n<li data-start=\"1301\" data-end=\"1369\">\n<p data-start=\"1304\" data-end=\"1369\"><strong data-start=\"1304\" data-end=\"1367\">Ubicar no quarto para harmonizar rela\u00e7\u00f5es amorosas.<\/strong><\/p>\n<\/li>\n<li data-start=\"1370\" data-end=\"1443\">\n<p data-start=\"1373\" data-end=\"1443\"><strong data-start=\"1373\" data-end=\"1441\">Acompanhar rituais de perd\u00e3o, fecho de ciclos e reconcilia\u00e7\u00e3o.<\/strong><\/p>\n<\/li>\n<li data-start=\"1444\" data-end=\"1512\">\n<p data-start=\"1447\" data-end=\"1512\"><strong data-start=\"1447\" data-end=\"1512\">Levar consigo como amuleto de ternura e fortaleza emocional.<\/strong><\/p>\n<\/li>\n<\/ol>\n","protected":false},"excerpt":{"rendered":"<h3 data-start=\"103\" data-end=\"161\"><strong data-start=\"110\" data-end=\"161\">Turmalina Rosa em bruto<\/strong><\/h3>\n<pre data-start=\"169\" data-end=\"228\"><span style=\"font-size: 1rem; white-space-collapse: preserve;\">Tamanho 5 cm<\/span>\n\nPeso : 120grs<\/pre>\n","protected":false},"featured_media":23696,"comment_status":"open","ping_status":"closed","template":"","meta":[],"product_brand":[],"product_cat":[138,112],"product_tag":[],"class_list":{"0":"post-25390","1":"product","2":"type-product","3":"status-publish","4":"has-post-thumbnail","6":"product_cat-brutos","7":"product_cat-minerais","9":"first","10":"instock","11":"shipping-taxable","12":"purchasable","13":"product-type-simple"},"_links":{"self":[{"href":"https:\/\/mystikus.dsignpoint.com\/pt-pt\/wp-json\/wp\/v2\/product\/25390","targetHints":{"allow":["GET"]}}],"collection":[{"href":"https:\/\/mystikus.dsignpoint.com\/pt-pt\/wp-json\/wp\/v2\/product"}],"about":[{"href":"https:\/\/mystikus.dsignpoint.com\/pt-pt\/wp-json\/wp\/v2\/types\/product"}],"replies":[{"embeddable":true,"href":"https:\/\/mystikus.dsignpoint.com\/pt-pt\/wp-json\/wp\/v2\/comments?post=25390"}],"wp:featuredmedia":[{"embeddable":true,"href":"https:\/\/mystikus.dsignpoint.com\/pt-pt\/wp-json\/wp\/v2\/media\/23696"}],"wp:attachment":[{"href":"https:\/\/mystikus.dsignpoint.com\/pt-pt\/wp-json\/wp\/v2\/media?parent=25390"}],"wp:term":[{"taxonomy":"product_brand","embeddable":true,"href":"https:\/\/mystikus.dsignpoint.com\/pt-pt\/wp-json\/wp\/v2\/product_brand?post=25390"},{"taxonomy":"product_cat","embeddable":true,"href":"https:\/\/mystikus.dsignpoint.com\/pt-pt\/wp-json\/wp\/v2\/product_cat?post=25390"},{"taxonomy":"product_tag","embeddable":true,"href":"https:\/\/mystikus.dsignpoint.com\/pt-pt\/wp-json\/wp\/v2\/product_tag?post=25390"}],"curies":[{"name":"wp","href":"https:\/\/api.w.org\/{rel}","templated":true}]}}