{"id":25522,"date":"2025-07-09T17:47:20","date_gmt":"2025-07-09T15:47:20","guid":{"rendered":"https:\/\/mystikus.dsignpoint.com\/producto\/cones-golden-nag-meditation\/"},"modified":"2025-07-09T17:47:20","modified_gmt":"2025-07-09T15:47:20","slug":"cones-golden-nag-meditation","status":"publish","type":"product","link":"https:\/\/mystikus.dsignpoint.com\/pt-pt\/producto\/cones-golden-nag-meditation\/","title":{"rendered":"Cones Golden NAG Meditation"},"content":{"rendered":"<p>10 cones por caixa<\/p>\n<h3 data-start=\"140\" data-end=\"197\"><strong data-start=\"144\" data-end=\"197\">Incenso \u2013 Aromas que Elevam o Esp\u00edrito<\/strong><\/h3>\n<p data-start=\"199\" data-end=\"677\">Os <strong data-start=\"203\" data-end=\"224\">incensos<\/strong> s\u00e3o uma forma pr\u00e1tica e elegante de aromatizar espa\u00e7os. Ao acenderem-se, libertam um fumo suave e fragrante que cria uma atmosfera de <strong data-start=\"357\" data-end=\"392\">relaxamento, harmonia e bem-estar<\/strong>. Ideais para a <strong data-start=\"410\" data-end=\"424\">medita\u00e7\u00e3o<\/strong>, a <strong data-start=\"429\" data-end=\"452\">limpeza energ\u00e9tica<\/strong> ou simplesmente para desfrutar de um momento de paz.  <\/p>\n","protected":false},"excerpt":{"rendered":"<p>10 cones por caixa<\/p>\n","protected":false},"featured_media":23798,"comment_status":"open","ping_status":"closed","template":"","meta":[],"product_brand":[],"product_cat":[121,114],"product_tag":[],"class_list":{"0":"post-25522","1":"product","2":"type-product","3":"status-publish","4":"has-post-thumbnail","6":"product_cat-incensos","7":"product_cat-incensos-e-aromas","9":"first","10":"instock","11":"shipping-taxable","12":"purchasable","13":"product-type-simple"},"_links":{"self":[{"href":"https:\/\/mystikus.dsignpoint.com\/pt-pt\/wp-json\/wp\/v2\/product\/25522","targetHints":{"allow":["GET"]}}],"collection":[{"href":"https:\/\/mystikus.dsignpoint.com\/pt-pt\/wp-json\/wp\/v2\/product"}],"about":[{"href":"https:\/\/mystikus.dsignpoint.com\/pt-pt\/wp-json\/wp\/v2\/types\/product"}],"replies":[{"embeddable":true,"href":"https:\/\/mystikus.dsignpoint.com\/pt-pt\/wp-json\/wp\/v2\/comments?post=25522"}],"wp:featuredmedia":[{"embeddable":true,"href":"https:\/\/mystikus.dsignpoint.com\/pt-pt\/wp-json\/wp\/v2\/media\/23798"}],"wp:attachment":[{"href":"https:\/\/mystikus.dsignpoint.com\/pt-pt\/wp-json\/wp\/v2\/media?parent=25522"}],"wp:term":[{"taxonomy":"product_brand","embeddable":true,"href":"https:\/\/mystikus.dsignpoint.com\/pt-pt\/wp-json\/wp\/v2\/product_brand?post=25522"},{"taxonomy":"product_cat","embeddable":true,"href":"https:\/\/mystikus.dsignpoint.com\/pt-pt\/wp-json\/wp\/v2\/product_cat?post=25522"},{"taxonomy":"product_tag","embeddable":true,"href":"https:\/\/mystikus.dsignpoint.com\/pt-pt\/wp-json\/wp\/v2\/product_tag?post=25522"}],"curies":[{"name":"wp","href":"https:\/\/api.w.org\/{rel}","templated":true}]}}