{"id":25534,"date":"2025-07-09T16:51:44","date_gmt":"2025-07-09T14:51:44","guid":{"rendered":"https:\/\/mystikus.dsignpoint.com\/producto\/pendente-de-prata-sao-bento-2\/"},"modified":"2025-07-09T16:51:44","modified_gmt":"2025-07-09T14:51:44","slug":"pendente-de-prata-sao-bento-2","status":"publish","type":"product","link":"https:\/\/mystikus.dsignpoint.com\/pt-pt\/producto\/pendente-de-prata-sao-bento-2\/","title":{"rendered":"Pendente de prata S\u00e3o Bento"},"content":{"rendered":"<h3 data-start=\"156\" data-end=\"224\"><strong data-start=\"160\" data-end=\"224\">Pendente de S\u00e3o Bento em Prata 925 \u2013 Significado e Cuidados<\/strong><\/h3>\n<h4 data-start=\"226\" data-end=\"265\"><strong data-start=\"233\" data-end=\"265\">Caracter\u00edsticas do Pendente<\/strong><\/h4>\n<p data-start=\"266\" data-end=\"632\">Este pendente elaborado em <strong data-start=\"293\" data-end=\"323\">prata de lei (925)<\/strong> \u00e9 conhecido como o <strong data-start=\"344\" data-end=\"370\">Pendente de S\u00e3o Bento<\/strong>. O seu design circular emoldura a figura do santo no centro, rodeada por <strong data-start=\"445\" data-end=\"471\">inscri\u00e7\u00f5es em latim<\/strong> que evocam <strong data-start=\"483\" data-end=\"524\">f\u00e9, prote\u00e7\u00e3o e fortaleza espiritual<\/strong>. Tem um tamanho de <strong data-start=\"545\" data-end=\"562\">16 mil\u00edmetros<\/strong>, o que o torna numa pe\u00e7a discreta, mas cheia de significado.  <\/p>\n<h4 data-start=\"634\" data-end=\"672\"><strong data-start=\"642\" data-end=\"672\">Recomenda\u00e7\u00f5es de Cuidado<\/strong><\/h4>\n<p data-start=\"673\" data-end=\"967\">A prata 925 garante um brilho duradouro e uma excelente resist\u00eancia, mas \u00e9 importante <strong data-start=\"763\" data-end=\"808\">evitar o contacto com produtos qu\u00edmicos<\/strong>, perfumes ou cosm\u00e9ticos, uma vez que podem afetar a sua apar\u00eancia. Recomenda-se guardar o pendente num local seco, preferencialmente numa bolsa ou estojo suave. <\/p>\n<h4 data-start=\"969\" data-end=\"1019\"><strong data-start=\"978\" data-end=\"1019\">Simbolismo do Pendente de S\u00e3o Bento<\/strong><\/h4>\n<p data-start=\"1020\" data-end=\"1367\">Este pendente \u00e9 amplamente reconhecido como um <strong data-start=\"1068\" data-end=\"1131\">poderoso s\u00edmbolo de prote\u00e7\u00e3o contra influ\u00eancias negativas<\/strong>. A cruz e as inscri\u00e7\u00f5es que o rodeiam est\u00e3o associadas \u00e0 <strong data-start=\"1198\" data-end=\"1214\">f\u00e9 crist\u00e3<\/strong>, \u00e0 <strong data-start=\"1219\" data-end=\"1240\">for\u00e7a espiritual<\/strong> e \u00e0 <strong data-start=\"1246\" data-end=\"1283\">capacidade de superar adversidades<\/strong>. \u00c9 um amuleto de <strong data-start=\"1302\" data-end=\"1338\">equil\u00edbrio, devo\u00e7\u00e3o e esperan\u00e7a<\/strong> para quem o leva consigo.  <\/p>\n<h4 data-start=\"1369\" data-end=\"1406\"><strong data-start=\"1377\" data-end=\"1406\">Uma Pe\u00e7a com Significado<\/strong><\/h4>\n<p data-start=\"1407\" data-end=\"1653\">Ideal para quem procura um acess\u00f3rio com um profundo <strong data-start=\"1462\" data-end=\"1482\">valor espiritual<\/strong> e uma est\u00e9tica refinada. Este pendente \u00e9 perfeito para oferecer a algu\u00e9m especial ou como <strong data-start=\"1573\" data-end=\"1593\">amuleto pessoal<\/strong>, uma vez que combina <strong data-start=\"1610\" data-end=\"1634\">beleza e simbolismo<\/strong> numa joia \u00fanica. <\/p>\n","protected":false},"excerpt":{"rendered":"<p dir=\"ltr\"><strong>Material: <\/strong> Prata 925 de &#8220;Primeira lei&#8221;<\/p>\n<p dir=\"ltr\"><strong>Medida do pendente:<\/strong> 11 mm<\/p>\n<p dir=\"ltr\"><strong>Produto: <\/strong>Hipoalerg\u00e9nico<\/p>\n","protected":false},"featured_media":23796,"comment_status":"open","ping_status":"closed","template":"","meta":[],"product_brand":[],"product_cat":[227,226],"product_tag":[],"class_list":{"0":"post-25534","1":"product","2":"type-product","3":"status-publish","4":"has-post-thumbnail","6":"product_cat-prata","7":"product_cat-talismas-e-amuletos","9":"first","10":"onbackorder","11":"shipping-taxable","12":"purchasable","13":"product-type-simple"},"_links":{"self":[{"href":"https:\/\/mystikus.dsignpoint.com\/pt-pt\/wp-json\/wp\/v2\/product\/25534","targetHints":{"allow":["GET"]}}],"collection":[{"href":"https:\/\/mystikus.dsignpoint.com\/pt-pt\/wp-json\/wp\/v2\/product"}],"about":[{"href":"https:\/\/mystikus.dsignpoint.com\/pt-pt\/wp-json\/wp\/v2\/types\/product"}],"replies":[{"embeddable":true,"href":"https:\/\/mystikus.dsignpoint.com\/pt-pt\/wp-json\/wp\/v2\/comments?post=25534"}],"wp:featuredmedia":[{"embeddable":true,"href":"https:\/\/mystikus.dsignpoint.com\/pt-pt\/wp-json\/wp\/v2\/media\/23796"}],"wp:attachment":[{"href":"https:\/\/mystikus.dsignpoint.com\/pt-pt\/wp-json\/wp\/v2\/media?parent=25534"}],"wp:term":[{"taxonomy":"product_brand","embeddable":true,"href":"https:\/\/mystikus.dsignpoint.com\/pt-pt\/wp-json\/wp\/v2\/product_brand?post=25534"},{"taxonomy":"product_cat","embeddable":true,"href":"https:\/\/mystikus.dsignpoint.com\/pt-pt\/wp-json\/wp\/v2\/product_cat?post=25534"},{"taxonomy":"product_tag","embeddable":true,"href":"https:\/\/mystikus.dsignpoint.com\/pt-pt\/wp-json\/wp\/v2\/product_tag?post=25534"}],"curies":[{"name":"wp","href":"https:\/\/api.w.org\/{rel}","templated":true}]}}