{"id":25539,"date":"2025-07-09T14:47:21","date_gmt":"2025-07-09T12:47:21","guid":{"rendered":"https:\/\/mystikus.dsignpoint.com\/producto\/esfregona-levanta-negocio\/"},"modified":"2025-11-24T15:30:06","modified_gmt":"2025-11-24T14:30:06","slug":"esfregona-levanta-negocio","status":"publish","type":"product","link":"https:\/\/mystikus.dsignpoint.com\/pt-pt\/producto\/esfregona-levanta-negocio\/","title":{"rendered":"Lava Chao Levanta neg\u00f3cio"},"content":{"rendered":"<p><strong data-start=\"138\" data-end=\"163\">Lava Chao esot\u00e9rico <\/strong>especialmente formulado para limpar, purificar e harmonizar espa\u00e7os f\u00edsicos e energ\u00e9ticos. Ideal para eliminar m\u00e1s vibra\u00e7\u00f5es, atrair energias positivas e preparar o ambiente para rituais ou medita\u00e7\u00f5es. Uma limpeza profunda que vai al\u00e9m do f\u00edsico.<\/p>\n<p>Vendas, Clientes<br \/>\nAtrai abund\u00e2ncia<\/p>\n","protected":false},"excerpt":{"rendered":"<p>Lava Chao esot\u00e9rico especialmente formulado para limpar, purificar e harmonizar espa\u00e7os f\u00edsicos e energ\u00e9ticos. Ideal para eliminar m\u00e1s vibra\u00e7\u00f5es, atrair energias positivas e preparar o ambiente para rituais ou medita\u00e7\u00f5es. Uma limpeza profunda que vai al\u00e9m do f\u00edsico. Vendas, Clientes Atrai abund\u00e2ncia<\/p>\n","protected":false},"featured_media":25541,"comment_status":"open","ping_status":"closed","template":"","meta":[],"product_brand":[],"product_cat":[229,135,216,148],"product_tag":[],"class_list":{"0":"post-25539","1":"product","2":"type-product","3":"status-publish","4":"has-post-thumbnail","6":"product_cat-detergente-para-o-chao","7":"product_cat-esotericos","9":"product_cat-mystikus-collection","11":"first","12":"instock","13":"shipping-taxable","14":"purchasable","15":"product-type-simple"},"_links":{"self":[{"href":"https:\/\/mystikus.dsignpoint.com\/pt-pt\/wp-json\/wp\/v2\/product\/25539","targetHints":{"allow":["GET"]}}],"collection":[{"href":"https:\/\/mystikus.dsignpoint.com\/pt-pt\/wp-json\/wp\/v2\/product"}],"about":[{"href":"https:\/\/mystikus.dsignpoint.com\/pt-pt\/wp-json\/wp\/v2\/types\/product"}],"replies":[{"embeddable":true,"href":"https:\/\/mystikus.dsignpoint.com\/pt-pt\/wp-json\/wp\/v2\/comments?post=25539"}],"wp:featuredmedia":[{"embeddable":true,"href":"https:\/\/mystikus.dsignpoint.com\/pt-pt\/wp-json\/wp\/v2\/media\/25541"}],"wp:attachment":[{"href":"https:\/\/mystikus.dsignpoint.com\/pt-pt\/wp-json\/wp\/v2\/media?parent=25539"}],"wp:term":[{"taxonomy":"product_brand","embeddable":true,"href":"https:\/\/mystikus.dsignpoint.com\/pt-pt\/wp-json\/wp\/v2\/product_brand?post=25539"},{"taxonomy":"product_cat","embeddable":true,"href":"https:\/\/mystikus.dsignpoint.com\/pt-pt\/wp-json\/wp\/v2\/product_cat?post=25539"},{"taxonomy":"product_tag","embeddable":true,"href":"https:\/\/mystikus.dsignpoint.com\/pt-pt\/wp-json\/wp\/v2\/product_tag?post=25539"}],"curies":[{"name":"wp","href":"https:\/\/api.w.org\/{rel}","templated":true}]}}