{"id":25555,"date":"2025-07-09T14:36:29","date_gmt":"2025-07-09T12:36:29","guid":{"rendered":"https:\/\/mystikus.dsignpoint.com\/producto\/detergente-para-o-chao-limpeza\/"},"modified":"2025-11-24T15:40:55","modified_gmt":"2025-11-24T14:40:55","slug":"detergente-para-o-chao-limpeza","status":"publish","type":"product","link":"https:\/\/mystikus.dsignpoint.com\/pt-pt\/producto\/detergente-para-o-chao-limpeza\/","title":{"rendered":"Lava Chao Limpeza"},"content":{"rendered":"<p><strong data-start=\"138\" data-end=\"163\">Lava Chao esot\u00e9rico<\/strong>\u00a0especialmente formulado para limpar, purificar e harmonizar espa\u00e7os f\u00edsicos e energ\u00e9ticos. Ideal para eliminar m\u00e1s vibra\u00e7\u00f5es, atrair energias positivas e preparar o ambiente para rituais ou medita\u00e7\u00f5es. Uma limpeza profunda que vai al\u00e9m do f\u00edsico.<\/p>\n<p>Purifica\u00e7\u00e3o, elimina<br \/>\nEnergias negativas<\/p>\n","protected":false},"excerpt":{"rendered":"<p>Lava Chao esot\u00e9rico\u00a0especialmente formulado para limpar, purificar e harmonizar espa\u00e7os f\u00edsicos e energ\u00e9ticos. Ideal para eliminar m\u00e1s vibra\u00e7\u00f5es, atrair energias positivas e preparar o ambiente para rituais ou medita\u00e7\u00f5es. Uma limpeza profunda que vai al\u00e9m do f\u00edsico. Purifica\u00e7\u00e3o, elimina Energias negativas<\/p>\n","protected":false},"featured_media":25557,"comment_status":"open","ping_status":"closed","template":"","meta":[],"product_brand":[],"product_cat":[229,135,216,148],"product_tag":[],"class_list":{"0":"post-25555","1":"product","2":"type-product","3":"status-publish","4":"has-post-thumbnail","6":"product_cat-detergente-para-o-chao","7":"product_cat-esotericos","9":"product_cat-mystikus-collection","11":"first","12":"instock","13":"shipping-taxable","14":"purchasable","15":"product-type-simple"},"_links":{"self":[{"href":"https:\/\/mystikus.dsignpoint.com\/pt-pt\/wp-json\/wp\/v2\/product\/25555","targetHints":{"allow":["GET"]}}],"collection":[{"href":"https:\/\/mystikus.dsignpoint.com\/pt-pt\/wp-json\/wp\/v2\/product"}],"about":[{"href":"https:\/\/mystikus.dsignpoint.com\/pt-pt\/wp-json\/wp\/v2\/types\/product"}],"replies":[{"embeddable":true,"href":"https:\/\/mystikus.dsignpoint.com\/pt-pt\/wp-json\/wp\/v2\/comments?post=25555"}],"wp:featuredmedia":[{"embeddable":true,"href":"https:\/\/mystikus.dsignpoint.com\/pt-pt\/wp-json\/wp\/v2\/media\/25557"}],"wp:attachment":[{"href":"https:\/\/mystikus.dsignpoint.com\/pt-pt\/wp-json\/wp\/v2\/media?parent=25555"}],"wp:term":[{"taxonomy":"product_brand","embeddable":true,"href":"https:\/\/mystikus.dsignpoint.com\/pt-pt\/wp-json\/wp\/v2\/product_brand?post=25555"},{"taxonomy":"product_cat","embeddable":true,"href":"https:\/\/mystikus.dsignpoint.com\/pt-pt\/wp-json\/wp\/v2\/product_cat?post=25555"},{"taxonomy":"product_tag","embeddable":true,"href":"https:\/\/mystikus.dsignpoint.com\/pt-pt\/wp-json\/wp\/v2\/product_tag?post=25555"}],"curies":[{"name":"wp","href":"https:\/\/api.w.org\/{rel}","templated":true}]}}