{"id":25611,"date":"2025-06-30T17:46:46","date_gmt":"2025-06-30T15:46:46","guid":{"rendered":"https:\/\/mystikus.dsignpoint.com\/producto\/ponta-de-agata-cornalina\/"},"modified":"2025-06-30T17:46:46","modified_gmt":"2025-06-30T15:46:46","slug":"ponta-de-agata-cornalina","status":"publish","type":"product","link":"https:\/\/mystikus.dsignpoint.com\/pt-pt\/producto\/ponta-de-agata-cornalina\/","title":{"rendered":"Ponta de \u00c1gata Cornalina"},"content":{"rendered":"<h3 data-start=\"169\" data-end=\"228\"><strong data-start=\"176\" data-end=\"228\">Descri\u00e7\u00e3o esot\u00e9rica \u2013 Ponta de \u00c1gata Cornalina<\/strong><\/h3>\n<p data-start=\"230\" data-end=\"279\"><strong data-start=\"230\" data-end=\"254\">Nome do artigo:<\/strong> Ponta de \u00c1gata Cornalina<\/p>\n<p data-start=\"281\" data-end=\"307\"><strong data-start=\"281\" data-end=\"307\">Descri\u00e7\u00e3o esot\u00e9rica:<\/strong><\/p>\n<p data-start=\"309\" data-end=\"674\">A <strong data-start=\"312\" data-end=\"331\">\u00c1gata Cornalina<\/strong> \u00e9 uma pedra de <strong data-start=\"349\" data-end=\"389\">vitalidade, coragem e energia criativa<\/strong>. \u00c9 conhecida por ativar o fluxo de energia vital (chi ou prana), estimulando a motiva\u00e7\u00e3o, a paix\u00e3o pela vida e a confian\u00e7a em si pr\u00f3prio. A sua vibra\u00e7\u00e3o quente e estabilizadora ajuda a superar medos, desbloquear emo\u00e7\u00f5es reprimidas e fortalecer a conex\u00e3o com o corpo f\u00edsico.  <\/p>\n<p data-start=\"676\" data-end=\"820\">Em forma de ponta, esta pedra dirige a sua energia para o empoderamento pessoal, a tomada de decis\u00f5es corajosas e a concretiza\u00e7\u00e3o de projetos.<\/p>\n<hr data-start=\"822\" data-end=\"825\">\n<h3 data-start=\"827\" data-end=\"867\"><strong data-start=\"834\" data-end=\"867\">Propriedades esot\u00e9ricas chave:<\/strong><\/h3>\n<ul data-start=\"869\" data-end=\"1159\">\n<li data-start=\"869\" data-end=\"917\">\n<p data-start=\"871\" data-end=\"917\"><strong data-start=\"871\" data-end=\"915\">Ativa o chakra raiz e o chakra sacro.<\/strong><\/p>\n<\/li>\n<li data-start=\"918\" data-end=\"985\">\n<p data-start=\"920\" data-end=\"985\"><strong data-start=\"920\" data-end=\"983\">Aumenta a motiva\u00e7\u00e3o, a criatividade e o desejo de a\u00e7\u00e3o.<\/strong><\/p>\n<\/li>\n<li data-start=\"986\" data-end=\"1039\">\n<p data-start=\"988\" data-end=\"1039\"><strong data-start=\"988\" data-end=\"1037\">Dissipa a apatia, a indecis\u00e3o e o letargo.<\/strong><\/p>\n<\/li>\n<li data-start=\"1040\" data-end=\"1092\">\n<p data-start=\"1042\" data-end=\"1092\"><strong data-start=\"1042\" data-end=\"1090\">Fortalece a autoestima e o poder pessoal.<\/strong><\/p>\n<\/li>\n<li data-start=\"1093\" data-end=\"1159\">\n<p data-start=\"1095\" data-end=\"1159\"><strong data-start=\"1095\" data-end=\"1159\">Aporta equil\u00edbrio emocional e enfoque em momentos de mudan\u00e7a.<\/strong><\/p>\n<\/li>\n<\/ul>\n<hr data-start=\"1161\" data-end=\"1164\">\n<h3 data-start=\"1166\" data-end=\"1194\"><strong data-start=\"1172\" data-end=\"1194\">Usos recomendados:<\/strong><\/h3>\n<ol data-start=\"1196\" data-end=\"1496\">\n<li data-start=\"1196\" data-end=\"1260\">\n<p data-start=\"1199\" data-end=\"1260\"><strong data-start=\"1199\" data-end=\"1258\">Medita\u00e7\u00f5es para ativar a energia criativa ou sexual.<\/strong><\/p>\n<\/li>\n<li data-start=\"1261\" data-end=\"1318\">\n<p data-start=\"1264\" data-end=\"1318\"><strong data-start=\"1264\" data-end=\"1316\">Rituais de manifesta\u00e7\u00e3o e concretiza\u00e7\u00e3o de metas.<\/strong><\/p>\n<\/li>\n<li data-start=\"1319\" data-end=\"1385\">\n<p data-start=\"1322\" data-end=\"1385\"><strong data-start=\"1322\" data-end=\"1383\">Colocar em espa\u00e7os de trabalho ou estudo para motiva\u00e7\u00e3o.<\/strong><\/p>\n<\/li>\n<li data-start=\"1386\" data-end=\"1438\">\n<p data-start=\"1389\" data-end=\"1438\"><strong data-start=\"1389\" data-end=\"1436\">Usar como amuleto de valor e perseveran\u00e7a.<\/strong><\/p>\n<\/li>\n<li data-start=\"1439\" data-end=\"1496\">\n<p data-start=\"1442\" data-end=\"1496\"><strong data-start=\"1442\" data-end=\"1496\">Terapias energ\u00e9ticas centradas na for\u00e7a vital.<\/strong><\/p>\n<\/li>\n<\/ol>\n","protected":false},"excerpt":{"rendered":"<h3 data-start=\"169\" data-end=\"228\"><strong data-start=\"176\" data-end=\"228\">Ponta de \u00c1gata Cornalina<\/strong><\/h3>\n<pre data-start=\"75\" data-end=\"133\"><span style=\"font-size: 1rem; white-space-collapse: preserve;\">Tamanho 8 cm<\/span><\/pre>\n","protected":false},"featured_media":23686,"comment_status":"open","ping_status":"closed","template":"","meta":[],"product_brand":[],"product_cat":[112,231],"product_tag":[],"class_list":{"0":"post-25611","1":"product","2":"type-product","3":"status-publish","4":"has-post-thumbnail","6":"product_cat-minerais","7":"product_cat-pontas","9":"first","10":"instock","11":"shipping-taxable","12":"purchasable","13":"product-type-simple"},"_links":{"self":[{"href":"https:\/\/mystikus.dsignpoint.com\/pt-pt\/wp-json\/wp\/v2\/product\/25611","targetHints":{"allow":["GET"]}}],"collection":[{"href":"https:\/\/mystikus.dsignpoint.com\/pt-pt\/wp-json\/wp\/v2\/product"}],"about":[{"href":"https:\/\/mystikus.dsignpoint.com\/pt-pt\/wp-json\/wp\/v2\/types\/product"}],"replies":[{"embeddable":true,"href":"https:\/\/mystikus.dsignpoint.com\/pt-pt\/wp-json\/wp\/v2\/comments?post=25611"}],"wp:featuredmedia":[{"embeddable":true,"href":"https:\/\/mystikus.dsignpoint.com\/pt-pt\/wp-json\/wp\/v2\/media\/23686"}],"wp:attachment":[{"href":"https:\/\/mystikus.dsignpoint.com\/pt-pt\/wp-json\/wp\/v2\/media?parent=25611"}],"wp:term":[{"taxonomy":"product_brand","embeddable":true,"href":"https:\/\/mystikus.dsignpoint.com\/pt-pt\/wp-json\/wp\/v2\/product_brand?post=25611"},{"taxonomy":"product_cat","embeddable":true,"href":"https:\/\/mystikus.dsignpoint.com\/pt-pt\/wp-json\/wp\/v2\/product_cat?post=25611"},{"taxonomy":"product_tag","embeddable":true,"href":"https:\/\/mystikus.dsignpoint.com\/pt-pt\/wp-json\/wp\/v2\/product_tag?post=25611"}],"curies":[{"name":"wp","href":"https:\/\/api.w.org\/{rel}","templated":true}]}}