{"id":25634,"date":"2025-06-30T17:12:50","date_gmt":"2025-06-30T15:12:50","guid":{"rendered":"https:\/\/mystikus.dsignpoint.com\/producto\/ponta-de-quartzo-leitoso\/"},"modified":"2025-06-30T17:12:50","modified_gmt":"2025-06-30T15:12:50","slug":"ponta-de-quartzo-leitoso","status":"publish","type":"product","link":"https:\/\/mystikus.dsignpoint.com\/pt-pt\/producto\/ponta-de-quartzo-leitoso\/","title":{"rendered":"Ponta de Quartzo Leitoso"},"content":{"rendered":"<h3 data-start=\"71\" data-end=\"126\"><strong data-start=\"78\" data-end=\"126\">Descri\u00e7\u00e3o esot\u00e9rica \u2013 Ponta de Quartzo Leitoso<\/strong><\/h3>\n<p data-start=\"216\" data-end=\"264\"><strong data-start=\"216\" data-end=\"240\">Nome do artigo:<\/strong> Ponta de Quartzo Leitoso<\/p>\n<p data-start=\"266\" data-end=\"292\"><strong data-start=\"266\" data-end=\"292\">Descri\u00e7\u00e3o esot\u00e9rica:<\/strong><\/p>\n<p data-start=\"294\" data-end=\"556\">O <strong data-start=\"297\" data-end=\"315\">Quartzo Leitoso<\/strong> \u00e9 uma pedra de <strong data-start=\"333\" data-end=\"377\">pureza, calma interior e orienta\u00e7\u00e3o espiritual<\/strong>. A sua energia suave, mas poderosa, atua como um b\u00e1lsamo para a mente e a alma, ajudando a dissipar pensamentos confusos, a libertar tens\u00f5es e a conectar com a paz profunda do ser. <\/p>\n<p data-start=\"558\" data-end=\"805\">Esta variedade de quartzo est\u00e1 especialmente ligada \u00e0 <strong data-start=\"616\" data-end=\"662\">clareza emocional e \u00e0 sabedoria interior<\/strong>, e \u00e9 considerada uma excelente ferramenta para quem procura respostas dentro de si ou quer refor\u00e7ar a f\u00e9 no seu caminho espiritual.<\/p>\n<p data-start=\"807\" data-end=\"925\">A forma em ponta canaliza a sua energia para objetivos claros, purificando o ambiente e elevando a vibra\u00e7\u00e3o pessoal.<\/p>\n<hr data-start=\"927\" data-end=\"930\">\n<h3 data-start=\"932\" data-end=\"972\"><strong data-start=\"939\" data-end=\"972\">Propriedades esot\u00e9ricas chave:<\/strong><\/h3>\n<ul data-start=\"974\" data-end=\"1289\">\n<li data-start=\"974\" data-end=\"1028\">\n<p data-start=\"976\" data-end=\"1028\"><strong data-start=\"976\" data-end=\"1026\">Purifica a aura e protege de energias densas.<\/strong><\/p>\n<\/li>\n<li data-start=\"1029\" data-end=\"1079\">\n<p data-start=\"1031\" data-end=\"1079\"><strong data-start=\"1031\" data-end=\"1077\">Aporta clareza mental, calma e serenidade.<\/strong><\/p>\n<\/li>\n<li data-start=\"1080\" data-end=\"1152\">\n<p data-start=\"1082\" data-end=\"1152\"><strong data-start=\"1082\" data-end=\"1150\">Facilita a medita\u00e7\u00e3o, o descanso profundo e a introspe\u00e7\u00e3o.<\/strong><\/p>\n<\/li>\n<li data-start=\"1153\" data-end=\"1221\">\n<p data-start=\"1155\" data-end=\"1221\"><strong data-start=\"1155\" data-end=\"1219\">Harmoniza todos os chakras, com \u00eanfase no chakra da coroa.<\/strong><\/p>\n<\/li>\n<li data-start=\"1222\" data-end=\"1289\">\n<p data-start=\"1224\" data-end=\"1289\"><strong data-start=\"1224\" data-end=\"1289\">Ajuda a confiar no processo da vida e a soltar o controlo.<\/strong><\/p>\n<\/li>\n<\/ul>\n<hr data-start=\"1291\" data-end=\"1294\">\n<h3 data-start=\"1296\" data-end=\"1324\"><strong data-start=\"1302\" data-end=\"1324\">Usos recomendados:<\/strong><\/h3>\n<ol data-start=\"1326\" data-end=\"1641\">\n<li data-start=\"1326\" data-end=\"1378\">\n<p data-start=\"1329\" data-end=\"1378\"><strong data-start=\"1329\" data-end=\"1376\">Medita\u00e7\u00f5es de limpeza e calma emocional.<\/strong><\/p>\n<\/li>\n<li data-start=\"1379\" data-end=\"1437\">\n<p data-start=\"1382\" data-end=\"1437\"><strong data-start=\"1382\" data-end=\"1435\">Rituais de paz interior e renova\u00e7\u00e3o espiritual.<\/strong><\/p>\n<\/li>\n<li data-start=\"1438\" data-end=\"1503\">\n<p data-start=\"1441\" data-end=\"1503\"><strong data-start=\"1441\" data-end=\"1501\">Colocar junto \u00e0 cama para promover sonhos tranquilos.<\/strong><\/p>\n<\/li>\n<li data-start=\"1504\" data-end=\"1575\">\n<p data-start=\"1507\" data-end=\"1575\"><strong data-start=\"1507\" data-end=\"1573\">Uso em terapias energ\u00e9ticas como pedra de apoio e equil\u00edbrio.<\/strong><\/p>\n<\/li>\n<li data-start=\"1576\" data-end=\"1641\">\n<p data-start=\"1579\" data-end=\"1641\"><strong data-start=\"1579\" data-end=\"1641\">Elemento harmonizador em espa\u00e7os de medita\u00e7\u00e3o ou cura.<\/strong><\/p>\n<\/li>\n<\/ol>\n","protected":false},"excerpt":{"rendered":"<h3 data-start=\"71\" data-end=\"126\"><strong data-start=\"78\" data-end=\"126\">Ponta de Quartzo Leitoso<\/strong><\/h3>\n<pre data-start=\"107\" data-end=\"168\">Tamanho 7,5 cm<\/pre>\n","protected":false},"featured_media":23682,"comment_status":"open","ping_status":"closed","template":"","meta":[],"product_brand":[],"product_cat":[112,231],"product_tag":[],"class_list":{"0":"post-25634","1":"product","2":"type-product","3":"status-publish","4":"has-post-thumbnail","6":"product_cat-minerais","7":"product_cat-pontas","9":"first","10":"instock","11":"shipping-taxable","12":"purchasable","13":"product-type-simple"},"_links":{"self":[{"href":"https:\/\/mystikus.dsignpoint.com\/pt-pt\/wp-json\/wp\/v2\/product\/25634","targetHints":{"allow":["GET"]}}],"collection":[{"href":"https:\/\/mystikus.dsignpoint.com\/pt-pt\/wp-json\/wp\/v2\/product"}],"about":[{"href":"https:\/\/mystikus.dsignpoint.com\/pt-pt\/wp-json\/wp\/v2\/types\/product"}],"replies":[{"embeddable":true,"href":"https:\/\/mystikus.dsignpoint.com\/pt-pt\/wp-json\/wp\/v2\/comments?post=25634"}],"wp:featuredmedia":[{"embeddable":true,"href":"https:\/\/mystikus.dsignpoint.com\/pt-pt\/wp-json\/wp\/v2\/media\/23682"}],"wp:attachment":[{"href":"https:\/\/mystikus.dsignpoint.com\/pt-pt\/wp-json\/wp\/v2\/media?parent=25634"}],"wp:term":[{"taxonomy":"product_brand","embeddable":true,"href":"https:\/\/mystikus.dsignpoint.com\/pt-pt\/wp-json\/wp\/v2\/product_brand?post=25634"},{"taxonomy":"product_cat","embeddable":true,"href":"https:\/\/mystikus.dsignpoint.com\/pt-pt\/wp-json\/wp\/v2\/product_cat?post=25634"},{"taxonomy":"product_tag","embeddable":true,"href":"https:\/\/mystikus.dsignpoint.com\/pt-pt\/wp-json\/wp\/v2\/product_tag?post=25634"}],"curies":[{"name":"wp","href":"https:\/\/api.w.org\/{rel}","templated":true}]}}