{"id":25639,"date":"2025-06-27T17:32:32","date_gmt":"2025-06-27T15:32:32","guid":{"rendered":"https:\/\/mystikus.dsignpoint.com\/producto\/ponta-de-quartzo-cristal\/"},"modified":"2025-06-27T17:32:32","modified_gmt":"2025-06-27T15:32:32","slug":"ponta-de-quartzo-cristal","status":"publish","type":"product","link":"https:\/\/mystikus.dsignpoint.com\/pt-pt\/producto\/ponta-de-quartzo-cristal\/","title":{"rendered":"Ponta de Quartzo Cristal"},"content":{"rendered":"<h3 data-start=\"138\" data-end=\"200\"><strong data-start=\"144\" data-end=\"200\">Descri\u00e7\u00e3o esot\u00e9rica \u2013 Ponta de Quartzo Cristal<\/strong><\/h3>\n<p data-start=\"202\" data-end=\"255\"><strong data-start=\"202\" data-end=\"226\">Nome do artigo:<\/strong> Ponta de Quartzo Cristal<\/p>\n<p data-start=\"257\" data-end=\"283\"><strong data-start=\"257\" data-end=\"283\">Descri\u00e7\u00e3o esot\u00e9rica:<\/strong><\/p>\n<p data-start=\"285\" data-end=\"600\">O <strong data-start=\"288\" data-end=\"311\">Quartzo Cristal<\/strong> \u00e9 considerado o <strong data-start=\"330\" data-end=\"351\">&#8220;mestre curador&#8221;<\/strong> entre os cristais. \u00c9 uma das pedras mais poderosas para amplificar a energia, a inten\u00e7\u00e3o e a conex\u00e3o espiritual. A sua pureza e clareza simbolizam a luz, a consci\u00eancia e a verdade interior, sendo um canal direto para planos superiores.  <\/p>\n<p data-start=\"602\" data-end=\"768\">A forma de ponta potencia a sua capacidade de dirigir a energia, sendo ideal para medita\u00e7\u00e3o, limpeza energ\u00e9tica, reprograma\u00e7\u00e3o mental e trabalho espiritual profundo.<\/p>\n<hr data-start=\"770\" data-end=\"773\">\n<h3 data-start=\"775\" data-end=\"815\"><strong data-start=\"782\" data-end=\"815\">Propriedades esot\u00e9ricas chave:<\/strong><\/h3>\n<ul data-start=\"817\" data-end=\"1148\">\n<li data-start=\"817\" data-end=\"882\">\n<p data-start=\"819\" data-end=\"882\"><strong data-start=\"819\" data-end=\"880\">Ativa todos os chakras, especialmente o chakra da coroa.<\/strong><\/p>\n<\/li>\n<li data-start=\"883\" data-end=\"950\">\n<p data-start=\"885\" data-end=\"950\"><strong data-start=\"885\" data-end=\"948\">Amplifica a energia de outras pedras e das tuas inten\u00e7\u00f5es.<\/strong><\/p>\n<\/li>\n<li data-start=\"951\" data-end=\"1009\">\n<p data-start=\"953\" data-end=\"1009\"><strong data-start=\"953\" data-end=\"1007\">Purifica a aura e protege contra energias densas.<\/strong><\/p>\n<\/li>\n<li data-start=\"1010\" data-end=\"1088\">\n<p data-start=\"1012\" data-end=\"1088\"><strong data-start=\"1012\" data-end=\"1086\">Favorece a clareza mental, a concentra\u00e7\u00e3o e a sabedoria interior.<\/strong><\/p>\n<\/li>\n<li data-start=\"1089\" data-end=\"1148\">\n<p data-start=\"1091\" data-end=\"1148\"><strong data-start=\"1091\" data-end=\"1148\">Serve como ponte entre o plano f\u00edsico e espiritual.<\/strong><\/p>\n<\/li>\n<\/ul>\n<hr data-start=\"1150\" data-end=\"1153\">\n<h3 data-start=\"1155\" data-end=\"1184\"><strong data-start=\"1162\" data-end=\"1184\">Usos recomendados:<\/strong><\/h3>\n<ol data-start=\"1186\" data-end=\"1528\">\n<li data-start=\"1186\" data-end=\"1261\">\n<p data-start=\"1189\" data-end=\"1261\"><strong data-start=\"1189\" data-end=\"1259\">Medita\u00e7\u00f5es para elevar a vibra\u00e7\u00e3o e conectar com a intui\u00e7\u00e3o.<\/strong><\/p>\n<\/li>\n<li data-start=\"1262\" data-end=\"1313\">\n<p data-start=\"1265\" data-end=\"1313\"><strong data-start=\"1265\" data-end=\"1311\">Rituais de limpeza e recarga energ\u00e9tica.<\/strong><\/p>\n<\/li>\n<li data-start=\"1314\" data-end=\"1391\">\n<p data-start=\"1317\" data-end=\"1391\"><strong data-start=\"1317\" data-end=\"1389\">Colocar em altares ou espa\u00e7os sagrados como amplificador energ\u00e9tico.<\/strong><\/p>\n<\/li>\n<li data-start=\"1392\" data-end=\"1448\">\n<p data-start=\"1395\" data-end=\"1448\"><strong data-start=\"1395\" data-end=\"1446\">Uso em sess\u00f5es de Reiki ou terapias hol\u00edsticas.<\/strong><\/p>\n<\/li>\n<li data-start=\"1449\" data-end=\"1528\">\n<p data-start=\"1452\" data-end=\"1528\"><strong data-start=\"1452\" data-end=\"1528\">Ideal para acompanhar decretos, afirma\u00e7\u00f5es ou programa\u00e7\u00e3o de cristais.<\/strong><\/p>\n<\/li>\n<\/ol>\n","protected":false},"excerpt":{"rendered":"<h3 data-start=\"72\" data-end=\"128\">Ponta de Quartzo Cristal<\/h3>\n<pre data-start=\"107\" data-end=\"168\">Escolha o tamanho<\/pre>\n","protected":false},"featured_media":23678,"comment_status":"open","ping_status":"closed","template":"","meta":[],"product_brand":[],"product_cat":[112,231],"product_tag":[],"class_list":{"0":"post-25639","1":"product","2":"type-product","3":"status-publish","4":"has-post-thumbnail","6":"product_cat-minerais","7":"product_cat-pontas","9":"first","10":"instock","11":"shipping-taxable","12":"purchasable","13":"product-type-variable"},"_links":{"self":[{"href":"https:\/\/mystikus.dsignpoint.com\/pt-pt\/wp-json\/wp\/v2\/product\/25639","targetHints":{"allow":["GET"]}}],"collection":[{"href":"https:\/\/mystikus.dsignpoint.com\/pt-pt\/wp-json\/wp\/v2\/product"}],"about":[{"href":"https:\/\/mystikus.dsignpoint.com\/pt-pt\/wp-json\/wp\/v2\/types\/product"}],"replies":[{"embeddable":true,"href":"https:\/\/mystikus.dsignpoint.com\/pt-pt\/wp-json\/wp\/v2\/comments?post=25639"}],"wp:featuredmedia":[{"embeddable":true,"href":"https:\/\/mystikus.dsignpoint.com\/pt-pt\/wp-json\/wp\/v2\/media\/23678"}],"wp:attachment":[{"href":"https:\/\/mystikus.dsignpoint.com\/pt-pt\/wp-json\/wp\/v2\/media?parent=25639"}],"wp:term":[{"taxonomy":"product_brand","embeddable":true,"href":"https:\/\/mystikus.dsignpoint.com\/pt-pt\/wp-json\/wp\/v2\/product_brand?post=25639"},{"taxonomy":"product_cat","embeddable":true,"href":"https:\/\/mystikus.dsignpoint.com\/pt-pt\/wp-json\/wp\/v2\/product_cat?post=25639"},{"taxonomy":"product_tag","embeddable":true,"href":"https:\/\/mystikus.dsignpoint.com\/pt-pt\/wp-json\/wp\/v2\/product_tag?post=25639"}],"curies":[{"name":"wp","href":"https:\/\/api.w.org\/{rel}","templated":true}]}}