{"id":25645,"date":"2025-06-27T17:17:00","date_gmt":"2025-06-27T15:17:00","guid":{"rendered":"https:\/\/mystikus.dsignpoint.com\/producto\/ponta-de-sodalite\/"},"modified":"2025-06-27T17:17:00","modified_gmt":"2025-06-27T15:17:00","slug":"ponta-de-sodalite","status":"publish","type":"product","link":"https:\/\/mystikus.dsignpoint.com\/pt-pt\/producto\/ponta-de-sodalite\/","title":{"rendered":"Ponta de Sodalite"},"content":{"rendered":"<h3 data-start=\"68\" data-end=\"120\"><strong data-start=\"75\" data-end=\"120\">Descri\u00e7\u00e3o esot\u00e9rica \u2013 Ponta de Sodalite<\/strong><\/h3>\n<p data-start=\"122\" data-end=\"164\"><strong data-start=\"122\" data-end=\"146\">Nome do artigo:<\/strong> Ponta de Sodalite<\/p>\n<p data-start=\"166\" data-end=\"192\"><strong data-start=\"166\" data-end=\"192\">Descri\u00e7\u00e3o esot\u00e9rica:<\/strong><\/p>\n<p data-start=\"194\" data-end=\"536\">A <strong data-start=\"197\" data-end=\"209\">Sodalite<\/strong> \u00e9 uma pedra profundamente associada \u00e0 <strong data-start=\"254\" data-end=\"305\">sabedoria, \u00e0 intui\u00e7\u00e3o e \u00e0 comunica\u00e7\u00e3o clara<\/strong>. A sua energia ativa o chakra do terceiro olho, ajudando a expandir a perce\u00e7\u00e3o interior, a fortalecer a mente racional e a abrir a intui\u00e7\u00e3o espiritual. Tamb\u00e9m harmoniza o chakra da garganta, favorecendo a express\u00e3o aut\u00eantica.  <\/p>\n<p data-start=\"538\" data-end=\"734\">Esta ponta de sodalite atua como um canalizador de clareza mental e equil\u00edbrio emocional, ideal para quem procura acalmar pensamentos ca\u00f3ticos e melhorar a sua capacidade de an\u00e1lise e compreens\u00e3o.<\/p>\n<hr data-start=\"736\" data-end=\"739\">\n<h3 data-start=\"741\" data-end=\"781\"><strong data-start=\"748\" data-end=\"781\">Propriedades esot\u00e9ricas chave:<\/strong><\/h3>\n<ul data-start=\"783\" data-end=\"1012\">\n<li data-start=\"783\" data-end=\"834\">\n<p data-start=\"785\" data-end=\"834\"><strong data-start=\"785\" data-end=\"832\">Estimula a intui\u00e7\u00e3o e a vis\u00e3o interior.<\/strong><\/p>\n<\/li>\n<li data-start=\"835\" data-end=\"885\">\n<p data-start=\"837\" data-end=\"885\"><strong data-start=\"837\" data-end=\"883\">Promove a comunica\u00e7\u00e3o honesta e fluida.<\/strong><\/p>\n<\/li>\n<li data-start=\"886\" data-end=\"932\">\n<p data-start=\"888\" data-end=\"932\"><strong data-start=\"888\" data-end=\"930\">Alivia a ansiedade e o stress mental.<\/strong><\/p>\n<\/li>\n<li data-start=\"933\" data-end=\"978\">\n<p data-start=\"935\" data-end=\"978\"><strong data-start=\"935\" data-end=\"976\">Fomenta a autoconfian\u00e7a e a l\u00f3gica.<\/strong><\/p>\n<\/li>\n<li data-start=\"979\" data-end=\"1012\">\n<p data-start=\"981\" data-end=\"1012\"><strong data-start=\"981\" data-end=\"1012\">Harmoniza mente e emo\u00e7\u00f5es.<\/strong><\/p>\n<\/li>\n<\/ul>\n<hr data-start=\"1014\" data-end=\"1017\">\n<h3 data-start=\"1019\" data-end=\"1047\"><strong data-start=\"1025\" data-end=\"1047\">Usos recomendados:<\/strong><\/h3>\n<ol data-start=\"1049\" data-end=\"1363\">\n<li data-start=\"1049\" data-end=\"1098\">\n<p data-start=\"1052\" data-end=\"1098\"><strong data-start=\"1052\" data-end=\"1096\">Medita\u00e7\u00f5es para ativar o terceiro olho.<\/strong><\/p>\n<\/li>\n<li data-start=\"1099\" data-end=\"1150\">\n<p data-start=\"1102\" data-end=\"1150\"><strong data-start=\"1102\" data-end=\"1148\">Terapias de equil\u00edbrio emocional e mental.<\/strong><\/p>\n<\/li>\n<li data-start=\"1151\" data-end=\"1223\">\n<p data-start=\"1154\" data-end=\"1223\"><strong data-start=\"1154\" data-end=\"1221\">Colocar em secret\u00e1rias ou locais de estudo para concentra\u00e7\u00e3o.<\/strong><\/p>\n<\/li>\n<li data-start=\"1224\" data-end=\"1289\">\n<p data-start=\"1227\" data-end=\"1289\"><strong data-start=\"1227\" data-end=\"1287\">Rituais de clareza, comunica\u00e7\u00e3o ou tomada de decis\u00f5es.<\/strong><\/p>\n<\/li>\n<li data-start=\"1290\" data-end=\"1363\">\n<p data-start=\"1293\" data-end=\"1363\"><strong data-start=\"1293\" data-end=\"1363\">Levar durante exames ou entrevistas para potenciar a express\u00e3o.<\/strong><\/p>\n<\/li>\n<\/ol>\n","protected":false},"excerpt":{"rendered":"<h3 data-start=\"271\" data-end=\"331\">Ponta de Sodalite<\/h3>\n<pre data-start=\"107\" data-end=\"168\">Escolha o tamanho<\/pre>\n","protected":false},"featured_media":23674,"comment_status":"open","ping_status":"closed","template":"","meta":[],"product_brand":[],"product_cat":[112,231],"product_tag":[],"class_list":{"0":"post-25645","1":"product","2":"type-product","3":"status-publish","4":"has-post-thumbnail","6":"product_cat-minerais","7":"product_cat-pontas","9":"first","10":"instock","11":"shipping-taxable","12":"purchasable","13":"product-type-variable"},"_links":{"self":[{"href":"https:\/\/mystikus.dsignpoint.com\/pt-pt\/wp-json\/wp\/v2\/product\/25645","targetHints":{"allow":["GET"]}}],"collection":[{"href":"https:\/\/mystikus.dsignpoint.com\/pt-pt\/wp-json\/wp\/v2\/product"}],"about":[{"href":"https:\/\/mystikus.dsignpoint.com\/pt-pt\/wp-json\/wp\/v2\/types\/product"}],"replies":[{"embeddable":true,"href":"https:\/\/mystikus.dsignpoint.com\/pt-pt\/wp-json\/wp\/v2\/comments?post=25645"}],"wp:featuredmedia":[{"embeddable":true,"href":"https:\/\/mystikus.dsignpoint.com\/pt-pt\/wp-json\/wp\/v2\/media\/23674"}],"wp:attachment":[{"href":"https:\/\/mystikus.dsignpoint.com\/pt-pt\/wp-json\/wp\/v2\/media?parent=25645"}],"wp:term":[{"taxonomy":"product_brand","embeddable":true,"href":"https:\/\/mystikus.dsignpoint.com\/pt-pt\/wp-json\/wp\/v2\/product_brand?post=25645"},{"taxonomy":"product_cat","embeddable":true,"href":"https:\/\/mystikus.dsignpoint.com\/pt-pt\/wp-json\/wp\/v2\/product_cat?post=25645"},{"taxonomy":"product_tag","embeddable":true,"href":"https:\/\/mystikus.dsignpoint.com\/pt-pt\/wp-json\/wp\/v2\/product_tag?post=25645"}],"curies":[{"name":"wp","href":"https:\/\/api.w.org\/{rel}","templated":true}]}}