{"id":25665,"date":"2025-06-27T17:24:52","date_gmt":"2025-06-27T15:24:52","guid":{"rendered":"https:\/\/mystikus.dsignpoint.com\/producto\/ponta-de-olho-de-tigre\/"},"modified":"2025-06-27T17:24:52","modified_gmt":"2025-06-27T15:24:52","slug":"ponta-de-olho-de-tigre","status":"publish","type":"product","link":"https:\/\/mystikus.dsignpoint.com\/pt-pt\/producto\/ponta-de-olho-de-tigre\/","title":{"rendered":"Ponta de Olho de Tigre"},"content":{"rendered":"<h3 data-start=\"72\" data-end=\"128\"><strong data-start=\"79\" data-end=\"128\">Descri\u00e7\u00e3o esot\u00e9rica \u2013 Ponta de Olho de Tigre<\/strong><\/h3>\n<p data-start=\"130\" data-end=\"176\"><strong data-start=\"130\" data-end=\"154\">Nome do artigo:<\/strong> Ponta de Olho de Tigre<\/p>\n<p data-start=\"178\" data-end=\"204\"><strong data-start=\"178\" data-end=\"204\">Descri\u00e7\u00e3o esot\u00e9rica:<\/strong><\/p>\n<p data-start=\"206\" data-end=\"532\">O <strong data-start=\"209\" data-end=\"225\">Olho de Tigre<\/strong> \u00e9 uma pedra de <strong data-start=\"243\" data-end=\"282\">prote\u00e7\u00e3o, for\u00e7a e foco mental<\/strong>. Com o seu brilho dourado e reflexos sedosos, tem sido considerada desde a antiguidade como um talism\u00e3 de boa sorte, poder e clareza. Canaliza a energia do sol e da terra, proporcionando estabilidade emocional e coragem para agir com decis\u00e3o.  <\/p>\n<p data-start=\"534\" data-end=\"731\">Esta ponta dirige a energia protetora e estimulante do Olho de Tigre para os teus objetivos, ajudando a libertar o medo, aumentar a for\u00e7a de vontade e manter-te centrado em momentos de desafio.<\/p>\n<hr data-start=\"733\" data-end=\"736\">\n<h3 data-start=\"738\" data-end=\"778\">\ud83d\udd25 <strong data-start=\"745\" data-end=\"778\">Propriedades esot\u00e9ricas chave:<\/strong><\/h3>\n<ul data-start=\"780\" data-end=\"1033\">\n<li data-start=\"780\" data-end=\"821\">\n<p data-start=\"782\" data-end=\"821\"><strong data-start=\"782\" data-end=\"819\">Ativa o chakra do plexo solar.<\/strong><\/p>\n<\/li>\n<li data-start=\"822\" data-end=\"877\">\n<p data-start=\"824\" data-end=\"877\"><strong data-start=\"824\" data-end=\"875\">Refor\u00e7a a autoestima e a confian\u00e7a pessoal.<\/strong><\/p>\n<\/li>\n<li data-start=\"878\" data-end=\"933\">\n<p data-start=\"880\" data-end=\"933\"><strong data-start=\"880\" data-end=\"931\">Protege contra energias negativas e mau-olhado.<\/strong><\/p>\n<\/li>\n<li data-start=\"934\" data-end=\"992\">\n<p data-start=\"936\" data-end=\"992\"><strong data-start=\"936\" data-end=\"990\">Favorece a tomada de decis\u00f5es claras e corajosas.<\/strong><\/p>\n<\/li>\n<li data-start=\"993\" data-end=\"1033\">\n<p data-start=\"995\" data-end=\"1033\"><strong data-start=\"995\" data-end=\"1033\">Harmoniza corpo, mente e esp\u00edrito.<\/strong><\/p>\n<\/li>\n<\/ul>\n<hr data-start=\"1035\" data-end=\"1038\">\n<h3 data-start=\"1040\" data-end=\"1069\">\ud83d\udcaa <strong data-start=\"1047\" data-end=\"1069\">Usos recomendados:<\/strong><\/h3>\n<ol data-start=\"1071\" data-end=\"1356\">\n<li data-start=\"1071\" data-end=\"1120\">\n<p data-start=\"1074\" data-end=\"1120\"><strong data-start=\"1074\" data-end=\"1118\">Medita\u00e7\u00f5es de empoderamento pessoal.<\/strong><\/p>\n<\/li>\n<li data-start=\"1121\" data-end=\"1162\">\n<p data-start=\"1124\" data-end=\"1162\"><strong data-start=\"1124\" data-end=\"1160\">Rituais de prote\u00e7\u00e3o e coragem.<\/strong><\/p>\n<\/li>\n<li data-start=\"1163\" data-end=\"1244\">\n<p data-start=\"1166\" data-end=\"1244\"><strong data-start=\"1166\" data-end=\"1242\">Colocar na secret\u00e1ria ou zona de trabalho para foco e determina\u00e7\u00e3o.<\/strong><\/p>\n<\/li>\n<li data-start=\"1245\" data-end=\"1307\">\n<p data-start=\"1248\" data-end=\"1307\"><strong data-start=\"1248\" data-end=\"1305\">Levar contigo em momentos de decis\u00f5es importantes.<\/strong><\/p>\n<\/li>\n<li data-start=\"1308\" data-end=\"1356\">\n<p data-start=\"1311\" data-end=\"1356\"><strong data-start=\"1311\" data-end=\"1356\">Elemento protetor em entradas do lar.<\/strong><\/p>\n<\/li>\n<\/ol>\n","protected":false},"excerpt":{"rendered":"<h3 data-start=\"72\" data-end=\"128\"><strong data-start=\"79\" data-end=\"128\">Ponta de Olho de Tigre<\/strong><\/h3>\n<pre data-start=\"107\" data-end=\"168\">Tamanho 7,5 cm<\/pre>\n","protected":false},"featured_media":23676,"comment_status":"open","ping_status":"closed","template":"","meta":[],"product_brand":[],"product_cat":[112,231],"product_tag":[],"class_list":{"0":"post-25665","1":"product","2":"type-product","3":"status-publish","4":"has-post-thumbnail","6":"product_cat-minerais","7":"product_cat-pontas","9":"first","10":"instock","11":"shipping-taxable","12":"purchasable","13":"product-type-simple"},"_links":{"self":[{"href":"https:\/\/mystikus.dsignpoint.com\/pt-pt\/wp-json\/wp\/v2\/product\/25665","targetHints":{"allow":["GET"]}}],"collection":[{"href":"https:\/\/mystikus.dsignpoint.com\/pt-pt\/wp-json\/wp\/v2\/product"}],"about":[{"href":"https:\/\/mystikus.dsignpoint.com\/pt-pt\/wp-json\/wp\/v2\/types\/product"}],"replies":[{"embeddable":true,"href":"https:\/\/mystikus.dsignpoint.com\/pt-pt\/wp-json\/wp\/v2\/comments?post=25665"}],"wp:featuredmedia":[{"embeddable":true,"href":"https:\/\/mystikus.dsignpoint.com\/pt-pt\/wp-json\/wp\/v2\/media\/23676"}],"wp:attachment":[{"href":"https:\/\/mystikus.dsignpoint.com\/pt-pt\/wp-json\/wp\/v2\/media?parent=25665"}],"wp:term":[{"taxonomy":"product_brand","embeddable":true,"href":"https:\/\/mystikus.dsignpoint.com\/pt-pt\/wp-json\/wp\/v2\/product_brand?post=25665"},{"taxonomy":"product_cat","embeddable":true,"href":"https:\/\/mystikus.dsignpoint.com\/pt-pt\/wp-json\/wp\/v2\/product_cat?post=25665"},{"taxonomy":"product_tag","embeddable":true,"href":"https:\/\/mystikus.dsignpoint.com\/pt-pt\/wp-json\/wp\/v2\/product_tag?post=25665"}],"curies":[{"name":"wp","href":"https:\/\/api.w.org\/{rel}","templated":true}]}}