{"id":25669,"date":"2025-06-27T17:09:49","date_gmt":"2025-06-27T15:09:49","guid":{"rendered":"https:\/\/mystikus.dsignpoint.com\/producto\/ponta-de-ametista-chevron\/"},"modified":"2025-06-27T17:09:49","modified_gmt":"2025-06-27T15:09:49","slug":"ponta-de-ametista-chevron","status":"publish","type":"product","link":"https:\/\/mystikus.dsignpoint.com\/pt-pt\/producto\/ponta-de-ametista-chevron\/","title":{"rendered":"Ponta de Ametista Chevron"},"content":{"rendered":"<h3 data-start=\"271\" data-end=\"331\"><strong data-start=\"278\" data-end=\"331\">Descri\u00e7\u00e3o esot\u00e9rica \u2013 Ponta de Ametista Chevron<\/strong><\/h3>\n<p data-start=\"333\" data-end=\"400\"><strong data-start=\"333\" data-end=\"357\">Nome do artigo:<\/strong> Ponta de Ametista Chevron (Quartzo Chevron)<\/p>\n<p data-start=\"402\" data-end=\"428\"><strong data-start=\"402\" data-end=\"428\">Descri\u00e7\u00e3o esot\u00e9rica:<\/strong><\/p>\n<p data-start=\"430\" data-end=\"792\">A <strong data-start=\"433\" data-end=\"453\">Ametista Chevron<\/strong> \u00e9 uma poderosa pedra espiritual que combina a intui\u00e7\u00e3o da ametista com a clareza do quartzo branco. \u00c9 ideal para aprofundar a medita\u00e7\u00e3o, abrir a perce\u00e7\u00e3o interior e conectar com os planos superiores de consci\u00eancia. A sua vibra\u00e7\u00e3o elevada ajuda a dissolver bloqueios mentais e emocionais, guiando para a verdade interior.  <\/p>\n<p data-start=\"794\" data-end=\"975\">A sua forma em ponta dirige a energia para cima, facilitando a canaliza\u00e7\u00e3o de mensagens espirituais e o desenvolvimento de habilidades ps\u00edquicas como a clarivid\u00eancia ou a intui\u00e7\u00e3o.<\/p>\n<hr data-start=\"977\" data-end=\"980\">\n<h3 data-start=\"982\" data-end=\"1021\"><strong data-start=\"988\" data-end=\"1021\">Propriedades esot\u00e9ricas chave:<\/strong><\/h3>\n<ul data-start=\"1023\" data-end=\"1324\">\n<li data-start=\"1023\" data-end=\"1073\">\n<p data-start=\"1025\" data-end=\"1073\"><strong data-start=\"1025\" data-end=\"1071\">Estimula o terceiro olho e o chakra da coroa.<\/strong><\/p>\n<\/li>\n<li data-start=\"1074\" data-end=\"1145\">\n<p data-start=\"1076\" data-end=\"1145\"><strong data-start=\"1076\" data-end=\"1143\">Facilita o crescimento espiritual e a conex\u00e3o com o divino.<\/strong><\/p>\n<\/li>\n<li data-start=\"1146\" data-end=\"1213\">\n<p data-start=\"1148\" data-end=\"1213\"><strong data-start=\"1148\" data-end=\"1211\">Potencia a medita\u00e7\u00e3o profunda e a prote\u00e7\u00e3o energ\u00e9tica.<\/strong><\/p>\n<\/li>\n<li data-start=\"1214\" data-end=\"1271\">\n<p data-start=\"1216\" data-end=\"1271\"><strong data-start=\"1216\" data-end=\"1269\">Ajuda a quebrar padr\u00f5es de pensamento negativos.<\/strong><\/p>\n<\/li>\n<li data-start=\"1272\" data-end=\"1324\">\n<p data-start=\"1274\" data-end=\"1324\"><strong data-start=\"1274\" data-end=\"1324\">Promove paz, equil\u00edbrio e sabedoria interior.<\/strong><\/p>\n<\/li>\n<\/ul>\n<hr data-start=\"1326\" data-end=\"1329\">\n<h3 data-start=\"1331\" data-end=\"1360\"><strong data-start=\"1338\" data-end=\"1360\">Usos recomendados:<\/strong><\/h3>\n<ol data-start=\"1362\" data-end=\"1648\">\n<li data-start=\"1362\" data-end=\"1408\">\n<p data-start=\"1365\" data-end=\"1408\"><strong data-start=\"1365\" data-end=\"1406\">Medita\u00e7\u00f5es para abrir a intui\u00e7\u00e3o.<\/strong><\/p>\n<\/li>\n<li data-start=\"1409\" data-end=\"1466\">\n<p data-start=\"1412\" data-end=\"1466\"><strong data-start=\"1412\" data-end=\"1464\">Rituais de limpeza energ\u00e9tica e transmuta\u00e7\u00e3o.<\/strong><\/p>\n<\/li>\n<li data-start=\"1467\" data-end=\"1540\">\n<p data-start=\"1470\" data-end=\"1540\"><strong data-start=\"1470\" data-end=\"1538\">Colocar junto \u00e0 cama para sonhos l\u00facidos e descanso profundo.<\/strong><\/p>\n<\/li>\n<li data-start=\"1541\" data-end=\"1597\">\n<p data-start=\"1544\" data-end=\"1597\"><strong data-start=\"1544\" data-end=\"1595\">Uso em sess\u00f5es de Reiki e terapias de energia.<\/strong><\/p>\n<\/li>\n<li data-start=\"1598\" data-end=\"1648\">\n<p data-start=\"1601\" data-end=\"1648\"><strong data-start=\"1601\" data-end=\"1648\">Elemento protetor em altares espirituais.<\/strong><\/p>\n<\/li>\n<\/ol>\n","protected":false},"excerpt":{"rendered":"<h3 data-start=\"271\" data-end=\"331\"><strong data-start=\"278\" data-end=\"331\">Ponta de Ametista Chevron<\/strong><\/h3>\n<pre data-start=\"107\" data-end=\"168\">Escolha o tamanho<\/pre>\n","protected":false},"featured_media":23672,"comment_status":"open","ping_status":"closed","template":"","meta":[],"product_brand":[],"product_cat":[112,231],"product_tag":[],"class_list":{"0":"post-25669","1":"product","2":"type-product","3":"status-publish","4":"has-post-thumbnail","6":"product_cat-minerais","7":"product_cat-pontas","9":"first","10":"instock","11":"shipping-taxable","12":"purchasable","13":"product-type-variable"},"_links":{"self":[{"href":"https:\/\/mystikus.dsignpoint.com\/pt-pt\/wp-json\/wp\/v2\/product\/25669","targetHints":{"allow":["GET"]}}],"collection":[{"href":"https:\/\/mystikus.dsignpoint.com\/pt-pt\/wp-json\/wp\/v2\/product"}],"about":[{"href":"https:\/\/mystikus.dsignpoint.com\/pt-pt\/wp-json\/wp\/v2\/types\/product"}],"replies":[{"embeddable":true,"href":"https:\/\/mystikus.dsignpoint.com\/pt-pt\/wp-json\/wp\/v2\/comments?post=25669"}],"wp:featuredmedia":[{"embeddable":true,"href":"https:\/\/mystikus.dsignpoint.com\/pt-pt\/wp-json\/wp\/v2\/media\/23672"}],"wp:attachment":[{"href":"https:\/\/mystikus.dsignpoint.com\/pt-pt\/wp-json\/wp\/v2\/media?parent=25669"}],"wp:term":[{"taxonomy":"product_brand","embeddable":true,"href":"https:\/\/mystikus.dsignpoint.com\/pt-pt\/wp-json\/wp\/v2\/product_brand?post=25669"},{"taxonomy":"product_cat","embeddable":true,"href":"https:\/\/mystikus.dsignpoint.com\/pt-pt\/wp-json\/wp\/v2\/product_cat?post=25669"},{"taxonomy":"product_tag","embeddable":true,"href":"https:\/\/mystikus.dsignpoint.com\/pt-pt\/wp-json\/wp\/v2\/product_tag?post=25669"}],"curies":[{"name":"wp","href":"https:\/\/api.w.org\/{rel}","templated":true}]}}