{"id":25691,"date":"2025-06-27T16:16:52","date_gmt":"2025-06-27T14:16:52","guid":{"rendered":"https:\/\/mystikus.dsignpoint.com\/producto\/ponta-de-jaspe-zebra-verde\/"},"modified":"2025-06-27T16:16:52","modified_gmt":"2025-06-27T14:16:52","slug":"ponta-de-jaspe-zebra-verde","status":"publish","type":"product","link":"https:\/\/mystikus.dsignpoint.com\/pt-pt\/producto\/ponta-de-jaspe-zebra-verde\/","title":{"rendered":"Ponta de Jaspe Zebra Verde"},"content":{"rendered":"<p data-start=\"331\" data-end=\"357\"><strong data-start=\"331\" data-end=\"357\">Descri\u00e7\u00e3o esot\u00e9rica:<\/strong><\/p>\n<h3 data-start=\"107\" data-end=\"168\"><strong data-start=\"114\" data-end=\"168\">Ponta de Jaspe Zebra Verde<\/strong><\/h3>\n<p data-start=\"170\" data-end=\"510\">O <strong data-start=\"173\" data-end=\"194\">Jaspe Zebra Verde<\/strong> \u00e9 uma pedra de equil\u00edbrio, vitalidade e renova\u00e7\u00e3o. Combinando faixas de verde e preto, esta pedra simboliza a harmonia entre o corpo f\u00edsico e o espiritual. Diz-se que a sua energia revitalizante estimula o crescimento pessoal, fortalece a conex\u00e3o com a natureza e ajuda a encontrar ordem dentro do caos.  <\/p>\n<p data-start=\"512\" data-end=\"756\">Esta ponta canaliza a energia do Jaspe Zebra Verde para cima, facilitando a transforma\u00e7\u00e3o de emo\u00e7\u00f5es densas em clareza e motiva\u00e7\u00e3o. \u00c9 ideal para pessoas que atravessam mudan\u00e7as ou que procuram refocar a sua energia em metas importantes. <\/p>\n<h3 data-start=\"763\" data-end=\"803\">\ud83c\udf3f <strong data-start=\"770\" data-end=\"803\">Propriedades esot\u00e9ricas chave:<\/strong><\/h3>\n<ul data-start=\"805\" data-end=\"1171\">\n<li data-start=\"805\" data-end=\"886\">\n<p data-start=\"807\" data-end=\"886\"><strong data-start=\"807\" data-end=\"829\">Harmonia emocional:<\/strong> Ajuda a equilibrar pensamentos e sentimentos extremos.<\/p>\n<\/li>\n<li data-start=\"887\" data-end=\"984\">\n<p data-start=\"889\" data-end=\"984\"><strong data-start=\"889\" data-end=\"913\">Enraizamento suave:<\/strong> Conecta com a energia da Terra sem perder a leveza espiritual.<\/p>\n<\/li>\n<li data-start=\"985\" data-end=\"1081\">\n<p data-start=\"987\" data-end=\"1081\"><strong data-start=\"987\" data-end=\"1007\">Claridade mental:<\/strong> Dissipa a confus\u00e3o, melhora a concentra\u00e7\u00e3o e fomenta a autodisciplina.<\/p>\n<\/li>\n<li data-start=\"1082\" data-end=\"1171\">\n<p data-start=\"1084\" data-end=\"1171\"><strong data-start=\"1084\" data-end=\"1108\">Energia de cura:<\/strong> Acalma o sistema nervoso e promove a regenera\u00e7\u00e3o interior.<\/p>\n<\/li>\n<\/ul>\n","protected":false},"excerpt":{"rendered":"<pre data-start=\"107\" data-end=\"168\">Ponta de Jaspe Zebra Verde<\/pre>\n<p>Tamanho 9 cm<\/p>\n","protected":false},"featured_media":23666,"comment_status":"open","ping_status":"closed","template":"","meta":[],"product_brand":[],"product_cat":[112,231],"product_tag":[],"class_list":{"0":"post-25691","1":"product","2":"type-product","3":"status-publish","4":"has-post-thumbnail","6":"product_cat-minerais","7":"product_cat-pontas","9":"first","10":"instock","11":"shipping-taxable","12":"purchasable","13":"product-type-simple"},"_links":{"self":[{"href":"https:\/\/mystikus.dsignpoint.com\/pt-pt\/wp-json\/wp\/v2\/product\/25691","targetHints":{"allow":["GET"]}}],"collection":[{"href":"https:\/\/mystikus.dsignpoint.com\/pt-pt\/wp-json\/wp\/v2\/product"}],"about":[{"href":"https:\/\/mystikus.dsignpoint.com\/pt-pt\/wp-json\/wp\/v2\/types\/product"}],"replies":[{"embeddable":true,"href":"https:\/\/mystikus.dsignpoint.com\/pt-pt\/wp-json\/wp\/v2\/comments?post=25691"}],"wp:featuredmedia":[{"embeddable":true,"href":"https:\/\/mystikus.dsignpoint.com\/pt-pt\/wp-json\/wp\/v2\/media\/23666"}],"wp:attachment":[{"href":"https:\/\/mystikus.dsignpoint.com\/pt-pt\/wp-json\/wp\/v2\/media?parent=25691"}],"wp:term":[{"taxonomy":"product_brand","embeddable":true,"href":"https:\/\/mystikus.dsignpoint.com\/pt-pt\/wp-json\/wp\/v2\/product_brand?post=25691"},{"taxonomy":"product_cat","embeddable":true,"href":"https:\/\/mystikus.dsignpoint.com\/pt-pt\/wp-json\/wp\/v2\/product_cat?post=25691"},{"taxonomy":"product_tag","embeddable":true,"href":"https:\/\/mystikus.dsignpoint.com\/pt-pt\/wp-json\/wp\/v2\/product_tag?post=25691"}],"curies":[{"name":"wp","href":"https:\/\/api.w.org\/{rel}","templated":true}]}}