{"id":25715,"date":"2025-06-25T15:05:53","date_gmt":"2025-06-25T13:05:53","guid":{"rendered":"https:\/\/mystikus.dsignpoint.com\/producto\/magia-do-mago-vence-os-inimigos\/"},"modified":"2025-06-25T15:05:53","modified_gmt":"2025-06-25T13:05:53","slug":"magia-do-mago-vence-os-inimigos","status":"publish","type":"product","link":"https:\/\/mystikus.dsignpoint.com\/pt-pt\/producto\/magia-do-mago-vence-os-inimigos\/","title":{"rendered":"Magia do Mago Vence os Inimigos"},"content":{"rendered":"<p><strong>Afasta e Domina os Inimigos<\/strong><br \/>\n<strong>Bloqueia Ataques<\/strong><\/p>\n<p>Cont\u00e9m uma explica\u00e7\u00e3o detalhada \u2013 Ingredientes in\u00e9ditos, segundo as f\u00f3rmulas dos grandes magos.<\/p>\n<p>Com o poder das for\u00e7as ocultas e da luz ancestral, afasta e domina os teus inimigos, bloqueia todo o ataque espiritual e protege a tua energia. Um ritual de for\u00e7a ancestral para cortar o mal desde a sua origem. <\/p>\n<p>As explica\u00e7\u00f5es podem ser solicitadas em qualquer idioma.<\/p>\n","protected":false},"excerpt":{"rendered":"<p><strong>Afasta e Domina os Inimigos<\/strong><br \/>\n<strong>Bloqueia Ataques<\/strong><\/p>\n<p>Cont\u00e9m uma explica\u00e7\u00e3o detalhada \u2013 Ingredientes in\u00e9ditos, segundo as f\u00f3rmulas dos grandes magos.<\/p>\n<p>Com o poder das for\u00e7as ocultas e da luz ancestral, afasta e domina os teus inimigos, bloqueia todo o ataque espiritual e protege a tua energia. Um ritual de for\u00e7a ancestral para cortar o mal desde a sua origem. <\/p>\n<p>As explica\u00e7\u00f5es podem ser solicitadas em qualquer idioma.<\/p>\n","protected":false},"featured_media":23659,"comment_status":"closed","ping_status":"closed","template":"","meta":[],"product_brand":[],"product_cat":[135,184,190,148],"product_tag":[],"class_list":{"0":"post-25715","1":"product","2":"type-product","3":"status-publish","4":"has-post-thumbnail","6":"product_cat-esotericos","7":"product_cat-magia-do-mago","9":"product_cat-mystikus-collection","11":"first","12":"instock","13":"shipping-taxable","14":"purchasable","15":"product-type-simple"},"_links":{"self":[{"href":"https:\/\/mystikus.dsignpoint.com\/pt-pt\/wp-json\/wp\/v2\/product\/25715","targetHints":{"allow":["GET"]}}],"collection":[{"href":"https:\/\/mystikus.dsignpoint.com\/pt-pt\/wp-json\/wp\/v2\/product"}],"about":[{"href":"https:\/\/mystikus.dsignpoint.com\/pt-pt\/wp-json\/wp\/v2\/types\/product"}],"replies":[{"embeddable":true,"href":"https:\/\/mystikus.dsignpoint.com\/pt-pt\/wp-json\/wp\/v2\/comments?post=25715"}],"wp:featuredmedia":[{"embeddable":true,"href":"https:\/\/mystikus.dsignpoint.com\/pt-pt\/wp-json\/wp\/v2\/media\/23659"}],"wp:attachment":[{"href":"https:\/\/mystikus.dsignpoint.com\/pt-pt\/wp-json\/wp\/v2\/media?parent=25715"}],"wp:term":[{"taxonomy":"product_brand","embeddable":true,"href":"https:\/\/mystikus.dsignpoint.com\/pt-pt\/wp-json\/wp\/v2\/product_brand?post=25715"},{"taxonomy":"product_cat","embeddable":true,"href":"https:\/\/mystikus.dsignpoint.com\/pt-pt\/wp-json\/wp\/v2\/product_cat?post=25715"},{"taxonomy":"product_tag","embeddable":true,"href":"https:\/\/mystikus.dsignpoint.com\/pt-pt\/wp-json\/wp\/v2\/product_tag?post=25715"}],"curies":[{"name":"wp","href":"https:\/\/api.w.org\/{rel}","templated":true}]}}