{"id":25750,"date":"2025-06-14T18:01:30","date_gmt":"2025-06-14T16:01:30","guid":{"rendered":"https:\/\/mystikus.dsignpoint.com\/producto\/velon-mil-caras-amarelo\/"},"modified":"2025-06-14T18:01:30","modified_gmt":"2025-06-14T16:01:30","slug":"velon-mil-caras-amarelo","status":"publish","type":"product","link":"https:\/\/mystikus.dsignpoint.com\/pt-pt\/producto\/velon-mil-caras-amarelo\/","title":{"rendered":"V\u00e9lon Mil Caras Amarelo"},"content":{"rendered":"<p><strong>V\u00e9lon Mil Caras Amarelo<\/strong><\/p>\n<p><strong>Sucesso no Neg\u00f3cio, Atrai Vendas, Clientes, Dinheiro e Abund\u00e2ncia<\/strong><\/p>\n<p data-start=\"126\" data-end=\"370\">A <strong data-start=\"129\" data-end=\"147\">vela Mil Caras<\/strong> \u00e9 uma vela esot\u00e9rica especialmente preparada com m\u00faltiplos rostos esculpidos na sua superf\u00edcie, representando diversas energias, esp\u00edritos ou for\u00e7as que atuam em conjunto para te ajudar a alcan\u00e7ar um prop\u00f3sito espec\u00edfico.<\/p>\n<p data-start=\"372\" data-end=\"558\">\u00c9 utilizada em rituais para <strong data-start=\"400\" data-end=\"484\">abrir caminhos, remover obst\u00e1culos, atrair sucesso, dinheiro, amor, sa\u00fade, prote\u00e7\u00e3o<\/strong> e muito mais, dependendo da cor e da inten\u00e7\u00e3o do trabalho espiritual.<\/p>\n<p data-start=\"560\" data-end=\"745\">Cada &#8220;cara&#8221; simboliza uma faceta do universo ou do teu ser interior que \u00e9 ativada durante a queima, amplificando o pedido e fazendo com que o desejo chegue mais r\u00e1pido e com maior for\u00e7a.<\/p>\n<p><em>Cont\u00e9m uma explica\u00e7\u00e3o detalhada \u2013 Ingredientes in\u00e9ditos, segundo as f\u00f3rmulas dos grandes magos.<\/em><\/p>\n<p><em>As explica\u00e7\u00f5es podem ser solicitadas em qualquer idioma.<\/em><\/p>\n","protected":false},"excerpt":{"rendered":"<p><strong>V\u00e9lon Mil Caras Amarelo<\/strong><\/p>\n<p><strong>Sucesso no Neg\u00f3cio, Atrai Vendas, Clientes, Dinheiro e Abund\u00e2ncia<\/strong><\/p>\n","protected":false},"featured_media":23591,"comment_status":"open","ping_status":"closed","template":"","meta":[],"product_brand":[],"product_cat":[135,148,234],"product_tag":[],"class_list":{"0":"post-25750","1":"product","2":"type-product","3":"status-publish","4":"has-post-thumbnail","6":"product_cat-esotericos","7":"product_cat-mystikus-collection","8":"product_cat-velas","10":"first","11":"instock","12":"shipping-taxable","13":"purchasable","14":"product-type-simple"},"_links":{"self":[{"href":"https:\/\/mystikus.dsignpoint.com\/pt-pt\/wp-json\/wp\/v2\/product\/25750","targetHints":{"allow":["GET"]}}],"collection":[{"href":"https:\/\/mystikus.dsignpoint.com\/pt-pt\/wp-json\/wp\/v2\/product"}],"about":[{"href":"https:\/\/mystikus.dsignpoint.com\/pt-pt\/wp-json\/wp\/v2\/types\/product"}],"replies":[{"embeddable":true,"href":"https:\/\/mystikus.dsignpoint.com\/pt-pt\/wp-json\/wp\/v2\/comments?post=25750"}],"wp:featuredmedia":[{"embeddable":true,"href":"https:\/\/mystikus.dsignpoint.com\/pt-pt\/wp-json\/wp\/v2\/media\/23591"}],"wp:attachment":[{"href":"https:\/\/mystikus.dsignpoint.com\/pt-pt\/wp-json\/wp\/v2\/media?parent=25750"}],"wp:term":[{"taxonomy":"product_brand","embeddable":true,"href":"https:\/\/mystikus.dsignpoint.com\/pt-pt\/wp-json\/wp\/v2\/product_brand?post=25750"},{"taxonomy":"product_cat","embeddable":true,"href":"https:\/\/mystikus.dsignpoint.com\/pt-pt\/wp-json\/wp\/v2\/product_cat?post=25750"},{"taxonomy":"product_tag","embeddable":true,"href":"https:\/\/mystikus.dsignpoint.com\/pt-pt\/wp-json\/wp\/v2\/product_tag?post=25750"}],"curies":[{"name":"wp","href":"https:\/\/api.w.org\/{rel}","templated":true}]}}